

{"id":1513,"date":"2021-06-08T10:28:30","date_gmt":"2021-06-08T08:28:30","guid":{"rendered":"http:\/\/www.zacasno.eu\/lisac-shop\/?post_type=product&#038;p=1513"},"modified":"2021-08-13T07:48:12","modified_gmt":"2021-08-13T05:48:12","slug":"kako-v-trenutku-pridobiti-zaupanje-vpliv-in-odnos","status":"publish","type":"product","link":"https:\/\/www.lisac-lisac.si\/knjigarna\/marketing-in-prodaja\/kako-v-trenutku-pridobiti-zaupanje-vpliv-in-odnos\/","title":{"rendered":"Kako v trenutku pridobiti zaupanje, vpliv in odnos?"},"content":{"rendered":"","protected":false},"excerpt":{"rendered":"<p><b>Zakaj prodajalci ne morejo prodati, stranke pa no\u010dejo prisluhniti?<\/b><\/p>\n<div>Ne gre za to, kak\u0161na je predstavitev. Ali cena. Ali prodajal\u010dev zadah.<\/div>\n<div><\/div>\n<div>Temve\u010d gre samo za prvih nekaj \u010darobnih sekund, ko prodajalec sre\u010da svojo potencialno stranko. Kaj se zgodi?<\/div>\n<div><\/div>\n<div>V prvih nekaj sekundah se potencialna stranka odlo\u010di:<\/div>\n<div><\/div>\n<div>1. Da vam bo zaupala. Vam verjela.<\/div>\n<div>ali<\/div>\n<div>2. Vklopila opozorilni alarm pred prodajalcem. Uporabila filter \u00bbprelepo, da bi bilo res\u00ab. Postala skepti\u010dna. Se za\u010dela spra\u0161evati, v \u010dem je \u00bbpast\u00ab.<\/div>\n<div>Ta odlo\u010ditev je takoj\u0161nja, in, \u017eal, po navadi tudi dokon\u010dna.<\/div>\n<div><\/div>\n<div>Tom &#8216;Veliki Al&#8217; Schreiter nam v knjigi poka\u017ee, kako v nekaj sekundah zgraditi vez zaupanja in prepri\u010danja s potencialno stranko.<\/div>\n<div><\/div>\n<div>Kako?<\/div>\n<div><\/div>\n<div>Z neposrednim nagovorom tistega dela mo\u017eganov, ki sprejema odlo\u010ditve \u2013 z nagovorom podzavesti.<\/div>\n<div><\/div>\n<div>Vendar naj vas ne skrbi. To ni ni\u010d te\u017ekega. Spoznali boste preproste \u0161tiri- in pet\u010drkovne besede, mikro povedi in preproste, naravne tehnike, ki jih lahko obvladate \u017ee v kratkem \u010dasu.<\/div>\n<div><\/div>\n<div>Va\u0161a naloga je prenesti sporo\u010dilo v glavo va\u0161e stranke, tako da bo imela izbiro. \u010ce ne morete dose\u010di, da vam bo potencialna stranka zaupala in verjela, ji v resnici sporo\u010dila sploh ne dajete.<\/div>\n<div><\/div>\n<div>Uporabite te preverjene, preproste tehnike, s katerimi boste v trenutku zgradili tak\u0161en odnos s potencialno stranko, da bo vse drugo \u2026 preprosto.<\/div>\n","protected":false},"featured_media":2058,"comment_status":"open","ping_status":"closed","template":"","meta":[],"product_cat":[101],"product_tag":[],"class_list":{"0":"post-1513","1":"product","2":"type-product","3":"status-publish","4":"has-post-thumbnail","6":"authors-tom-schreiter","7":"product_cat-marketing-in-prodaja","9":"first","10":"instock","11":"taxable","12":"shipping-taxable","13":"purchasable","14":"product-type-simple"},"yoast_head":"<!-- This site is optimized with the Yoast SEO plugin v23.2 - https:\/\/yoast.com\/wordpress\/plugins\/seo\/ -->\n<title>Kako v trenutku pridobiti zaupanje, vpliv in odnos? - Lisac-lisac.si<\/title>\n<meta name=\"robots\" content=\"noindex, follow, max-snippet:-1, max-image-preview:large, max-video-preview:-1\" \/>\n<meta property=\"og:locale\" content=\"sl_SI\" \/>\n<meta property=\"og:type\" content=\"article\" \/>\n<meta property=\"og:title\" content=\"Kako v trenutku pridobiti zaupanje, vpliv in odnos? - Lisac-lisac.si\" \/>\n<meta property=\"og:description\" content=\"Zakaj prodajalci ne morejo prodati, stranke pa no\u010dejo prisluhniti? Ne gre za to, kak\u0161na je predstavitev. Ali cena. Ali prodajal\u010dev zadah.  Temve\u010d gre samo za prvih nekaj \u010darobnih sekund, ko prodajalec sre\u010da svojo potencialno stranko. Kaj se zgodi?  V prvih nekaj sekundah se potencialna stranka odlo\u010di:  1. Da vam bo zaupala. Vam verjela. ali 2. Vklopila opozorilni alarm pred prodajalcem. Uporabila filter \u00bbprelepo, da bi bilo res\u00ab. Postala skepti\u010dna. Se za\u010dela spra\u0161evati, v \u010dem je \u00bbpast\u00ab. Ta odlo\u010ditev je takoj\u0161nja, in, \u017eal, po navadi tudi dokon\u010dna.  Tom &#039;Veliki Al&#039; Schreiter nam v knjigi poka\u017ee, kako v nekaj sekundah zgraditi vez zaupanja in prepri\u010danja s potencialno stranko.  Kako?  Z neposrednim nagovorom tistega dela mo\u017eganov, ki sprejema odlo\u010ditve \u2013 z nagovorom podzavesti.  Vendar naj vas ne skrbi. To ni ni\u010d te\u017ekega. Spoznali boste preproste \u0161tiri- in pet\u010drkovne besede, mikro povedi in preproste, naravne tehnike, ki jih lahko obvladate \u017ee v kratkem \u010dasu.  Va\u0161a naloga je prenesti sporo\u010dilo v glavo va\u0161e stranke, tako da bo imela izbiro. \u010ce ne morete dose\u010di, da vam bo potencialna stranka zaupala in verjela, ji v resnici sporo\u010dila sploh ne dajete.  Uporabite te preverjene, preproste tehnike, s katerimi boste v trenutku zgradili tak\u0161en odnos s potencialno stranko, da bo vse drugo \u2026 preprosto.\" \/>\n<meta property=\"og:url\" content=\"https:\/\/www.lisac-lisac.si\/knjigarna\/marketing-in-prodaja\/kako-v-trenutku-pridobiti-zaupanje-vpliv-in-odnos\/\" \/>\n<meta property=\"og:site_name\" content=\"Lisac-lisac.si\" \/>\n<meta property=\"article:modified_time\" content=\"2021-08-13T05:48:12+00:00\" \/>\n<meta property=\"og:image\" content=\"https:\/\/www.lisac-lisac.si\/knjigarna\/wp-content\/uploads\/2021\/06\/kako-v-trenutku-pridobiti-zaupanje.jpg\" \/>\n\t<meta property=\"og:image:width\" content=\"889\" \/>\n\t<meta property=\"og:image:height\" content=\"1264\" \/>\n\t<meta property=\"og:image:type\" content=\"image\/jpeg\" \/>\n<meta name=\"twitter:card\" content=\"summary_large_image\" \/>\n<script type=\"application\/ld+json\" class=\"yoast-schema-graph\">{\"@context\":\"https:\/\/schema.org\",\"@graph\":[{\"@type\":\"WebPage\",\"@id\":\"https:\/\/www.lisac-lisac.si\/knjigarna\/marketing-in-prodaja\/kako-v-trenutku-pridobiti-zaupanje-vpliv-in-odnos\/\",\"url\":\"https:\/\/www.lisac-lisac.si\/knjigarna\/marketing-in-prodaja\/kako-v-trenutku-pridobiti-zaupanje-vpliv-in-odnos\/\",\"name\":\"Kako v trenutku pridobiti zaupanje, vpliv in odnos? - Lisac-lisac.si\",\"isPartOf\":{\"@id\":\"https:\/\/www.lisac-lisac.si\/knjigarna\/#website\"},\"primaryImageOfPage\":{\"@id\":\"https:\/\/www.lisac-lisac.si\/knjigarna\/marketing-in-prodaja\/kako-v-trenutku-pridobiti-zaupanje-vpliv-in-odnos\/#primaryimage\"},\"image\":{\"@id\":\"https:\/\/www.lisac-lisac.si\/knjigarna\/marketing-in-prodaja\/kako-v-trenutku-pridobiti-zaupanje-vpliv-in-odnos\/#primaryimage\"},\"thumbnailUrl\":\"https:\/\/www.lisac-lisac.si\/knjigarna\/wp-content\/uploads\/2021\/06\/kako-v-trenutku-pridobiti-zaupanje.jpg\",\"datePublished\":\"2021-06-08T08:28:30+00:00\",\"dateModified\":\"2021-08-13T05:48:12+00:00\",\"breadcrumb\":{\"@id\":\"https:\/\/www.lisac-lisac.si\/knjigarna\/marketing-in-prodaja\/kako-v-trenutku-pridobiti-zaupanje-vpliv-in-odnos\/#breadcrumb\"},\"inLanguage\":\"sl-SI\",\"potentialAction\":[{\"@type\":\"ReadAction\",\"target\":[\"https:\/\/www.lisac-lisac.si\/knjigarna\/marketing-in-prodaja\/kako-v-trenutku-pridobiti-zaupanje-vpliv-in-odnos\/\"]}]},{\"@type\":\"ImageObject\",\"inLanguage\":\"sl-SI\",\"@id\":\"https:\/\/www.lisac-lisac.si\/knjigarna\/marketing-in-prodaja\/kako-v-trenutku-pridobiti-zaupanje-vpliv-in-odnos\/#primaryimage\",\"url\":\"https:\/\/www.lisac-lisac.si\/knjigarna\/wp-content\/uploads\/2021\/06\/kako-v-trenutku-pridobiti-zaupanje.jpg\",\"contentUrl\":\"https:\/\/www.lisac-lisac.si\/knjigarna\/wp-content\/uploads\/2021\/06\/kako-v-trenutku-pridobiti-zaupanje.jpg\",\"width\":889,\"height\":1264},{\"@type\":\"BreadcrumbList\",\"@id\":\"https:\/\/www.lisac-lisac.si\/knjigarna\/marketing-in-prodaja\/kako-v-trenutku-pridobiti-zaupanje-vpliv-in-odnos\/#breadcrumb\",\"itemListElement\":[{\"@type\":\"ListItem\",\"position\":1,\"name\":\"Domov\",\"item\":\"https:\/\/www.lisac-lisac.si\/knjigarna\/\"},{\"@type\":\"ListItem\",\"position\":2,\"name\":\"Knjigarna\",\"item\":\"https:\/\/www.lisac-lisac.si\/knjigarna\/knjigarna\/\"},{\"@type\":\"ListItem\",\"position\":3,\"name\":\"Kako v trenutku pridobiti zaupanje, vpliv in odnos?\"}]},{\"@type\":\"WebSite\",\"@id\":\"https:\/\/www.lisac-lisac.si\/knjigarna\/#website\",\"url\":\"https:\/\/www.lisac-lisac.si\/knjigarna\/\",\"name\":\"Lisac-lisac.si\",\"description\":\"Knjige in seminarji za podjetnike.\",\"potentialAction\":[{\"@type\":\"SearchAction\",\"target\":{\"@type\":\"EntryPoint\",\"urlTemplate\":\"https:\/\/www.lisac-lisac.si\/knjigarna\/?s={search_term_string}\"},\"query-input\":\"required name=search_term_string\"}],\"inLanguage\":\"sl-SI\"}]}<\/script>\n<!-- \/ Yoast SEO plugin. -->","yoast_head_json":{"title":"Kako v trenutku pridobiti zaupanje, vpliv in odnos? - Lisac-lisac.si","robots":{"index":"noindex","follow":"follow","max-snippet":"max-snippet:-1","max-image-preview":"max-image-preview:large","max-video-preview":"max-video-preview:-1"},"og_locale":"sl_SI","og_type":"article","og_title":"Kako v trenutku pridobiti zaupanje, vpliv in odnos? - Lisac-lisac.si","og_description":"Zakaj prodajalci ne morejo prodati, stranke pa no\u010dejo prisluhniti? Ne gre za to, kak\u0161na je predstavitev. Ali cena. Ali prodajal\u010dev zadah.  Temve\u010d gre samo za prvih nekaj \u010darobnih sekund, ko prodajalec sre\u010da svojo potencialno stranko. Kaj se zgodi?  V prvih nekaj sekundah se potencialna stranka odlo\u010di:  1. Da vam bo zaupala. Vam verjela. ali 2. Vklopila opozorilni alarm pred prodajalcem. Uporabila filter \u00bbprelepo, da bi bilo res\u00ab. Postala skepti\u010dna. Se za\u010dela spra\u0161evati, v \u010dem je \u00bbpast\u00ab. Ta odlo\u010ditev je takoj\u0161nja, in, \u017eal, po navadi tudi dokon\u010dna.  Tom 'Veliki Al' Schreiter nam v knjigi poka\u017ee, kako v nekaj sekundah zgraditi vez zaupanja in prepri\u010danja s potencialno stranko.  Kako?  Z neposrednim nagovorom tistega dela mo\u017eganov, ki sprejema odlo\u010ditve \u2013 z nagovorom podzavesti.  Vendar naj vas ne skrbi. To ni ni\u010d te\u017ekega. Spoznali boste preproste \u0161tiri- in pet\u010drkovne besede, mikro povedi in preproste, naravne tehnike, ki jih lahko obvladate \u017ee v kratkem \u010dasu.  Va\u0161a naloga je prenesti sporo\u010dilo v glavo va\u0161e stranke, tako da bo imela izbiro. \u010ce ne morete dose\u010di, da vam bo potencialna stranka zaupala in verjela, ji v resnici sporo\u010dila sploh ne dajete.  Uporabite te preverjene, preproste tehnike, s katerimi boste v trenutku zgradili tak\u0161en odnos s potencialno stranko, da bo vse drugo \u2026 preprosto.","og_url":"https:\/\/www.lisac-lisac.si\/knjigarna\/marketing-in-prodaja\/kako-v-trenutku-pridobiti-zaupanje-vpliv-in-odnos\/","og_site_name":"Lisac-lisac.si","article_modified_time":"2021-08-13T05:48:12+00:00","og_image":[{"width":889,"height":1264,"url":"https:\/\/www.lisac-lisac.si\/knjigarna\/wp-content\/uploads\/2021\/06\/kako-v-trenutku-pridobiti-zaupanje.jpg","type":"image\/jpeg"}],"twitter_card":"summary_large_image","schema":{"@context":"https:\/\/schema.org","@graph":[{"@type":"WebPage","@id":"https:\/\/www.lisac-lisac.si\/knjigarna\/marketing-in-prodaja\/kako-v-trenutku-pridobiti-zaupanje-vpliv-in-odnos\/","url":"https:\/\/www.lisac-lisac.si\/knjigarna\/marketing-in-prodaja\/kako-v-trenutku-pridobiti-zaupanje-vpliv-in-odnos\/","name":"Kako v trenutku pridobiti zaupanje, vpliv in odnos? - Lisac-lisac.si","isPartOf":{"@id":"https:\/\/www.lisac-lisac.si\/knjigarna\/#website"},"primaryImageOfPage":{"@id":"https:\/\/www.lisac-lisac.si\/knjigarna\/marketing-in-prodaja\/kako-v-trenutku-pridobiti-zaupanje-vpliv-in-odnos\/#primaryimage"},"image":{"@id":"https:\/\/www.lisac-lisac.si\/knjigarna\/marketing-in-prodaja\/kako-v-trenutku-pridobiti-zaupanje-vpliv-in-odnos\/#primaryimage"},"thumbnailUrl":"https:\/\/www.lisac-lisac.si\/knjigarna\/wp-content\/uploads\/2021\/06\/kako-v-trenutku-pridobiti-zaupanje.jpg","datePublished":"2021-06-08T08:28:30+00:00","dateModified":"2021-08-13T05:48:12+00:00","breadcrumb":{"@id":"https:\/\/www.lisac-lisac.si\/knjigarna\/marketing-in-prodaja\/kako-v-trenutku-pridobiti-zaupanje-vpliv-in-odnos\/#breadcrumb"},"inLanguage":"sl-SI","potentialAction":[{"@type":"ReadAction","target":["https:\/\/www.lisac-lisac.si\/knjigarna\/marketing-in-prodaja\/kako-v-trenutku-pridobiti-zaupanje-vpliv-in-odnos\/"]}]},{"@type":"ImageObject","inLanguage":"sl-SI","@id":"https:\/\/www.lisac-lisac.si\/knjigarna\/marketing-in-prodaja\/kako-v-trenutku-pridobiti-zaupanje-vpliv-in-odnos\/#primaryimage","url":"https:\/\/www.lisac-lisac.si\/knjigarna\/wp-content\/uploads\/2021\/06\/kako-v-trenutku-pridobiti-zaupanje.jpg","contentUrl":"https:\/\/www.lisac-lisac.si\/knjigarna\/wp-content\/uploads\/2021\/06\/kako-v-trenutku-pridobiti-zaupanje.jpg","width":889,"height":1264},{"@type":"BreadcrumbList","@id":"https:\/\/www.lisac-lisac.si\/knjigarna\/marketing-in-prodaja\/kako-v-trenutku-pridobiti-zaupanje-vpliv-in-odnos\/#breadcrumb","itemListElement":[{"@type":"ListItem","position":1,"name":"Domov","item":"https:\/\/www.lisac-lisac.si\/knjigarna\/"},{"@type":"ListItem","position":2,"name":"Knjigarna","item":"https:\/\/www.lisac-lisac.si\/knjigarna\/knjigarna\/"},{"@type":"ListItem","position":3,"name":"Kako v trenutku pridobiti zaupanje, vpliv in odnos?"}]},{"@type":"WebSite","@id":"https:\/\/www.lisac-lisac.si\/knjigarna\/#website","url":"https:\/\/www.lisac-lisac.si\/knjigarna\/","name":"Lisac-lisac.si","description":"Knjige in seminarji za podjetnike.","potentialAction":[{"@type":"SearchAction","target":{"@type":"EntryPoint","urlTemplate":"https:\/\/www.lisac-lisac.si\/knjigarna\/?s={search_term_string}"},"query-input":"required name=search_term_string"}],"inLanguage":"sl-SI"}]}},"_links":{"self":[{"href":"https:\/\/www.lisac-lisac.si\/knjigarna\/wp-json\/wp\/v2\/product\/1513","targetHints":{"allow":["GET"]}}],"collection":[{"href":"https:\/\/www.lisac-lisac.si\/knjigarna\/wp-json\/wp\/v2\/product"}],"about":[{"href":"https:\/\/www.lisac-lisac.si\/knjigarna\/wp-json\/wp\/v2\/types\/product"}],"replies":[{"embeddable":true,"href":"https:\/\/www.lisac-lisac.si\/knjigarna\/wp-json\/wp\/v2\/comments?post=1513"}],"wp:featuredmedia":[{"embeddable":true,"href":"https:\/\/www.lisac-lisac.si\/knjigarna\/wp-json\/wp\/v2\/media\/2058"}],"wp:attachment":[{"href":"https:\/\/www.lisac-lisac.si\/knjigarna\/wp-json\/wp\/v2\/media?parent=1513"}],"wp:term":[{"taxonomy":"product_cat","embeddable":true,"href":"https:\/\/www.lisac-lisac.si\/knjigarna\/wp-json\/wp\/v2\/product_cat?post=1513"},{"taxonomy":"product_tag","embeddable":true,"href":"https:\/\/www.lisac-lisac.si\/knjigarna\/wp-json\/wp\/v2\/product_tag?post=1513"}],"curies":[{"name":"wp","href":"https:\/\/api.w.org\/{rel}","templated":true}]}}