

{"id":1522,"date":"2021-06-08T10:53:06","date_gmt":"2021-06-08T08:53:06","guid":{"rendered":"http:\/\/www.zacasno.eu\/lisac-shop\/?post_type=product&#038;p=1522"},"modified":"2024-05-23T13:46:02","modified_gmt":"2024-05-23T11:46:02","slug":"firma-kids","status":"publish","type":"product","link":"https:\/\/www.lisac-lisac.si\/knjigarna\/poslovna-literatura\/firma-kids\/","title":{"rendered":"Firma Kids"},"content":{"rendered":"<p>Igro Firma Kids smo zasnovali, da bi otrokom pribli\u017eali svet podjetni\u0161tva, saj ve\u010dina ljudi sploh ne razume, kako podjetja v resnici poslujejo in od kod prihaja denar.<\/p>\n<p>Zabavna dru\u017einska namizna igra, s katero se bo vsa dru\u017eina nau\u010dila podjetni\u0161kih ve\u0161\u010din.<\/p>\n<p>Otroci bodo razumeli, kako deluje podjetje. Razumeli bodo, kako podjetja slu\u017eijo denar. Razumeli bodo, zakaj so nekatera podjetja bolj, druga manj uspe\u0161na ali neuspe\u0161na.<\/p>\n<p>Firma Kids je idealen pripomo\u010dek za kakovostno in prijetno dru\u017eenje. Medtem ko bo va\u0161 otrok vodil svoje prvo nami\u0161ljeno podjetje, boste lahko ponosno opazovali, kako pridobiva znanje, ki mu bo ostalo za vedno. Firma Kids je odli\u010dna izbira, s katero otroku podarite ogromno znanja, ki ga bo uporabljal vse \u017eivljenje.<\/p>\n<p><a href=\"http:\/\/firmakids.si\/\">Ve\u010d o igri Firma Kids<\/a>.<\/p>\n","protected":false},"excerpt":{"rendered":"<p><strong>Nova, izbolj\u0161ana razli\u010dica! \u017de na voljo.<\/strong><\/p>\n<ul class=\"sc_list sc_list_style_ul\"><li class=\"sc_list_item odd first\">Format: garnitura, trd kartonska embala\u017ea, 31x25x4cm<\/li><\/ul>\n","protected":false},"featured_media":2051,"comment_status":"open","ping_status":"closed","template":"","meta":[],"product_cat":[104],"product_tag":[],"class_list":{"0":"post-1522","1":"product","2":"type-product","3":"status-publish","4":"has-post-thumbnail","6":"authors-ales-lisac","7":"authors-blaz-lisac","8":"product_cat-poslovna-literatura","10":"first","11":"instock","12":"taxable","13":"shipping-taxable","14":"purchasable","15":"product-type-simple"},"yoast_head":"<!-- This site is optimized with the Yoast SEO plugin v23.2 - https:\/\/yoast.com\/wordpress\/plugins\/seo\/ -->\n<title>Firma Kids - Lisac-lisac.si<\/title>\n<meta name=\"robots\" content=\"noindex, follow, max-snippet:-1, max-image-preview:large, max-video-preview:-1\" \/>\n<meta property=\"og:locale\" content=\"sl_SI\" \/>\n<meta property=\"og:type\" content=\"article\" \/>\n<meta property=\"og:title\" content=\"Firma Kids - Lisac-lisac.si\" \/>\n<meta property=\"og:description\" content=\"Nova, izbolj\u0161ana razli\u010dica! \u017de na voljo.\" \/>\n<meta property=\"og:url\" content=\"https:\/\/www.lisac-lisac.si\/knjigarna\/poslovna-literatura\/firma-kids\/\" \/>\n<meta property=\"og:site_name\" content=\"Lisac-lisac.si\" \/>\n<meta property=\"article:modified_time\" content=\"2024-05-23T11:46:02+00:00\" \/>\n<meta property=\"og:image\" content=\"https:\/\/www.lisac-lisac.si\/knjigarna\/wp-content\/uploads\/2021\/06\/firma-kids.jpg\" \/>\n\t<meta property=\"og:image:width\" content=\"850\" \/>\n\t<meta property=\"og:image:height\" content=\"1264\" \/>\n\t<meta property=\"og:image:type\" content=\"image\/jpeg\" \/>\n<meta name=\"twitter:card\" content=\"summary_large_image\" \/>\n<meta name=\"twitter:label1\" content=\"Est. reading time\" \/>\n\t<meta name=\"twitter:data1\" content=\"1 minuta\" \/>\n<script type=\"application\/ld+json\" class=\"yoast-schema-graph\">{\"@context\":\"https:\/\/schema.org\",\"@graph\":[{\"@type\":\"WebPage\",\"@id\":\"https:\/\/www.lisac-lisac.si\/knjigarna\/poslovna-literatura\/firma-kids\/\",\"url\":\"https:\/\/www.lisac-lisac.si\/knjigarna\/poslovna-literatura\/firma-kids\/\",\"name\":\"Firma Kids - Lisac-lisac.si\",\"isPartOf\":{\"@id\":\"https:\/\/www.lisac-lisac.si\/knjigarna\/#website\"},\"primaryImageOfPage\":{\"@id\":\"https:\/\/www.lisac-lisac.si\/knjigarna\/poslovna-literatura\/firma-kids\/#primaryimage\"},\"image\":{\"@id\":\"https:\/\/www.lisac-lisac.si\/knjigarna\/poslovna-literatura\/firma-kids\/#primaryimage\"},\"thumbnailUrl\":\"https:\/\/www.lisac-lisac.si\/knjigarna\/wp-content\/uploads\/2021\/06\/firma-kids.jpg\",\"datePublished\":\"2021-06-08T08:53:06+00:00\",\"dateModified\":\"2024-05-23T11:46:02+00:00\",\"breadcrumb\":{\"@id\":\"https:\/\/www.lisac-lisac.si\/knjigarna\/poslovna-literatura\/firma-kids\/#breadcrumb\"},\"inLanguage\":\"sl-SI\",\"potentialAction\":[{\"@type\":\"ReadAction\",\"target\":[\"https:\/\/www.lisac-lisac.si\/knjigarna\/poslovna-literatura\/firma-kids\/\"]}]},{\"@type\":\"ImageObject\",\"inLanguage\":\"sl-SI\",\"@id\":\"https:\/\/www.lisac-lisac.si\/knjigarna\/poslovna-literatura\/firma-kids\/#primaryimage\",\"url\":\"https:\/\/www.lisac-lisac.si\/knjigarna\/wp-content\/uploads\/2021\/06\/firma-kids.jpg\",\"contentUrl\":\"https:\/\/www.lisac-lisac.si\/knjigarna\/wp-content\/uploads\/2021\/06\/firma-kids.jpg\",\"width\":850,\"height\":1264},{\"@type\":\"BreadcrumbList\",\"@id\":\"https:\/\/www.lisac-lisac.si\/knjigarna\/poslovna-literatura\/firma-kids\/#breadcrumb\",\"itemListElement\":[{\"@type\":\"ListItem\",\"position\":1,\"name\":\"Domov\",\"item\":\"https:\/\/www.lisac-lisac.si\/knjigarna\/\"},{\"@type\":\"ListItem\",\"position\":2,\"name\":\"Knjigarna\",\"item\":\"https:\/\/www.lisac-lisac.si\/knjigarna\/knjigarna\/\"},{\"@type\":\"ListItem\",\"position\":3,\"name\":\"Firma Kids\"}]},{\"@type\":\"WebSite\",\"@id\":\"https:\/\/www.lisac-lisac.si\/knjigarna\/#website\",\"url\":\"https:\/\/www.lisac-lisac.si\/knjigarna\/\",\"name\":\"Lisac-lisac.si\",\"description\":\"Knjige in seminarji za podjetnike.\",\"potentialAction\":[{\"@type\":\"SearchAction\",\"target\":{\"@type\":\"EntryPoint\",\"urlTemplate\":\"https:\/\/www.lisac-lisac.si\/knjigarna\/?s={search_term_string}\"},\"query-input\":\"required name=search_term_string\"}],\"inLanguage\":\"sl-SI\"}]}<\/script>\n<!-- \/ Yoast SEO plugin. -->","yoast_head_json":{"title":"Firma Kids - Lisac-lisac.si","robots":{"index":"noindex","follow":"follow","max-snippet":"max-snippet:-1","max-image-preview":"max-image-preview:large","max-video-preview":"max-video-preview:-1"},"og_locale":"sl_SI","og_type":"article","og_title":"Firma Kids - Lisac-lisac.si","og_description":"Nova, izbolj\u0161ana razli\u010dica! \u017de na voljo.","og_url":"https:\/\/www.lisac-lisac.si\/knjigarna\/poslovna-literatura\/firma-kids\/","og_site_name":"Lisac-lisac.si","article_modified_time":"2024-05-23T11:46:02+00:00","og_image":[{"width":850,"height":1264,"url":"https:\/\/www.lisac-lisac.si\/knjigarna\/wp-content\/uploads\/2021\/06\/firma-kids.jpg","type":"image\/jpeg"}],"twitter_card":"summary_large_image","twitter_misc":{"Est. reading time":"1 minuta"},"schema":{"@context":"https:\/\/schema.org","@graph":[{"@type":"WebPage","@id":"https:\/\/www.lisac-lisac.si\/knjigarna\/poslovna-literatura\/firma-kids\/","url":"https:\/\/www.lisac-lisac.si\/knjigarna\/poslovna-literatura\/firma-kids\/","name":"Firma Kids - Lisac-lisac.si","isPartOf":{"@id":"https:\/\/www.lisac-lisac.si\/knjigarna\/#website"},"primaryImageOfPage":{"@id":"https:\/\/www.lisac-lisac.si\/knjigarna\/poslovna-literatura\/firma-kids\/#primaryimage"},"image":{"@id":"https:\/\/www.lisac-lisac.si\/knjigarna\/poslovna-literatura\/firma-kids\/#primaryimage"},"thumbnailUrl":"https:\/\/www.lisac-lisac.si\/knjigarna\/wp-content\/uploads\/2021\/06\/firma-kids.jpg","datePublished":"2021-06-08T08:53:06+00:00","dateModified":"2024-05-23T11:46:02+00:00","breadcrumb":{"@id":"https:\/\/www.lisac-lisac.si\/knjigarna\/poslovna-literatura\/firma-kids\/#breadcrumb"},"inLanguage":"sl-SI","potentialAction":[{"@type":"ReadAction","target":["https:\/\/www.lisac-lisac.si\/knjigarna\/poslovna-literatura\/firma-kids\/"]}]},{"@type":"ImageObject","inLanguage":"sl-SI","@id":"https:\/\/www.lisac-lisac.si\/knjigarna\/poslovna-literatura\/firma-kids\/#primaryimage","url":"https:\/\/www.lisac-lisac.si\/knjigarna\/wp-content\/uploads\/2021\/06\/firma-kids.jpg","contentUrl":"https:\/\/www.lisac-lisac.si\/knjigarna\/wp-content\/uploads\/2021\/06\/firma-kids.jpg","width":850,"height":1264},{"@type":"BreadcrumbList","@id":"https:\/\/www.lisac-lisac.si\/knjigarna\/poslovna-literatura\/firma-kids\/#breadcrumb","itemListElement":[{"@type":"ListItem","position":1,"name":"Domov","item":"https:\/\/www.lisac-lisac.si\/knjigarna\/"},{"@type":"ListItem","position":2,"name":"Knjigarna","item":"https:\/\/www.lisac-lisac.si\/knjigarna\/knjigarna\/"},{"@type":"ListItem","position":3,"name":"Firma Kids"}]},{"@type":"WebSite","@id":"https:\/\/www.lisac-lisac.si\/knjigarna\/#website","url":"https:\/\/www.lisac-lisac.si\/knjigarna\/","name":"Lisac-lisac.si","description":"Knjige in seminarji za podjetnike.","potentialAction":[{"@type":"SearchAction","target":{"@type":"EntryPoint","urlTemplate":"https:\/\/www.lisac-lisac.si\/knjigarna\/?s={search_term_string}"},"query-input":"required name=search_term_string"}],"inLanguage":"sl-SI"}]}},"_links":{"self":[{"href":"https:\/\/www.lisac-lisac.si\/knjigarna\/wp-json\/wp\/v2\/product\/1522","targetHints":{"allow":["GET"]}}],"collection":[{"href":"https:\/\/www.lisac-lisac.si\/knjigarna\/wp-json\/wp\/v2\/product"}],"about":[{"href":"https:\/\/www.lisac-lisac.si\/knjigarna\/wp-json\/wp\/v2\/types\/product"}],"replies":[{"embeddable":true,"href":"https:\/\/www.lisac-lisac.si\/knjigarna\/wp-json\/wp\/v2\/comments?post=1522"}],"wp:featuredmedia":[{"embeddable":true,"href":"https:\/\/www.lisac-lisac.si\/knjigarna\/wp-json\/wp\/v2\/media\/2051"}],"wp:attachment":[{"href":"https:\/\/www.lisac-lisac.si\/knjigarna\/wp-json\/wp\/v2\/media?parent=1522"}],"wp:term":[{"taxonomy":"product_cat","embeddable":true,"href":"https:\/\/www.lisac-lisac.si\/knjigarna\/wp-json\/wp\/v2\/product_cat?post=1522"},{"taxonomy":"product_tag","embeddable":true,"href":"https:\/\/www.lisac-lisac.si\/knjigarna\/wp-json\/wp\/v2\/product_tag?post=1522"}],"curies":[{"name":"wp","href":"https:\/\/api.w.org\/{rel}","templated":true}]}}