

{"id":1524,"date":"2021-06-08T11:12:56","date_gmt":"2021-06-08T09:12:56","guid":{"rendered":"http:\/\/www.zacasno.eu\/lisac-shop\/?post_type=product&#038;p=1524"},"modified":"2021-08-13T07:48:12","modified_gmt":"2021-08-13T05:48:12","slug":"spotikanja-o-sreci","status":"publish","type":"product","link":"https:\/\/www.lisac-lisac.si\/knjigarna\/prirocniki\/spotikanja-o-sreci\/","title":{"rendered":"Spotikanja o sre\u010di"},"content":{"rendered":"<p>Sklicujo\u010d se na najnovej\u0161e znanstvene raziskave s prodo\u010dja psihologije, kognitivne nevroznanosti, filozofije in behavioristike, Gilbert razkriva najnovejpa odkritja o edinstveni \u010dlove\u0161ki lastnosti predstavljati si prihodnost in \u010dlove\u0161ki sposobnosti napovedati, koliko nam bo ta v\u0161e\u010d.<\/p>\n<p>Gilbert prepri\u010dljivo pojasni, zakaj vemo tako malo o \u010dlove\u0161kih mislih in srcih, kakr\u0161ne bomo imeli v prihodnosti.<\/p>\n<p>Spotikanja o sre\u010di je \u010dudovita knjiga o tem, kaj ljudje mislimo, da mislimo &#8230;<\/p>\n<p>&#8220;Mislite, da veste, kaj vas osre\u010duje? Ta v celoti fantasti\u010dna knjiga bo razblinila va\u0161a najgloblja prepri\u010danja o tem, kako delujejo va\u0161i mo\u017egani.&#8221;<\/p>\n<p>&#8211; Steven D. Levitt, avtor knjige <em>Freakonomics<\/em><\/p>\n<p>&#8220;\u010ce vas vsaj malo zanima \u010dlovek in njegovo stanje, morate prebrati to knjigo. Verjemite mi.&#8221;<\/p>\n<p>&#8211; Malcolm Gladwell, avtor knjige <em>Preblisk<\/em><\/p>\n","protected":false},"excerpt":{"rendered":"<p>Sklicujo\u010d se na najnovej\u0161e znanstvene raziskave s prodo\u010dja psihologije, kognitivne nevroznanosti, filozofije in behavioristike, Gilbert razkriva najnovej\u0161a odkritja o edinstveni \u010dlove\u0161ki lastnosti predstavljati si prihodnost in \u010dlove\u0161ki sposobnosti napovedati, koliko nam bo ta v\u0161e\u010d.<\/p>\n<ul class=\"sc_list sc_list_style_ul\"><li class=\"sc_list_item odd first\">Format: 267 strani, 21&#215;14,5 cm<\/li><\/ul>\n","protected":false},"featured_media":2049,"comment_status":"open","ping_status":"closed","template":"","meta":[],"product_cat":[106],"product_tag":[],"class_list":{"0":"post-1524","1":"product","2":"type-product","3":"status-publish","4":"has-post-thumbnail","6":"authors-daniel-gilbert","7":"product_cat-prirocniki","9":"first","10":"instock","11":"taxable","12":"shipping-taxable","13":"purchasable","14":"product-type-simple"},"yoast_head":"<!-- This site is optimized with the Yoast SEO plugin v23.2 - https:\/\/yoast.com\/wordpress\/plugins\/seo\/ -->\n<title>Spotikanja o sre\u010di - Lisac-lisac.si<\/title>\n<meta name=\"robots\" content=\"noindex, follow, max-snippet:-1, max-image-preview:large, max-video-preview:-1\" \/>\n<meta property=\"og:locale\" content=\"sl_SI\" \/>\n<meta property=\"og:type\" content=\"article\" \/>\n<meta property=\"og:title\" content=\"Spotikanja o sre\u010di - Lisac-lisac.si\" \/>\n<meta property=\"og:description\" content=\"Sklicujo\u010d se na najnovej\u0161e znanstvene raziskave s prodo\u010dja psihologije, kognitivne nevroznanosti, filozofije in behavioristike, Gilbert razkriva najnovej\u0161a odkritja o edinstveni \u010dlove\u0161ki lastnosti predstavljati si prihodnost in \u010dlove\u0161ki sposobnosti napovedati, koliko nam bo ta v\u0161e\u010d.\" \/>\n<meta property=\"og:url\" content=\"https:\/\/www.lisac-lisac.si\/knjigarna\/prirocniki\/spotikanja-o-sreci\/\" \/>\n<meta property=\"og:site_name\" content=\"Lisac-lisac.si\" \/>\n<meta property=\"article:modified_time\" content=\"2021-08-13T05:48:12+00:00\" \/>\n<meta property=\"og:image\" content=\"https:\/\/www.lisac-lisac.si\/knjigarna\/wp-content\/uploads\/2021\/06\/spotikanja-o-sreci.jpg\" \/>\n\t<meta property=\"og:image:width\" content=\"890\" \/>\n\t<meta property=\"og:image:height\" content=\"1264\" \/>\n\t<meta property=\"og:image:type\" content=\"image\/jpeg\" \/>\n<meta name=\"twitter:card\" content=\"summary_large_image\" \/>\n<meta name=\"twitter:label1\" content=\"Est. reading time\" \/>\n\t<meta name=\"twitter:data1\" content=\"1 minuta\" \/>\n<script type=\"application\/ld+json\" class=\"yoast-schema-graph\">{\"@context\":\"https:\/\/schema.org\",\"@graph\":[{\"@type\":\"WebPage\",\"@id\":\"https:\/\/www.lisac-lisac.si\/knjigarna\/prirocniki\/spotikanja-o-sreci\/\",\"url\":\"https:\/\/www.lisac-lisac.si\/knjigarna\/prirocniki\/spotikanja-o-sreci\/\",\"name\":\"Spotikanja o sre\u010di - Lisac-lisac.si\",\"isPartOf\":{\"@id\":\"https:\/\/www.lisac-lisac.si\/knjigarna\/#website\"},\"primaryImageOfPage\":{\"@id\":\"https:\/\/www.lisac-lisac.si\/knjigarna\/prirocniki\/spotikanja-o-sreci\/#primaryimage\"},\"image\":{\"@id\":\"https:\/\/www.lisac-lisac.si\/knjigarna\/prirocniki\/spotikanja-o-sreci\/#primaryimage\"},\"thumbnailUrl\":\"https:\/\/www.lisac-lisac.si\/knjigarna\/wp-content\/uploads\/2021\/06\/spotikanja-o-sreci.jpg\",\"datePublished\":\"2021-06-08T09:12:56+00:00\",\"dateModified\":\"2021-08-13T05:48:12+00:00\",\"breadcrumb\":{\"@id\":\"https:\/\/www.lisac-lisac.si\/knjigarna\/prirocniki\/spotikanja-o-sreci\/#breadcrumb\"},\"inLanguage\":\"sl-SI\",\"potentialAction\":[{\"@type\":\"ReadAction\",\"target\":[\"https:\/\/www.lisac-lisac.si\/knjigarna\/prirocniki\/spotikanja-o-sreci\/\"]}]},{\"@type\":\"ImageObject\",\"inLanguage\":\"sl-SI\",\"@id\":\"https:\/\/www.lisac-lisac.si\/knjigarna\/prirocniki\/spotikanja-o-sreci\/#primaryimage\",\"url\":\"https:\/\/www.lisac-lisac.si\/knjigarna\/wp-content\/uploads\/2021\/06\/spotikanja-o-sreci.jpg\",\"contentUrl\":\"https:\/\/www.lisac-lisac.si\/knjigarna\/wp-content\/uploads\/2021\/06\/spotikanja-o-sreci.jpg\",\"width\":890,\"height\":1264},{\"@type\":\"BreadcrumbList\",\"@id\":\"https:\/\/www.lisac-lisac.si\/knjigarna\/prirocniki\/spotikanja-o-sreci\/#breadcrumb\",\"itemListElement\":[{\"@type\":\"ListItem\",\"position\":1,\"name\":\"Domov\",\"item\":\"https:\/\/www.lisac-lisac.si\/knjigarna\/\"},{\"@type\":\"ListItem\",\"position\":2,\"name\":\"Knjigarna\",\"item\":\"https:\/\/www.lisac-lisac.si\/knjigarna\/knjigarna\/\"},{\"@type\":\"ListItem\",\"position\":3,\"name\":\"Spotikanja o sre\u010di\"}]},{\"@type\":\"WebSite\",\"@id\":\"https:\/\/www.lisac-lisac.si\/knjigarna\/#website\",\"url\":\"https:\/\/www.lisac-lisac.si\/knjigarna\/\",\"name\":\"Lisac-lisac.si\",\"description\":\"Knjige in seminarji za podjetnike.\",\"potentialAction\":[{\"@type\":\"SearchAction\",\"target\":{\"@type\":\"EntryPoint\",\"urlTemplate\":\"https:\/\/www.lisac-lisac.si\/knjigarna\/?s={search_term_string}\"},\"query-input\":\"required name=search_term_string\"}],\"inLanguage\":\"sl-SI\"}]}<\/script>\n<!-- \/ Yoast SEO plugin. -->","yoast_head_json":{"title":"Spotikanja o sre\u010di - Lisac-lisac.si","robots":{"index":"noindex","follow":"follow","max-snippet":"max-snippet:-1","max-image-preview":"max-image-preview:large","max-video-preview":"max-video-preview:-1"},"og_locale":"sl_SI","og_type":"article","og_title":"Spotikanja o sre\u010di - Lisac-lisac.si","og_description":"Sklicujo\u010d se na najnovej\u0161e znanstvene raziskave s prodo\u010dja psihologije, kognitivne nevroznanosti, filozofije in behavioristike, Gilbert razkriva najnovej\u0161a odkritja o edinstveni \u010dlove\u0161ki lastnosti predstavljati si prihodnost in \u010dlove\u0161ki sposobnosti napovedati, koliko nam bo ta v\u0161e\u010d.","og_url":"https:\/\/www.lisac-lisac.si\/knjigarna\/prirocniki\/spotikanja-o-sreci\/","og_site_name":"Lisac-lisac.si","article_modified_time":"2021-08-13T05:48:12+00:00","og_image":[{"width":890,"height":1264,"url":"https:\/\/www.lisac-lisac.si\/knjigarna\/wp-content\/uploads\/2021\/06\/spotikanja-o-sreci.jpg","type":"image\/jpeg"}],"twitter_card":"summary_large_image","twitter_misc":{"Est. reading time":"1 minuta"},"schema":{"@context":"https:\/\/schema.org","@graph":[{"@type":"WebPage","@id":"https:\/\/www.lisac-lisac.si\/knjigarna\/prirocniki\/spotikanja-o-sreci\/","url":"https:\/\/www.lisac-lisac.si\/knjigarna\/prirocniki\/spotikanja-o-sreci\/","name":"Spotikanja o sre\u010di - Lisac-lisac.si","isPartOf":{"@id":"https:\/\/www.lisac-lisac.si\/knjigarna\/#website"},"primaryImageOfPage":{"@id":"https:\/\/www.lisac-lisac.si\/knjigarna\/prirocniki\/spotikanja-o-sreci\/#primaryimage"},"image":{"@id":"https:\/\/www.lisac-lisac.si\/knjigarna\/prirocniki\/spotikanja-o-sreci\/#primaryimage"},"thumbnailUrl":"https:\/\/www.lisac-lisac.si\/knjigarna\/wp-content\/uploads\/2021\/06\/spotikanja-o-sreci.jpg","datePublished":"2021-06-08T09:12:56+00:00","dateModified":"2021-08-13T05:48:12+00:00","breadcrumb":{"@id":"https:\/\/www.lisac-lisac.si\/knjigarna\/prirocniki\/spotikanja-o-sreci\/#breadcrumb"},"inLanguage":"sl-SI","potentialAction":[{"@type":"ReadAction","target":["https:\/\/www.lisac-lisac.si\/knjigarna\/prirocniki\/spotikanja-o-sreci\/"]}]},{"@type":"ImageObject","inLanguage":"sl-SI","@id":"https:\/\/www.lisac-lisac.si\/knjigarna\/prirocniki\/spotikanja-o-sreci\/#primaryimage","url":"https:\/\/www.lisac-lisac.si\/knjigarna\/wp-content\/uploads\/2021\/06\/spotikanja-o-sreci.jpg","contentUrl":"https:\/\/www.lisac-lisac.si\/knjigarna\/wp-content\/uploads\/2021\/06\/spotikanja-o-sreci.jpg","width":890,"height":1264},{"@type":"BreadcrumbList","@id":"https:\/\/www.lisac-lisac.si\/knjigarna\/prirocniki\/spotikanja-o-sreci\/#breadcrumb","itemListElement":[{"@type":"ListItem","position":1,"name":"Domov","item":"https:\/\/www.lisac-lisac.si\/knjigarna\/"},{"@type":"ListItem","position":2,"name":"Knjigarna","item":"https:\/\/www.lisac-lisac.si\/knjigarna\/knjigarna\/"},{"@type":"ListItem","position":3,"name":"Spotikanja o sre\u010di"}]},{"@type":"WebSite","@id":"https:\/\/www.lisac-lisac.si\/knjigarna\/#website","url":"https:\/\/www.lisac-lisac.si\/knjigarna\/","name":"Lisac-lisac.si","description":"Knjige in seminarji za podjetnike.","potentialAction":[{"@type":"SearchAction","target":{"@type":"EntryPoint","urlTemplate":"https:\/\/www.lisac-lisac.si\/knjigarna\/?s={search_term_string}"},"query-input":"required name=search_term_string"}],"inLanguage":"sl-SI"}]}},"_links":{"self":[{"href":"https:\/\/www.lisac-lisac.si\/knjigarna\/wp-json\/wp\/v2\/product\/1524","targetHints":{"allow":["GET"]}}],"collection":[{"href":"https:\/\/www.lisac-lisac.si\/knjigarna\/wp-json\/wp\/v2\/product"}],"about":[{"href":"https:\/\/www.lisac-lisac.si\/knjigarna\/wp-json\/wp\/v2\/types\/product"}],"replies":[{"embeddable":true,"href":"https:\/\/www.lisac-lisac.si\/knjigarna\/wp-json\/wp\/v2\/comments?post=1524"}],"wp:featuredmedia":[{"embeddable":true,"href":"https:\/\/www.lisac-lisac.si\/knjigarna\/wp-json\/wp\/v2\/media\/2049"}],"wp:attachment":[{"href":"https:\/\/www.lisac-lisac.si\/knjigarna\/wp-json\/wp\/v2\/media?parent=1524"}],"wp:term":[{"taxonomy":"product_cat","embeddable":true,"href":"https:\/\/www.lisac-lisac.si\/knjigarna\/wp-json\/wp\/v2\/product_cat?post=1524"},{"taxonomy":"product_tag","embeddable":true,"href":"https:\/\/www.lisac-lisac.si\/knjigarna\/wp-json\/wp\/v2\/product_tag?post=1524"}],"curies":[{"name":"wp","href":"https:\/\/api.w.org\/{rel}","templated":true}]}}