

{"id":1530,"date":"2021-06-08T12:16:33","date_gmt":"2021-06-08T10:16:33","guid":{"rendered":"http:\/\/www.zacasno.eu\/lisac-shop\/?post_type=product&#038;p=1530"},"modified":"2021-08-13T14:52:51","modified_gmt":"2021-08-13T12:52:51","slug":"zaigrajte-melodijo-uspeha","status":"publish","type":"product","link":"https:\/\/www.lisac-lisac.si\/knjigarna\/marketing-in-prodaja\/zaigrajte-melodijo-uspeha\/","title":{"rendered":"Zaigrajte melodijo uspeha"},"content":{"rendered":"<p>Knjiga ne govori o glasbi \u2013 vam pa zagotovo\u00a0lahko pomaga, da se boste ob branju nau\u010dili zapeti svojo pesem uspeha! Nih\u010de se ne rodi uspe\u0161en, vendar lahko z odlo\u010denostjo in osredoto\u010denostjo vsak dose\u017ee cilje, \u010de se jim zave\u017ee in trdno dela za njihovo uresni\u010ditev.<\/p>\n<p>Avtorica Beverly Sallee v knjigi opisuje, kako uspe\u0161no za\u017eiveti. Na podlagi osebnih izku\u0161enj in s pomo\u010djo glasbenih metafor Salleejeva razkriva 7 klju\u010dnih na\u010del za uravnote\u017eeno, izpolnjeno in radostno \u017eivljenje: ukrepanje, uravnote\u017eenost, usoda, energija, osredoto\u010denost, dajanje in rast.<\/p>\n<p>Knjiga je \u00bbsimfonija zamisli in re\u0161itev\u00ab, ki vam bo pomagala postati trden steber ljubezni, vere, spo\u0161tovanja, ne\u017enosti in zadovoljstva. Knjiga je namenjena vsem \u010dlanom dru\u017eine \u2013 njena pomembna na\u010dela bodo koristila vam, va\u0161emu partnerju ali partnerici in va\u0161im otrokom. Namenjena je tudi vsem poslovne\u017eem, direktorjem, uradnikom, saj omogo\u010da, da s pomo\u010djo sedmih to\u010dk uzrete nove prilo\u017enosti in dose\u017eete zastavljene cilje.<\/p>\n<p>Zagotovo bi tudi vi radi zaigrali melodijo svojega uspeha &#8211;\u00a0v knjigi Salleejeve boste na\u0161li vse potrebne note.<\/p>\n","protected":false},"excerpt":{"rendered":"<p>Knjiga ne govori o glasbi \u2013 vam pa zagotovo\u00a0lahko pomaga, da se boste ob branju nau\u010dili zapeti svojo pesem uspeha! Nih\u010de se ne rodi uspe\u0161en, vendar lahko z odlo\u010denostjo in osredoto\u010denostjo vsak dose\u017ee cilje, \u010de se jim zave\u017ee in trdno dela za njihovo uresni\u010ditev.<\/p>\n<ul class=\"sc_list sc_list_style_ul\"><li class=\"sc_list_item odd first\">Format: 173 strani, 21&#215;15 cm<\/li><\/ul>\n","protected":false},"featured_media":2121,"comment_status":"open","ping_status":"closed","template":"","meta":[],"product_cat":[101,104],"product_tag":[],"class_list":{"0":"post-1530","1":"product","2":"type-product","3":"status-publish","4":"has-post-thumbnail","6":"authors-beverly-sallee","7":"product_cat-marketing-in-prodaja","8":"product_cat-poslovna-literatura","10":"first","11":"instock","12":"taxable","13":"shipping-taxable","14":"purchasable","15":"product-type-simple"},"yoast_head":"<!-- This site is optimized with the Yoast SEO plugin v23.2 - https:\/\/yoast.com\/wordpress\/plugins\/seo\/ -->\n<title>Zaigrajte melodijo uspeha - Lisac-lisac.si<\/title>\n<meta name=\"robots\" content=\"noindex, follow, max-snippet:-1, max-image-preview:large, max-video-preview:-1\" \/>\n<meta property=\"og:locale\" content=\"sl_SI\" \/>\n<meta property=\"og:type\" content=\"article\" \/>\n<meta property=\"og:title\" content=\"Zaigrajte melodijo uspeha - Lisac-lisac.si\" \/>\n<meta property=\"og:description\" content=\"Knjiga ne govori o glasbi \u2013 vam pa zagotovo\u00a0lahko pomaga, da se boste ob branju nau\u010dili zapeti svojo pesem uspeha! Nih\u010de se ne rodi uspe\u0161en, vendar lahko z odlo\u010denostjo in osredoto\u010denostjo vsak dose\u017ee cilje, \u010de se jim zave\u017ee in trdno dela za njihovo uresni\u010ditev.\" \/>\n<meta property=\"og:url\" content=\"https:\/\/www.lisac-lisac.si\/knjigarna\/marketing-in-prodaja\/zaigrajte-melodijo-uspeha\/\" \/>\n<meta property=\"og:site_name\" content=\"Lisac-lisac.si\" \/>\n<meta property=\"article:modified_time\" content=\"2021-08-13T12:52:51+00:00\" \/>\n<meta property=\"og:image\" content=\"https:\/\/www.lisac-lisac.si\/knjigarna\/wp-content\/uploads\/2021\/06\/zaigrajte-melodijo.jpg\" \/>\n\t<meta property=\"og:image:width\" content=\"943\" \/>\n\t<meta property=\"og:image:height\" content=\"1264\" \/>\n\t<meta property=\"og:image:type\" content=\"image\/jpeg\" \/>\n<meta name=\"twitter:card\" content=\"summary_large_image\" \/>\n<meta name=\"twitter:label1\" content=\"Est. reading time\" \/>\n\t<meta name=\"twitter:data1\" content=\"1 minuta\" \/>\n<script type=\"application\/ld+json\" class=\"yoast-schema-graph\">{\"@context\":\"https:\/\/schema.org\",\"@graph\":[{\"@type\":\"WebPage\",\"@id\":\"https:\/\/www.lisac-lisac.si\/knjigarna\/marketing-in-prodaja\/zaigrajte-melodijo-uspeha\/\",\"url\":\"https:\/\/www.lisac-lisac.si\/knjigarna\/marketing-in-prodaja\/zaigrajte-melodijo-uspeha\/\",\"name\":\"Zaigrajte melodijo uspeha - Lisac-lisac.si\",\"isPartOf\":{\"@id\":\"https:\/\/www.lisac-lisac.si\/knjigarna\/#website\"},\"primaryImageOfPage\":{\"@id\":\"https:\/\/www.lisac-lisac.si\/knjigarna\/marketing-in-prodaja\/zaigrajte-melodijo-uspeha\/#primaryimage\"},\"image\":{\"@id\":\"https:\/\/www.lisac-lisac.si\/knjigarna\/marketing-in-prodaja\/zaigrajte-melodijo-uspeha\/#primaryimage\"},\"thumbnailUrl\":\"https:\/\/www.lisac-lisac.si\/knjigarna\/wp-content\/uploads\/2021\/06\/zaigrajte-melodijo.jpg\",\"datePublished\":\"2021-06-08T10:16:33+00:00\",\"dateModified\":\"2021-08-13T12:52:51+00:00\",\"breadcrumb\":{\"@id\":\"https:\/\/www.lisac-lisac.si\/knjigarna\/marketing-in-prodaja\/zaigrajte-melodijo-uspeha\/#breadcrumb\"},\"inLanguage\":\"sl-SI\",\"potentialAction\":[{\"@type\":\"ReadAction\",\"target\":[\"https:\/\/www.lisac-lisac.si\/knjigarna\/marketing-in-prodaja\/zaigrajte-melodijo-uspeha\/\"]}]},{\"@type\":\"ImageObject\",\"inLanguage\":\"sl-SI\",\"@id\":\"https:\/\/www.lisac-lisac.si\/knjigarna\/marketing-in-prodaja\/zaigrajte-melodijo-uspeha\/#primaryimage\",\"url\":\"https:\/\/www.lisac-lisac.si\/knjigarna\/wp-content\/uploads\/2021\/06\/zaigrajte-melodijo.jpg\",\"contentUrl\":\"https:\/\/www.lisac-lisac.si\/knjigarna\/wp-content\/uploads\/2021\/06\/zaigrajte-melodijo.jpg\",\"width\":943,\"height\":1264},{\"@type\":\"BreadcrumbList\",\"@id\":\"https:\/\/www.lisac-lisac.si\/knjigarna\/marketing-in-prodaja\/zaigrajte-melodijo-uspeha\/#breadcrumb\",\"itemListElement\":[{\"@type\":\"ListItem\",\"position\":1,\"name\":\"Domov\",\"item\":\"https:\/\/www.lisac-lisac.si\/knjigarna\/\"},{\"@type\":\"ListItem\",\"position\":2,\"name\":\"Knjigarna\",\"item\":\"https:\/\/www.lisac-lisac.si\/knjigarna\/knjigarna\/\"},{\"@type\":\"ListItem\",\"position\":3,\"name\":\"Zaigrajte melodijo uspeha\"}]},{\"@type\":\"WebSite\",\"@id\":\"https:\/\/www.lisac-lisac.si\/knjigarna\/#website\",\"url\":\"https:\/\/www.lisac-lisac.si\/knjigarna\/\",\"name\":\"Lisac-lisac.si\",\"description\":\"Knjige in seminarji za podjetnike.\",\"potentialAction\":[{\"@type\":\"SearchAction\",\"target\":{\"@type\":\"EntryPoint\",\"urlTemplate\":\"https:\/\/www.lisac-lisac.si\/knjigarna\/?s={search_term_string}\"},\"query-input\":\"required name=search_term_string\"}],\"inLanguage\":\"sl-SI\"}]}<\/script>\n<!-- \/ Yoast SEO plugin. -->","yoast_head_json":{"title":"Zaigrajte melodijo uspeha - Lisac-lisac.si","robots":{"index":"noindex","follow":"follow","max-snippet":"max-snippet:-1","max-image-preview":"max-image-preview:large","max-video-preview":"max-video-preview:-1"},"og_locale":"sl_SI","og_type":"article","og_title":"Zaigrajte melodijo uspeha - Lisac-lisac.si","og_description":"Knjiga ne govori o glasbi \u2013 vam pa zagotovo\u00a0lahko pomaga, da se boste ob branju nau\u010dili zapeti svojo pesem uspeha! Nih\u010de se ne rodi uspe\u0161en, vendar lahko z odlo\u010denostjo in osredoto\u010denostjo vsak dose\u017ee cilje, \u010de se jim zave\u017ee in trdno dela za njihovo uresni\u010ditev.","og_url":"https:\/\/www.lisac-lisac.si\/knjigarna\/marketing-in-prodaja\/zaigrajte-melodijo-uspeha\/","og_site_name":"Lisac-lisac.si","article_modified_time":"2021-08-13T12:52:51+00:00","og_image":[{"width":943,"height":1264,"url":"https:\/\/www.lisac-lisac.si\/knjigarna\/wp-content\/uploads\/2021\/06\/zaigrajte-melodijo.jpg","type":"image\/jpeg"}],"twitter_card":"summary_large_image","twitter_misc":{"Est. reading time":"1 minuta"},"schema":{"@context":"https:\/\/schema.org","@graph":[{"@type":"WebPage","@id":"https:\/\/www.lisac-lisac.si\/knjigarna\/marketing-in-prodaja\/zaigrajte-melodijo-uspeha\/","url":"https:\/\/www.lisac-lisac.si\/knjigarna\/marketing-in-prodaja\/zaigrajte-melodijo-uspeha\/","name":"Zaigrajte melodijo uspeha - Lisac-lisac.si","isPartOf":{"@id":"https:\/\/www.lisac-lisac.si\/knjigarna\/#website"},"primaryImageOfPage":{"@id":"https:\/\/www.lisac-lisac.si\/knjigarna\/marketing-in-prodaja\/zaigrajte-melodijo-uspeha\/#primaryimage"},"image":{"@id":"https:\/\/www.lisac-lisac.si\/knjigarna\/marketing-in-prodaja\/zaigrajte-melodijo-uspeha\/#primaryimage"},"thumbnailUrl":"https:\/\/www.lisac-lisac.si\/knjigarna\/wp-content\/uploads\/2021\/06\/zaigrajte-melodijo.jpg","datePublished":"2021-06-08T10:16:33+00:00","dateModified":"2021-08-13T12:52:51+00:00","breadcrumb":{"@id":"https:\/\/www.lisac-lisac.si\/knjigarna\/marketing-in-prodaja\/zaigrajte-melodijo-uspeha\/#breadcrumb"},"inLanguage":"sl-SI","potentialAction":[{"@type":"ReadAction","target":["https:\/\/www.lisac-lisac.si\/knjigarna\/marketing-in-prodaja\/zaigrajte-melodijo-uspeha\/"]}]},{"@type":"ImageObject","inLanguage":"sl-SI","@id":"https:\/\/www.lisac-lisac.si\/knjigarna\/marketing-in-prodaja\/zaigrajte-melodijo-uspeha\/#primaryimage","url":"https:\/\/www.lisac-lisac.si\/knjigarna\/wp-content\/uploads\/2021\/06\/zaigrajte-melodijo.jpg","contentUrl":"https:\/\/www.lisac-lisac.si\/knjigarna\/wp-content\/uploads\/2021\/06\/zaigrajte-melodijo.jpg","width":943,"height":1264},{"@type":"BreadcrumbList","@id":"https:\/\/www.lisac-lisac.si\/knjigarna\/marketing-in-prodaja\/zaigrajte-melodijo-uspeha\/#breadcrumb","itemListElement":[{"@type":"ListItem","position":1,"name":"Domov","item":"https:\/\/www.lisac-lisac.si\/knjigarna\/"},{"@type":"ListItem","position":2,"name":"Knjigarna","item":"https:\/\/www.lisac-lisac.si\/knjigarna\/knjigarna\/"},{"@type":"ListItem","position":3,"name":"Zaigrajte melodijo uspeha"}]},{"@type":"WebSite","@id":"https:\/\/www.lisac-lisac.si\/knjigarna\/#website","url":"https:\/\/www.lisac-lisac.si\/knjigarna\/","name":"Lisac-lisac.si","description":"Knjige in seminarji za podjetnike.","potentialAction":[{"@type":"SearchAction","target":{"@type":"EntryPoint","urlTemplate":"https:\/\/www.lisac-lisac.si\/knjigarna\/?s={search_term_string}"},"query-input":"required name=search_term_string"}],"inLanguage":"sl-SI"}]}},"_links":{"self":[{"href":"https:\/\/www.lisac-lisac.si\/knjigarna\/wp-json\/wp\/v2\/product\/1530","targetHints":{"allow":["GET"]}}],"collection":[{"href":"https:\/\/www.lisac-lisac.si\/knjigarna\/wp-json\/wp\/v2\/product"}],"about":[{"href":"https:\/\/www.lisac-lisac.si\/knjigarna\/wp-json\/wp\/v2\/types\/product"}],"replies":[{"embeddable":true,"href":"https:\/\/www.lisac-lisac.si\/knjigarna\/wp-json\/wp\/v2\/comments?post=1530"}],"wp:featuredmedia":[{"embeddable":true,"href":"https:\/\/www.lisac-lisac.si\/knjigarna\/wp-json\/wp\/v2\/media\/2121"}],"wp:attachment":[{"href":"https:\/\/www.lisac-lisac.si\/knjigarna\/wp-json\/wp\/v2\/media?parent=1530"}],"wp:term":[{"taxonomy":"product_cat","embeddable":true,"href":"https:\/\/www.lisac-lisac.si\/knjigarna\/wp-json\/wp\/v2\/product_cat?post=1530"},{"taxonomy":"product_tag","embeddable":true,"href":"https:\/\/www.lisac-lisac.si\/knjigarna\/wp-json\/wp\/v2\/product_tag?post=1530"}],"curies":[{"name":"wp","href":"https:\/\/api.w.org\/{rel}","templated":true}]}}