

{"id":1532,"date":"2021-06-08T12:26:04","date_gmt":"2021-06-08T10:26:04","guid":{"rendered":"http:\/\/www.zacasno.eu\/lisac-shop\/?post_type=product&#038;p=1532"},"modified":"2024-05-23T13:46:02","modified_gmt":"2024-05-23T11:46:02","slug":"prirocnik-za-pisanje-oglasov","status":"publish","type":"product","link":"https:\/\/www.lisac-lisac.si\/knjigarna\/poslovna-literatura\/prirocnik-za-pisanje-oglasov\/","title":{"rendered":"Priro\u010dnik za pisanje oglasov"},"content":{"rendered":"<p>Preberite, kaj boste zamudili, \u010de knjige ne naro\u010dite:<\/p>\n<ul>\n<li>ne boste izvedeli, kaj vse vsebuje oglas, s katerim je o\u010de \u0161estih otrok prodal 3 milijone knjig, in zakaj je potem umrl pred televizijskimi kamerami;<\/li>\n<li>ne boste poznali nerodnosti, ki so jih zagre\u0161ili v za\u010detnih oglasih za znameniti katalog Victoria Secret, in kako je kon\u010dal ustanovitelj tega podjetja;<\/li>\n<li>ne boste vedeli, kako napisati oglas za nekaj tako preprostega, kot je grenivka, in kako genialno je to uspelo preprostemu teksa\u0161kemu kmetovalcu, ki ga je eno samo oglasno besedilo spremenilo v milijonarja;<\/li>\n<li>ne boste vedeli, kako je spisan oglas, s katerim je Joe Sugarman preko direktne po\u0161te prodal ve\u010d kot 20 milijonov parov son\u010dnih o\u010dal;<\/li>\n<li>ne boste poznali u\u010dinkovitih prijemov besedila, ki ga je Joe Sugarman napisal za prodajo svojega letala \u2013 tako u\u010dinkovitih, da se je zanj zanimala celo CIA;<\/li>\n<li>morda ne boste nikdar pomislili, da je treba prodajati koncept, \u0161e manj, kako je pri tem lahko v pomo\u010d komunizem ali \u0161ahovski prvak Kasparov;<\/li>\n<li>ne boste natan\u010dno poznali obveznih 23 elementov vsakega dobrega oglasnega besedila, ki izpolnjuje svoj edini cilj, tj. besedila, ki prodaja;<\/li>\n<li>ne boste se zavedali, da mora branje oglasnega besedila te\u010di tako gladko in preprosto kot drsenje po otro\u0161kem toboganu;<\/li>\n<li>ne boste vedeli, kateri besedilni element je najpomembnej\u0161i: naslov, podnaslov, prvi stavek ali morda kaj \u010detrtega?<\/li>\n<li>ne boste znali ustvariti primernega okolja za nakup \u2013 ne smete namre\u010d pozabiti, da je pero v va\u0161ih rokah;<\/li>\n<li>ne boste poznali enostavne formule za izra\u010dun stopnje zahtevnosti besedila (t.i. Gunningov indeks);<\/li>\n<li>ne boste vedeli, katere psiholo\u0161ke spro\u017eilce uporabljati v besedilu in s katerimi boste dosegli, da bo bralec svoj te\u017eko prislu\u017eeni denar zamenjal za va\u0161 izdelek ali storitev;<\/li>\n<li>utegnili bi prezreti in ne uporabiti zelo donosne marketin\u0161ke mo\u010di modnih muh, dru\u017ebenih trendov in pomembnosti pravega trenutka;<\/li>\n<li>morda si ne boste nikoli priznali (kaj \u0161ele uporabili sebi v prid), da pri vseh dru\u017ebenih skupinah deluje ne\u010dasten psiholo\u0161ki spro\u017eilec z imenom pohlep;<\/li>\n<li>morda vas bo zamikalo, da bi kak\u0161no pomanjkljivost svojega izdelka ali storitve raje zamol\u010dali, a prej ko se boste nau\u010dili priznati napako in odpraviti strankine ugovore, bolje boste prodajali;<\/li>\n<li>ne boste vedeli, kako in s katerimi tehnikami dose\u010di, da bodo ljudje va\u0161e oglase prebrali v celoti, pa \u010deprav samo zato, ker jih preprosto ne morejo nehati brati in \u010deprav sprva izdelka, ki ga oglas prodaja, sploh niso nameravali kupiti;<\/li>\n<li>ne boste se zavedali, da je bolje prodajati zdravilo kot preventivo, in ne boste vedeli, kako torej prodajati preventivo, \u010de jo \u017ee morate;<\/li>\n<li>ne boste izvedeli, kaj si o Sugarmanu \u2013 enem izmed najbolj\u0161ih ameri\u0161kih piscev oglasnih besedil \u2013 misli nekdanji ameri\u0161ki podpredsednik Al Gore.<\/li>\n<\/ul>\n","protected":false},"excerpt":{"rendered":"<ul class=\"sc_list sc_list_style_ul\"><li class=\"sc_list_item odd first\">Format: 358 strani, 23&#215;19 cm<\/li><\/ul>\n","protected":false},"featured_media":2057,"comment_status":"open","ping_status":"closed","template":"","meta":[],"product_cat":[104,106],"product_tag":[],"class_list":{"0":"post-1532","1":"product","2":"type-product","3":"status-publish","4":"has-post-thumbnail","6":"authors-joseph-sugarman","7":"product_cat-poslovna-literatura","8":"product_cat-prirocniki","10":"first","11":"instock","12":"taxable","13":"shipping-taxable","14":"purchasable","15":"product-type-simple"},"yoast_head":"<!-- This site is optimized with the Yoast SEO plugin v23.2 - https:\/\/yoast.com\/wordpress\/plugins\/seo\/ -->\n<title>Priro\u010dnik za pisanje oglasov - Lisac-lisac.si<\/title>\n<meta name=\"robots\" content=\"noindex, follow, max-snippet:-1, max-image-preview:large, max-video-preview:-1\" \/>\n<meta property=\"og:locale\" content=\"sl_SI\" \/>\n<meta property=\"og:type\" content=\"article\" \/>\n<meta property=\"og:title\" content=\"Priro\u010dnik za pisanje oglasov - Lisac-lisac.si\" \/>\n<meta property=\"og:url\" content=\"https:\/\/www.lisac-lisac.si\/knjigarna\/poslovna-literatura\/prirocnik-za-pisanje-oglasov\/\" \/>\n<meta property=\"og:site_name\" content=\"Lisac-lisac.si\" \/>\n<meta property=\"article:modified_time\" content=\"2024-05-23T11:46:02+00:00\" \/>\n<meta property=\"og:image\" content=\"https:\/\/www.lisac-lisac.si\/knjigarna\/wp-content\/uploads\/2021\/06\/prirocnik-za-pisanje-oglasov.jpg\" \/>\n\t<meta property=\"og:image:width\" content=\"892\" \/>\n\t<meta property=\"og:image:height\" content=\"1264\" \/>\n\t<meta property=\"og:image:type\" content=\"image\/jpeg\" \/>\n<meta name=\"twitter:card\" content=\"summary_large_image\" \/>\n<meta name=\"twitter:description\" content=\"[trx_list style=&quot;ul&quot; top=&quot;inherit&quot; bottom=&quot;inherit&quot; left=&quot;inherit&quot; right=&quot;inherit&quot;][trx_list_item]Format: 358 strani, 23x19 cm[\/trx_list_item] [\/trx_list]\" \/>\n<meta name=\"twitter:label1\" content=\"Est. reading time\" \/>\n\t<meta name=\"twitter:data1\" content=\"2 minuti\" \/>\n<script type=\"application\/ld+json\" class=\"yoast-schema-graph\">{\"@context\":\"https:\/\/schema.org\",\"@graph\":[{\"@type\":\"WebPage\",\"@id\":\"https:\/\/www.lisac-lisac.si\/knjigarna\/poslovna-literatura\/prirocnik-za-pisanje-oglasov\/\",\"url\":\"https:\/\/www.lisac-lisac.si\/knjigarna\/poslovna-literatura\/prirocnik-za-pisanje-oglasov\/\",\"name\":\"Priro\u010dnik za pisanje oglasov - Lisac-lisac.si\",\"isPartOf\":{\"@id\":\"https:\/\/www.lisac-lisac.si\/knjigarna\/#website\"},\"primaryImageOfPage\":{\"@id\":\"https:\/\/www.lisac-lisac.si\/knjigarna\/poslovna-literatura\/prirocnik-za-pisanje-oglasov\/#primaryimage\"},\"image\":{\"@id\":\"https:\/\/www.lisac-lisac.si\/knjigarna\/poslovna-literatura\/prirocnik-za-pisanje-oglasov\/#primaryimage\"},\"thumbnailUrl\":\"https:\/\/www.lisac-lisac.si\/knjigarna\/wp-content\/uploads\/2021\/06\/prirocnik-za-pisanje-oglasov.jpg\",\"datePublished\":\"2021-06-08T10:26:04+00:00\",\"dateModified\":\"2024-05-23T11:46:02+00:00\",\"breadcrumb\":{\"@id\":\"https:\/\/www.lisac-lisac.si\/knjigarna\/poslovna-literatura\/prirocnik-za-pisanje-oglasov\/#breadcrumb\"},\"inLanguage\":\"sl-SI\",\"potentialAction\":[{\"@type\":\"ReadAction\",\"target\":[\"https:\/\/www.lisac-lisac.si\/knjigarna\/poslovna-literatura\/prirocnik-za-pisanje-oglasov\/\"]}]},{\"@type\":\"ImageObject\",\"inLanguage\":\"sl-SI\",\"@id\":\"https:\/\/www.lisac-lisac.si\/knjigarna\/poslovna-literatura\/prirocnik-za-pisanje-oglasov\/#primaryimage\",\"url\":\"https:\/\/www.lisac-lisac.si\/knjigarna\/wp-content\/uploads\/2021\/06\/prirocnik-za-pisanje-oglasov.jpg\",\"contentUrl\":\"https:\/\/www.lisac-lisac.si\/knjigarna\/wp-content\/uploads\/2021\/06\/prirocnik-za-pisanje-oglasov.jpg\",\"width\":892,\"height\":1264},{\"@type\":\"BreadcrumbList\",\"@id\":\"https:\/\/www.lisac-lisac.si\/knjigarna\/poslovna-literatura\/prirocnik-za-pisanje-oglasov\/#breadcrumb\",\"itemListElement\":[{\"@type\":\"ListItem\",\"position\":1,\"name\":\"Domov\",\"item\":\"https:\/\/www.lisac-lisac.si\/knjigarna\/\"},{\"@type\":\"ListItem\",\"position\":2,\"name\":\"Knjigarna\",\"item\":\"https:\/\/www.lisac-lisac.si\/knjigarna\/knjigarna\/\"},{\"@type\":\"ListItem\",\"position\":3,\"name\":\"Priro\u010dnik za pisanje oglasov\"}]},{\"@type\":\"WebSite\",\"@id\":\"https:\/\/www.lisac-lisac.si\/knjigarna\/#website\",\"url\":\"https:\/\/www.lisac-lisac.si\/knjigarna\/\",\"name\":\"Lisac-lisac.si\",\"description\":\"Knjige in seminarji za podjetnike.\",\"potentialAction\":[{\"@type\":\"SearchAction\",\"target\":{\"@type\":\"EntryPoint\",\"urlTemplate\":\"https:\/\/www.lisac-lisac.si\/knjigarna\/?s={search_term_string}\"},\"query-input\":\"required name=search_term_string\"}],\"inLanguage\":\"sl-SI\"}]}<\/script>\n<!-- \/ Yoast SEO plugin. -->","yoast_head_json":{"title":"Priro\u010dnik za pisanje oglasov - Lisac-lisac.si","robots":{"index":"noindex","follow":"follow","max-snippet":"max-snippet:-1","max-image-preview":"max-image-preview:large","max-video-preview":"max-video-preview:-1"},"og_locale":"sl_SI","og_type":"article","og_title":"Priro\u010dnik za pisanje oglasov - Lisac-lisac.si","og_url":"https:\/\/www.lisac-lisac.si\/knjigarna\/poslovna-literatura\/prirocnik-za-pisanje-oglasov\/","og_site_name":"Lisac-lisac.si","article_modified_time":"2024-05-23T11:46:02+00:00","og_image":[{"width":892,"height":1264,"url":"https:\/\/www.lisac-lisac.si\/knjigarna\/wp-content\/uploads\/2021\/06\/prirocnik-za-pisanje-oglasov.jpg","type":"image\/jpeg"}],"twitter_card":"summary_large_image","twitter_description":"[trx_list style=\"ul\" top=\"inherit\" bottom=\"inherit\" left=\"inherit\" right=\"inherit\"][trx_list_item]Format: 358 strani, 23x19 cm[\/trx_list_item] [\/trx_list]","twitter_misc":{"Est. reading time":"2 minuti"},"schema":{"@context":"https:\/\/schema.org","@graph":[{"@type":"WebPage","@id":"https:\/\/www.lisac-lisac.si\/knjigarna\/poslovna-literatura\/prirocnik-za-pisanje-oglasov\/","url":"https:\/\/www.lisac-lisac.si\/knjigarna\/poslovna-literatura\/prirocnik-za-pisanje-oglasov\/","name":"Priro\u010dnik za pisanje oglasov - Lisac-lisac.si","isPartOf":{"@id":"https:\/\/www.lisac-lisac.si\/knjigarna\/#website"},"primaryImageOfPage":{"@id":"https:\/\/www.lisac-lisac.si\/knjigarna\/poslovna-literatura\/prirocnik-za-pisanje-oglasov\/#primaryimage"},"image":{"@id":"https:\/\/www.lisac-lisac.si\/knjigarna\/poslovna-literatura\/prirocnik-za-pisanje-oglasov\/#primaryimage"},"thumbnailUrl":"https:\/\/www.lisac-lisac.si\/knjigarna\/wp-content\/uploads\/2021\/06\/prirocnik-za-pisanje-oglasov.jpg","datePublished":"2021-06-08T10:26:04+00:00","dateModified":"2024-05-23T11:46:02+00:00","breadcrumb":{"@id":"https:\/\/www.lisac-lisac.si\/knjigarna\/poslovna-literatura\/prirocnik-za-pisanje-oglasov\/#breadcrumb"},"inLanguage":"sl-SI","potentialAction":[{"@type":"ReadAction","target":["https:\/\/www.lisac-lisac.si\/knjigarna\/poslovna-literatura\/prirocnik-za-pisanje-oglasov\/"]}]},{"@type":"ImageObject","inLanguage":"sl-SI","@id":"https:\/\/www.lisac-lisac.si\/knjigarna\/poslovna-literatura\/prirocnik-za-pisanje-oglasov\/#primaryimage","url":"https:\/\/www.lisac-lisac.si\/knjigarna\/wp-content\/uploads\/2021\/06\/prirocnik-za-pisanje-oglasov.jpg","contentUrl":"https:\/\/www.lisac-lisac.si\/knjigarna\/wp-content\/uploads\/2021\/06\/prirocnik-za-pisanje-oglasov.jpg","width":892,"height":1264},{"@type":"BreadcrumbList","@id":"https:\/\/www.lisac-lisac.si\/knjigarna\/poslovna-literatura\/prirocnik-za-pisanje-oglasov\/#breadcrumb","itemListElement":[{"@type":"ListItem","position":1,"name":"Domov","item":"https:\/\/www.lisac-lisac.si\/knjigarna\/"},{"@type":"ListItem","position":2,"name":"Knjigarna","item":"https:\/\/www.lisac-lisac.si\/knjigarna\/knjigarna\/"},{"@type":"ListItem","position":3,"name":"Priro\u010dnik za pisanje oglasov"}]},{"@type":"WebSite","@id":"https:\/\/www.lisac-lisac.si\/knjigarna\/#website","url":"https:\/\/www.lisac-lisac.si\/knjigarna\/","name":"Lisac-lisac.si","description":"Knjige in seminarji za podjetnike.","potentialAction":[{"@type":"SearchAction","target":{"@type":"EntryPoint","urlTemplate":"https:\/\/www.lisac-lisac.si\/knjigarna\/?s={search_term_string}"},"query-input":"required name=search_term_string"}],"inLanguage":"sl-SI"}]}},"_links":{"self":[{"href":"https:\/\/www.lisac-lisac.si\/knjigarna\/wp-json\/wp\/v2\/product\/1532","targetHints":{"allow":["GET"]}}],"collection":[{"href":"https:\/\/www.lisac-lisac.si\/knjigarna\/wp-json\/wp\/v2\/product"}],"about":[{"href":"https:\/\/www.lisac-lisac.si\/knjigarna\/wp-json\/wp\/v2\/types\/product"}],"replies":[{"embeddable":true,"href":"https:\/\/www.lisac-lisac.si\/knjigarna\/wp-json\/wp\/v2\/comments?post=1532"}],"wp:featuredmedia":[{"embeddable":true,"href":"https:\/\/www.lisac-lisac.si\/knjigarna\/wp-json\/wp\/v2\/media\/2057"}],"wp:attachment":[{"href":"https:\/\/www.lisac-lisac.si\/knjigarna\/wp-json\/wp\/v2\/media?parent=1532"}],"wp:term":[{"taxonomy":"product_cat","embeddable":true,"href":"https:\/\/www.lisac-lisac.si\/knjigarna\/wp-json\/wp\/v2\/product_cat?post=1532"},{"taxonomy":"product_tag","embeddable":true,"href":"https:\/\/www.lisac-lisac.si\/knjigarna\/wp-json\/wp\/v2\/product_tag?post=1532"}],"curies":[{"name":"wp","href":"https:\/\/api.w.org\/{rel}","templated":true}]}}