

{"id":1533,"date":"2021-06-08T12:30:41","date_gmt":"2021-06-08T10:30:41","guid":{"rendered":"http:\/\/www.zacasno.eu\/lisac-shop\/?post_type=product&#038;p=1533"},"modified":"2021-08-13T07:48:12","modified_gmt":"2021-08-13T05:48:12","slug":"turbo-mrezni-marketing","status":"publish","type":"product","link":"https:\/\/www.lisac-lisac.si\/knjigarna\/marketing-in-prodaja\/turbo-mrezni-marketing\/","title":{"rendered":"Turbo mre\u017eni marketing"},"content":{"rendered":"<p>Rde\u010da nit knjige <i>Turbo mre\u017eni marketin<\/i>g je govor o tem, kako sponzorirati nove zastopnike v va\u0161e mre\u017enomarketin\u0161ko podjetje.<\/p>\n<p>Avtor Tom Schreiter, ki ga zastopniki v njegovem izjemno uspe\u0161nem podjetju, ki ga je ustvaril z mre\u017enim marketingom, poznajo kot Velikega Ala, je na podlagi lastnih izku\u0161enj napisal napotke, s pomo\u010djo katerih vam bo uspelo\u00a0postaviti na noge svoje mre\u017enomarketin\u0161ko podjetje. Z nasveti vam bo pomagal dolo\u010diti jasne cilje, izbrati vodje skupin, pomagal vam bo vpisati te\u017eavne stranke in graditi zaupanje z njimi.<br \/>\n\u010ce ste odprti za nove metode in \u017eelite bolje razumeti va\u0161e potencialne zastopnike, boste v knjigi spoznali marsikaj koristnega za va\u0161 posel. Knjiga je prava zbirka nasvetov za vse, ki \u017eelite uspeti v mre\u017enem marketingu.<\/p>\n","protected":false},"excerpt":{"rendered":"<p>Rde\u010da nit knjige <i>Turbo mre\u017eni marketin<\/i>g je govor o tem, kako sponzorirati nove zastopnike v va\u0161e mre\u017enomarketin\u0161ko podjetje.<\/p>\n<ul class=\"sc_list sc_list_style_ul\"><li class=\"sc_list_item odd first\">Format: 137 strani, 22&#215;14 cm<\/li><\/ul>\n","protected":false},"featured_media":2055,"comment_status":"open","ping_status":"closed","template":"","meta":[],"product_cat":[101],"product_tag":[],"class_list":{"0":"post-1533","1":"product","2":"type-product","3":"status-publish","4":"has-post-thumbnail","6":"authors-tom-schreiter","7":"product_cat-marketing-in-prodaja","9":"first","10":"instock","11":"taxable","12":"shipping-taxable","13":"purchasable","14":"product-type-simple"},"yoast_head":"<!-- This site is optimized with the Yoast SEO plugin v23.2 - https:\/\/yoast.com\/wordpress\/plugins\/seo\/ -->\n<title>Turbo mre\u017eni marketing - Lisac-lisac.si<\/title>\n<meta name=\"robots\" content=\"noindex, follow, max-snippet:-1, max-image-preview:large, max-video-preview:-1\" \/>\n<meta property=\"og:locale\" content=\"sl_SI\" \/>\n<meta property=\"og:type\" content=\"article\" \/>\n<meta property=\"og:title\" content=\"Turbo mre\u017eni marketing - Lisac-lisac.si\" \/>\n<meta property=\"og:description\" content=\"Rde\u010da nit knjige Turbo mre\u017eni marketing je govor o tem, kako sponzorirati nove zastopnike v va\u0161e mre\u017enomarketin\u0161ko podjetje.\" \/>\n<meta property=\"og:url\" content=\"https:\/\/www.lisac-lisac.si\/knjigarna\/marketing-in-prodaja\/turbo-mrezni-marketing\/\" \/>\n<meta property=\"og:site_name\" content=\"Lisac-lisac.si\" \/>\n<meta property=\"article:modified_time\" content=\"2021-08-13T05:48:12+00:00\" \/>\n<meta property=\"og:image\" content=\"https:\/\/www.lisac-lisac.si\/knjigarna\/wp-content\/uploads\/2021\/06\/turbo-mrezni-marketing.jpg\" \/>\n\t<meta property=\"og:image:width\" content=\"879\" \/>\n\t<meta property=\"og:image:height\" content=\"1264\" \/>\n\t<meta property=\"og:image:type\" content=\"image\/jpeg\" \/>\n<meta name=\"twitter:card\" content=\"summary_large_image\" \/>\n<meta name=\"twitter:label1\" content=\"Est. reading time\" \/>\n\t<meta name=\"twitter:data1\" content=\"1 minuta\" \/>\n<script type=\"application\/ld+json\" class=\"yoast-schema-graph\">{\"@context\":\"https:\/\/schema.org\",\"@graph\":[{\"@type\":\"WebPage\",\"@id\":\"https:\/\/www.lisac-lisac.si\/knjigarna\/marketing-in-prodaja\/turbo-mrezni-marketing\/\",\"url\":\"https:\/\/www.lisac-lisac.si\/knjigarna\/marketing-in-prodaja\/turbo-mrezni-marketing\/\",\"name\":\"Turbo mre\u017eni marketing - Lisac-lisac.si\",\"isPartOf\":{\"@id\":\"https:\/\/www.lisac-lisac.si\/knjigarna\/#website\"},\"primaryImageOfPage\":{\"@id\":\"https:\/\/www.lisac-lisac.si\/knjigarna\/marketing-in-prodaja\/turbo-mrezni-marketing\/#primaryimage\"},\"image\":{\"@id\":\"https:\/\/www.lisac-lisac.si\/knjigarna\/marketing-in-prodaja\/turbo-mrezni-marketing\/#primaryimage\"},\"thumbnailUrl\":\"https:\/\/www.lisac-lisac.si\/knjigarna\/wp-content\/uploads\/2021\/06\/turbo-mrezni-marketing.jpg\",\"datePublished\":\"2021-06-08T10:30:41+00:00\",\"dateModified\":\"2021-08-13T05:48:12+00:00\",\"breadcrumb\":{\"@id\":\"https:\/\/www.lisac-lisac.si\/knjigarna\/marketing-in-prodaja\/turbo-mrezni-marketing\/#breadcrumb\"},\"inLanguage\":\"sl-SI\",\"potentialAction\":[{\"@type\":\"ReadAction\",\"target\":[\"https:\/\/www.lisac-lisac.si\/knjigarna\/marketing-in-prodaja\/turbo-mrezni-marketing\/\"]}]},{\"@type\":\"ImageObject\",\"inLanguage\":\"sl-SI\",\"@id\":\"https:\/\/www.lisac-lisac.si\/knjigarna\/marketing-in-prodaja\/turbo-mrezni-marketing\/#primaryimage\",\"url\":\"https:\/\/www.lisac-lisac.si\/knjigarna\/wp-content\/uploads\/2021\/06\/turbo-mrezni-marketing.jpg\",\"contentUrl\":\"https:\/\/www.lisac-lisac.si\/knjigarna\/wp-content\/uploads\/2021\/06\/turbo-mrezni-marketing.jpg\",\"width\":879,\"height\":1264},{\"@type\":\"BreadcrumbList\",\"@id\":\"https:\/\/www.lisac-lisac.si\/knjigarna\/marketing-in-prodaja\/turbo-mrezni-marketing\/#breadcrumb\",\"itemListElement\":[{\"@type\":\"ListItem\",\"position\":1,\"name\":\"Domov\",\"item\":\"https:\/\/www.lisac-lisac.si\/knjigarna\/\"},{\"@type\":\"ListItem\",\"position\":2,\"name\":\"Knjigarna\",\"item\":\"https:\/\/www.lisac-lisac.si\/knjigarna\/knjigarna\/\"},{\"@type\":\"ListItem\",\"position\":3,\"name\":\"Turbo mre\u017eni marketing\"}]},{\"@type\":\"WebSite\",\"@id\":\"https:\/\/www.lisac-lisac.si\/knjigarna\/#website\",\"url\":\"https:\/\/www.lisac-lisac.si\/knjigarna\/\",\"name\":\"Lisac-lisac.si\",\"description\":\"Knjige in seminarji za podjetnike.\",\"potentialAction\":[{\"@type\":\"SearchAction\",\"target\":{\"@type\":\"EntryPoint\",\"urlTemplate\":\"https:\/\/www.lisac-lisac.si\/knjigarna\/?s={search_term_string}\"},\"query-input\":\"required name=search_term_string\"}],\"inLanguage\":\"sl-SI\"}]}<\/script>\n<!-- \/ Yoast SEO plugin. -->","yoast_head_json":{"title":"Turbo mre\u017eni marketing - Lisac-lisac.si","robots":{"index":"noindex","follow":"follow","max-snippet":"max-snippet:-1","max-image-preview":"max-image-preview:large","max-video-preview":"max-video-preview:-1"},"og_locale":"sl_SI","og_type":"article","og_title":"Turbo mre\u017eni marketing - Lisac-lisac.si","og_description":"Rde\u010da nit knjige Turbo mre\u017eni marketing je govor o tem, kako sponzorirati nove zastopnike v va\u0161e mre\u017enomarketin\u0161ko podjetje.","og_url":"https:\/\/www.lisac-lisac.si\/knjigarna\/marketing-in-prodaja\/turbo-mrezni-marketing\/","og_site_name":"Lisac-lisac.si","article_modified_time":"2021-08-13T05:48:12+00:00","og_image":[{"width":879,"height":1264,"url":"https:\/\/www.lisac-lisac.si\/knjigarna\/wp-content\/uploads\/2021\/06\/turbo-mrezni-marketing.jpg","type":"image\/jpeg"}],"twitter_card":"summary_large_image","twitter_misc":{"Est. reading time":"1 minuta"},"schema":{"@context":"https:\/\/schema.org","@graph":[{"@type":"WebPage","@id":"https:\/\/www.lisac-lisac.si\/knjigarna\/marketing-in-prodaja\/turbo-mrezni-marketing\/","url":"https:\/\/www.lisac-lisac.si\/knjigarna\/marketing-in-prodaja\/turbo-mrezni-marketing\/","name":"Turbo mre\u017eni marketing - Lisac-lisac.si","isPartOf":{"@id":"https:\/\/www.lisac-lisac.si\/knjigarna\/#website"},"primaryImageOfPage":{"@id":"https:\/\/www.lisac-lisac.si\/knjigarna\/marketing-in-prodaja\/turbo-mrezni-marketing\/#primaryimage"},"image":{"@id":"https:\/\/www.lisac-lisac.si\/knjigarna\/marketing-in-prodaja\/turbo-mrezni-marketing\/#primaryimage"},"thumbnailUrl":"https:\/\/www.lisac-lisac.si\/knjigarna\/wp-content\/uploads\/2021\/06\/turbo-mrezni-marketing.jpg","datePublished":"2021-06-08T10:30:41+00:00","dateModified":"2021-08-13T05:48:12+00:00","breadcrumb":{"@id":"https:\/\/www.lisac-lisac.si\/knjigarna\/marketing-in-prodaja\/turbo-mrezni-marketing\/#breadcrumb"},"inLanguage":"sl-SI","potentialAction":[{"@type":"ReadAction","target":["https:\/\/www.lisac-lisac.si\/knjigarna\/marketing-in-prodaja\/turbo-mrezni-marketing\/"]}]},{"@type":"ImageObject","inLanguage":"sl-SI","@id":"https:\/\/www.lisac-lisac.si\/knjigarna\/marketing-in-prodaja\/turbo-mrezni-marketing\/#primaryimage","url":"https:\/\/www.lisac-lisac.si\/knjigarna\/wp-content\/uploads\/2021\/06\/turbo-mrezni-marketing.jpg","contentUrl":"https:\/\/www.lisac-lisac.si\/knjigarna\/wp-content\/uploads\/2021\/06\/turbo-mrezni-marketing.jpg","width":879,"height":1264},{"@type":"BreadcrumbList","@id":"https:\/\/www.lisac-lisac.si\/knjigarna\/marketing-in-prodaja\/turbo-mrezni-marketing\/#breadcrumb","itemListElement":[{"@type":"ListItem","position":1,"name":"Domov","item":"https:\/\/www.lisac-lisac.si\/knjigarna\/"},{"@type":"ListItem","position":2,"name":"Knjigarna","item":"https:\/\/www.lisac-lisac.si\/knjigarna\/knjigarna\/"},{"@type":"ListItem","position":3,"name":"Turbo mre\u017eni marketing"}]},{"@type":"WebSite","@id":"https:\/\/www.lisac-lisac.si\/knjigarna\/#website","url":"https:\/\/www.lisac-lisac.si\/knjigarna\/","name":"Lisac-lisac.si","description":"Knjige in seminarji za podjetnike.","potentialAction":[{"@type":"SearchAction","target":{"@type":"EntryPoint","urlTemplate":"https:\/\/www.lisac-lisac.si\/knjigarna\/?s={search_term_string}"},"query-input":"required name=search_term_string"}],"inLanguage":"sl-SI"}]}},"_links":{"self":[{"href":"https:\/\/www.lisac-lisac.si\/knjigarna\/wp-json\/wp\/v2\/product\/1533","targetHints":{"allow":["GET"]}}],"collection":[{"href":"https:\/\/www.lisac-lisac.si\/knjigarna\/wp-json\/wp\/v2\/product"}],"about":[{"href":"https:\/\/www.lisac-lisac.si\/knjigarna\/wp-json\/wp\/v2\/types\/product"}],"replies":[{"embeddable":true,"href":"https:\/\/www.lisac-lisac.si\/knjigarna\/wp-json\/wp\/v2\/comments?post=1533"}],"wp:featuredmedia":[{"embeddable":true,"href":"https:\/\/www.lisac-lisac.si\/knjigarna\/wp-json\/wp\/v2\/media\/2055"}],"wp:attachment":[{"href":"https:\/\/www.lisac-lisac.si\/knjigarna\/wp-json\/wp\/v2\/media?parent=1533"}],"wp:term":[{"taxonomy":"product_cat","embeddable":true,"href":"https:\/\/www.lisac-lisac.si\/knjigarna\/wp-json\/wp\/v2\/product_cat?post=1533"},{"taxonomy":"product_tag","embeddable":true,"href":"https:\/\/www.lisac-lisac.si\/knjigarna\/wp-json\/wp\/v2\/product_tag?post=1533"}],"curies":[{"name":"wp","href":"https:\/\/api.w.org\/{rel}","templated":true}]}}