

{"id":1534,"date":"2021-06-08T12:37:28","date_gmt":"2021-06-08T10:37:28","guid":{"rendered":"http:\/\/www.zacasno.eu\/lisac-shop\/?post_type=product&#038;p=1534"},"modified":"2024-05-23T13:46:02","modified_gmt":"2024-05-23T11:46:02","slug":"sprozilci","status":"publish","type":"product","link":"https:\/\/www.lisac-lisac.si\/knjigarna\/marketing-in-prodaja\/sprozilci\/","title":{"rendered":"Spro\u017eilci"},"content":{"rendered":"<p>Dramati\u010dno pove\u010dajte svojo sposobnost prodajanja in se nau\u010dite, kako nadzorovati misli svoje potencialne stranke s pomo\u010djo 30 psiholo\u0161kih spro\u017eilcev, s katerimi boste stranko motivirali, vplivali nanjo in jo prepri\u010dali v nakup.<\/p>\n<ul>\n<li>Odkrijte skrivnost, ki jo pozna le malo prodajnih strokovnjakov, a z njo lahko podvojite odziv na ponudbo.<\/li>\n<li>Odkrijte, kako v strankah zbuditi ob\u010dutek krivde, da preprosto ne bodo mogle druga\u010de kot kupiti va\u0161 izdelek.<\/li>\n<li>Odkrijte, kako s pomo\u010djo preproste prodajne tehnike obvladati nemogo\u010do situacijo in jo obrniti sebi v prid.<\/li>\n<\/ul>\n<p>V knjigi Spro\u017eilci Sugarman pi\u0161e o na\u010delih, s katerimi se je seznanil v direktnem marketingu, a jih je mogo\u010de uporabiti tudi na podro\u010dju klasi\u010dne osebne prodaje v obliki 30 u\u010dinkovitih tehnik, ki jih imenuje &#8220;psiholo\u0161ki spro\u017eilci&#8221;. Psiholo\u0161ki spro\u017eilci u\u010dinkovito vplivajo na potencialno stranko, jo motivirajo in prepri\u010dajo v pozitivno odlo\u010ditev o nakupu. \u017de s poznavanjem le nekaterih izmed tridesetih spro\u017eilcev vsak prodajalec ali tr\u017enik lahko dobesedno nadzoruje misli potencialne stranke in dramati\u010dno pove\u010da svoj prodajni uspeh.<\/p>\n<p>Morda vas bodo mnogi izmed spro\u017eilcev presenetili, saj niso tako o\u010ditni, a so kljub temu izredno u\u010dinkoviti. Nekateri med njimi so sicer o\u010ditnej\u0161i, vendar jih je treba pravilno uporabljati. Razumevanje lahko spro\u017ei pozitivne odzive na vsakr\u0161no prodajno sporo\u010dilo, ne glede na njegovo obliko. Knjiga je dragocena, ker\u00a0ponuja domiselne, a u\u010dinkovite nasvete za vsakega prodajalca, ogla\u0161evalskega direktorja ali tr\u017enika.<\/p>\n<p>Ne odla\u0161ajte z nakupom knjige Spro\u017eilci, saj boste z njo izbolj\u0161ali svoje marketin\u0161ko znanje in vse vidike svoje prodaje.<\/p>\n","protected":false},"excerpt":{"rendered":"<p>Dramati\u010dno pove\u010dajte svojo sposobnost prodajanja in se nau\u010dite, kako nadzorovati misli svoje potencialne stranke s pomo\u010djo 30 psiholo\u0161kih spro\u017eilcev, s katerimi boste stranko motivirali, vplivali nanjo in jo prepri\u010dali v nakup.<\/p>\n<ul class=\"sc_list sc_list_style_ul\"><li class=\"sc_list_item odd first\">Format: 223 strani, 21&#215;15 cm<\/li><\/ul>\n","protected":false},"featured_media":2047,"comment_status":"open","ping_status":"closed","template":"","meta":[],"product_cat":[101],"product_tag":[],"class_list":{"0":"post-1534","1":"product","2":"type-product","3":"status-publish","4":"has-post-thumbnail","6":"authors-joseph-sugarman","7":"product_cat-marketing-in-prodaja","9":"first","10":"instock","11":"taxable","12":"shipping-taxable","13":"purchasable","14":"product-type-simple"},"yoast_head":"<!-- This site is optimized with the Yoast SEO plugin v23.2 - https:\/\/yoast.com\/wordpress\/plugins\/seo\/ -->\n<title>Spro\u017eilci - Lisac-lisac.si<\/title>\n<meta name=\"robots\" content=\"noindex, follow, max-snippet:-1, max-image-preview:large, max-video-preview:-1\" \/>\n<meta property=\"og:locale\" content=\"sl_SI\" \/>\n<meta property=\"og:type\" content=\"article\" \/>\n<meta property=\"og:title\" content=\"Spro\u017eilci - Lisac-lisac.si\" \/>\n<meta property=\"og:description\" content=\"Dramati\u010dno pove\u010dajte svojo sposobnost prodajanja in se nau\u010dite, kako nadzorovati misli svoje potencialne stranke s pomo\u010djo 30 psiholo\u0161kih spro\u017eilcev, s katerimi boste stranko motivirali, vplivali nanjo in jo prepri\u010dali v nakup.\" \/>\n<meta property=\"og:url\" content=\"https:\/\/www.lisac-lisac.si\/knjigarna\/marketing-in-prodaja\/sprozilci\/\" \/>\n<meta property=\"og:site_name\" content=\"Lisac-lisac.si\" \/>\n<meta property=\"article:modified_time\" content=\"2024-05-23T11:46:02+00:00\" \/>\n<meta property=\"og:image\" content=\"https:\/\/www.lisac-lisac.si\/knjigarna\/wp-content\/uploads\/2021\/06\/sprozilci-knjiga.jpg\" \/>\n\t<meta property=\"og:image:width\" content=\"881\" \/>\n\t<meta property=\"og:image:height\" content=\"1264\" \/>\n\t<meta property=\"og:image:type\" content=\"image\/jpeg\" \/>\n<meta name=\"twitter:card\" content=\"summary_large_image\" \/>\n<meta name=\"twitter:label1\" content=\"Est. reading time\" \/>\n\t<meta name=\"twitter:data1\" content=\"2 minuti\" \/>\n<script type=\"application\/ld+json\" class=\"yoast-schema-graph\">{\"@context\":\"https:\/\/schema.org\",\"@graph\":[{\"@type\":\"WebPage\",\"@id\":\"https:\/\/www.lisac-lisac.si\/knjigarna\/marketing-in-prodaja\/sprozilci\/\",\"url\":\"https:\/\/www.lisac-lisac.si\/knjigarna\/marketing-in-prodaja\/sprozilci\/\",\"name\":\"Spro\u017eilci - Lisac-lisac.si\",\"isPartOf\":{\"@id\":\"https:\/\/www.lisac-lisac.si\/knjigarna\/#website\"},\"primaryImageOfPage\":{\"@id\":\"https:\/\/www.lisac-lisac.si\/knjigarna\/marketing-in-prodaja\/sprozilci\/#primaryimage\"},\"image\":{\"@id\":\"https:\/\/www.lisac-lisac.si\/knjigarna\/marketing-in-prodaja\/sprozilci\/#primaryimage\"},\"thumbnailUrl\":\"https:\/\/www.lisac-lisac.si\/knjigarna\/wp-content\/uploads\/2021\/06\/sprozilci-knjiga.jpg\",\"datePublished\":\"2021-06-08T10:37:28+00:00\",\"dateModified\":\"2024-05-23T11:46:02+00:00\",\"breadcrumb\":{\"@id\":\"https:\/\/www.lisac-lisac.si\/knjigarna\/marketing-in-prodaja\/sprozilci\/#breadcrumb\"},\"inLanguage\":\"sl-SI\",\"potentialAction\":[{\"@type\":\"ReadAction\",\"target\":[\"https:\/\/www.lisac-lisac.si\/knjigarna\/marketing-in-prodaja\/sprozilci\/\"]}]},{\"@type\":\"ImageObject\",\"inLanguage\":\"sl-SI\",\"@id\":\"https:\/\/www.lisac-lisac.si\/knjigarna\/marketing-in-prodaja\/sprozilci\/#primaryimage\",\"url\":\"https:\/\/www.lisac-lisac.si\/knjigarna\/wp-content\/uploads\/2021\/06\/sprozilci-knjiga.jpg\",\"contentUrl\":\"https:\/\/www.lisac-lisac.si\/knjigarna\/wp-content\/uploads\/2021\/06\/sprozilci-knjiga.jpg\",\"width\":881,\"height\":1264},{\"@type\":\"BreadcrumbList\",\"@id\":\"https:\/\/www.lisac-lisac.si\/knjigarna\/marketing-in-prodaja\/sprozilci\/#breadcrumb\",\"itemListElement\":[{\"@type\":\"ListItem\",\"position\":1,\"name\":\"Domov\",\"item\":\"https:\/\/www.lisac-lisac.si\/knjigarna\/\"},{\"@type\":\"ListItem\",\"position\":2,\"name\":\"Knjigarna\",\"item\":\"https:\/\/www.lisac-lisac.si\/knjigarna\/knjigarna\/\"},{\"@type\":\"ListItem\",\"position\":3,\"name\":\"Spro\u017eilci\"}]},{\"@type\":\"WebSite\",\"@id\":\"https:\/\/www.lisac-lisac.si\/knjigarna\/#website\",\"url\":\"https:\/\/www.lisac-lisac.si\/knjigarna\/\",\"name\":\"Lisac-lisac.si\",\"description\":\"Knjige in seminarji za podjetnike.\",\"potentialAction\":[{\"@type\":\"SearchAction\",\"target\":{\"@type\":\"EntryPoint\",\"urlTemplate\":\"https:\/\/www.lisac-lisac.si\/knjigarna\/?s={search_term_string}\"},\"query-input\":\"required name=search_term_string\"}],\"inLanguage\":\"sl-SI\"}]}<\/script>\n<!-- \/ Yoast SEO plugin. -->","yoast_head_json":{"title":"Spro\u017eilci - Lisac-lisac.si","robots":{"index":"noindex","follow":"follow","max-snippet":"max-snippet:-1","max-image-preview":"max-image-preview:large","max-video-preview":"max-video-preview:-1"},"og_locale":"sl_SI","og_type":"article","og_title":"Spro\u017eilci - Lisac-lisac.si","og_description":"Dramati\u010dno pove\u010dajte svojo sposobnost prodajanja in se nau\u010dite, kako nadzorovati misli svoje potencialne stranke s pomo\u010djo 30 psiholo\u0161kih spro\u017eilcev, s katerimi boste stranko motivirali, vplivali nanjo in jo prepri\u010dali v nakup.","og_url":"https:\/\/www.lisac-lisac.si\/knjigarna\/marketing-in-prodaja\/sprozilci\/","og_site_name":"Lisac-lisac.si","article_modified_time":"2024-05-23T11:46:02+00:00","og_image":[{"width":881,"height":1264,"url":"https:\/\/www.lisac-lisac.si\/knjigarna\/wp-content\/uploads\/2021\/06\/sprozilci-knjiga.jpg","type":"image\/jpeg"}],"twitter_card":"summary_large_image","twitter_misc":{"Est. reading time":"2 minuti"},"schema":{"@context":"https:\/\/schema.org","@graph":[{"@type":"WebPage","@id":"https:\/\/www.lisac-lisac.si\/knjigarna\/marketing-in-prodaja\/sprozilci\/","url":"https:\/\/www.lisac-lisac.si\/knjigarna\/marketing-in-prodaja\/sprozilci\/","name":"Spro\u017eilci - Lisac-lisac.si","isPartOf":{"@id":"https:\/\/www.lisac-lisac.si\/knjigarna\/#website"},"primaryImageOfPage":{"@id":"https:\/\/www.lisac-lisac.si\/knjigarna\/marketing-in-prodaja\/sprozilci\/#primaryimage"},"image":{"@id":"https:\/\/www.lisac-lisac.si\/knjigarna\/marketing-in-prodaja\/sprozilci\/#primaryimage"},"thumbnailUrl":"https:\/\/www.lisac-lisac.si\/knjigarna\/wp-content\/uploads\/2021\/06\/sprozilci-knjiga.jpg","datePublished":"2021-06-08T10:37:28+00:00","dateModified":"2024-05-23T11:46:02+00:00","breadcrumb":{"@id":"https:\/\/www.lisac-lisac.si\/knjigarna\/marketing-in-prodaja\/sprozilci\/#breadcrumb"},"inLanguage":"sl-SI","potentialAction":[{"@type":"ReadAction","target":["https:\/\/www.lisac-lisac.si\/knjigarna\/marketing-in-prodaja\/sprozilci\/"]}]},{"@type":"ImageObject","inLanguage":"sl-SI","@id":"https:\/\/www.lisac-lisac.si\/knjigarna\/marketing-in-prodaja\/sprozilci\/#primaryimage","url":"https:\/\/www.lisac-lisac.si\/knjigarna\/wp-content\/uploads\/2021\/06\/sprozilci-knjiga.jpg","contentUrl":"https:\/\/www.lisac-lisac.si\/knjigarna\/wp-content\/uploads\/2021\/06\/sprozilci-knjiga.jpg","width":881,"height":1264},{"@type":"BreadcrumbList","@id":"https:\/\/www.lisac-lisac.si\/knjigarna\/marketing-in-prodaja\/sprozilci\/#breadcrumb","itemListElement":[{"@type":"ListItem","position":1,"name":"Domov","item":"https:\/\/www.lisac-lisac.si\/knjigarna\/"},{"@type":"ListItem","position":2,"name":"Knjigarna","item":"https:\/\/www.lisac-lisac.si\/knjigarna\/knjigarna\/"},{"@type":"ListItem","position":3,"name":"Spro\u017eilci"}]},{"@type":"WebSite","@id":"https:\/\/www.lisac-lisac.si\/knjigarna\/#website","url":"https:\/\/www.lisac-lisac.si\/knjigarna\/","name":"Lisac-lisac.si","description":"Knjige in seminarji za podjetnike.","potentialAction":[{"@type":"SearchAction","target":{"@type":"EntryPoint","urlTemplate":"https:\/\/www.lisac-lisac.si\/knjigarna\/?s={search_term_string}"},"query-input":"required name=search_term_string"}],"inLanguage":"sl-SI"}]}},"_links":{"self":[{"href":"https:\/\/www.lisac-lisac.si\/knjigarna\/wp-json\/wp\/v2\/product\/1534","targetHints":{"allow":["GET"]}}],"collection":[{"href":"https:\/\/www.lisac-lisac.si\/knjigarna\/wp-json\/wp\/v2\/product"}],"about":[{"href":"https:\/\/www.lisac-lisac.si\/knjigarna\/wp-json\/wp\/v2\/types\/product"}],"replies":[{"embeddable":true,"href":"https:\/\/www.lisac-lisac.si\/knjigarna\/wp-json\/wp\/v2\/comments?post=1534"}],"wp:featuredmedia":[{"embeddable":true,"href":"https:\/\/www.lisac-lisac.si\/knjigarna\/wp-json\/wp\/v2\/media\/2047"}],"wp:attachment":[{"href":"https:\/\/www.lisac-lisac.si\/knjigarna\/wp-json\/wp\/v2\/media?parent=1534"}],"wp:term":[{"taxonomy":"product_cat","embeddable":true,"href":"https:\/\/www.lisac-lisac.si\/knjigarna\/wp-json\/wp\/v2\/product_cat?post=1534"},{"taxonomy":"product_tag","embeddable":true,"href":"https:\/\/www.lisac-lisac.si\/knjigarna\/wp-json\/wp\/v2\/product_tag?post=1534"}],"curies":[{"name":"wp","href":"https:\/\/api.w.org\/{rel}","templated":true}]}}