

{"id":1537,"date":"2021-06-08T12:46:44","date_gmt":"2021-06-08T10:46:44","guid":{"rendered":"http:\/\/www.zacasno.eu\/lisac-shop\/?post_type=product&#038;p=1537"},"modified":"2021-08-13T07:48:12","modified_gmt":"2021-08-13T05:48:12","slug":"prodajni-nagovor-za-kar-koli","status":"publish","type":"product","link":"https:\/\/www.lisac-lisac.si\/knjigarna\/marketing-in-prodaja\/prodajni-nagovor-za-kar-koli\/","title":{"rendered":"PRODAJNI NAGOVOR ZA KAR KOLI"},"content":{"rendered":"<p>Bodisi da \u017eelite prodati svojo idejo vlagateljem, nagovarjate stranko k nakupu ali se pogajate za vi\u0161jo pla\u010do, bo knjiga <i>Prodajni nagovor za kar koli<\/i> spremenila na\u010din, na katerega pozicionirate svoje ideje.<\/p>\n","protected":false},"excerpt":{"rendered":"<p>Bodisi da \u017eelite prodati svojo idejo vlagateljem, nagovarjate stranko k nakupu ali se pogajate za vi\u0161jo pla\u010do, bo knjiga <i>Prodajni nagovor za kar koli<\/i> spremenila na\u010din, na katerega pozicionirate svoje ideje.<\/p>\n<ul class=\"sc_list sc_list_style_ul\"><li class=\"sc_list_item odd first\">Format: 250 strani, 21&#215;15 cm<\/li><\/ul>\n","protected":false},"featured_media":2061,"comment_status":"open","ping_status":"closed","template":"","meta":[],"product_cat":[101],"product_tag":[],"class_list":{"0":"post-1537","1":"product","2":"type-product","3":"status-publish","4":"has-post-thumbnail","6":"authors-oren-klaff","7":"product_cat-marketing-in-prodaja","9":"first","10":"instock","11":"taxable","12":"shipping-taxable","13":"purchasable","14":"product-type-simple"},"yoast_head":"<!-- This site is optimized with the Yoast SEO plugin v23.2 - https:\/\/yoast.com\/wordpress\/plugins\/seo\/ -->\n<title>PRODAJNI NAGOVOR ZA KAR KOLI - Lisac-lisac.si<\/title>\n<meta name=\"robots\" content=\"noindex, follow, max-snippet:-1, max-image-preview:large, max-video-preview:-1\" \/>\n<meta property=\"og:locale\" content=\"sl_SI\" \/>\n<meta property=\"og:type\" content=\"article\" \/>\n<meta property=\"og:title\" content=\"PRODAJNI NAGOVOR ZA KAR KOLI - Lisac-lisac.si\" \/>\n<meta property=\"og:description\" content=\"Bodisi da \u017eelite prodati svojo idejo vlagateljem, nagovarjate stranko k nakupu ali se pogajate za vi\u0161jo pla\u010do, bo knjiga Prodajni nagovor za kar koli spremenila na\u010din, na katerega pozicionirate svoje ideje.\" \/>\n<meta property=\"og:url\" content=\"https:\/\/www.lisac-lisac.si\/knjigarna\/marketing-in-prodaja\/prodajni-nagovor-za-kar-koli\/\" \/>\n<meta property=\"og:site_name\" content=\"Lisac-lisac.si\" \/>\n<meta property=\"article:modified_time\" content=\"2021-08-13T05:48:12+00:00\" \/>\n<meta property=\"og:image\" content=\"https:\/\/www.lisac-lisac.si\/knjigarna\/wp-content\/uploads\/2021\/06\/prodajni-nagovor.jpg\" \/>\n\t<meta property=\"og:image:width\" content=\"848\" \/>\n\t<meta property=\"og:image:height\" content=\"1262\" \/>\n\t<meta property=\"og:image:type\" content=\"image\/jpeg\" \/>\n<meta name=\"twitter:card\" content=\"summary_large_image\" \/>\n<meta name=\"twitter:label1\" content=\"Est. reading time\" \/>\n\t<meta name=\"twitter:data1\" content=\"1 minuta\" \/>\n<script type=\"application\/ld+json\" class=\"yoast-schema-graph\">{\"@context\":\"https:\/\/schema.org\",\"@graph\":[{\"@type\":\"WebPage\",\"@id\":\"https:\/\/www.lisac-lisac.si\/knjigarna\/marketing-in-prodaja\/prodajni-nagovor-za-kar-koli\/\",\"url\":\"https:\/\/www.lisac-lisac.si\/knjigarna\/marketing-in-prodaja\/prodajni-nagovor-za-kar-koli\/\",\"name\":\"PRODAJNI NAGOVOR ZA KAR KOLI - Lisac-lisac.si\",\"isPartOf\":{\"@id\":\"https:\/\/www.lisac-lisac.si\/knjigarna\/#website\"},\"primaryImageOfPage\":{\"@id\":\"https:\/\/www.lisac-lisac.si\/knjigarna\/marketing-in-prodaja\/prodajni-nagovor-za-kar-koli\/#primaryimage\"},\"image\":{\"@id\":\"https:\/\/www.lisac-lisac.si\/knjigarna\/marketing-in-prodaja\/prodajni-nagovor-za-kar-koli\/#primaryimage\"},\"thumbnailUrl\":\"https:\/\/www.lisac-lisac.si\/knjigarna\/wp-content\/uploads\/2021\/06\/prodajni-nagovor.jpg\",\"datePublished\":\"2021-06-08T10:46:44+00:00\",\"dateModified\":\"2021-08-13T05:48:12+00:00\",\"breadcrumb\":{\"@id\":\"https:\/\/www.lisac-lisac.si\/knjigarna\/marketing-in-prodaja\/prodajni-nagovor-za-kar-koli\/#breadcrumb\"},\"inLanguage\":\"sl-SI\",\"potentialAction\":[{\"@type\":\"ReadAction\",\"target\":[\"https:\/\/www.lisac-lisac.si\/knjigarna\/marketing-in-prodaja\/prodajni-nagovor-za-kar-koli\/\"]}]},{\"@type\":\"ImageObject\",\"inLanguage\":\"sl-SI\",\"@id\":\"https:\/\/www.lisac-lisac.si\/knjigarna\/marketing-in-prodaja\/prodajni-nagovor-za-kar-koli\/#primaryimage\",\"url\":\"https:\/\/www.lisac-lisac.si\/knjigarna\/wp-content\/uploads\/2021\/06\/prodajni-nagovor.jpg\",\"contentUrl\":\"https:\/\/www.lisac-lisac.si\/knjigarna\/wp-content\/uploads\/2021\/06\/prodajni-nagovor.jpg\",\"width\":848,\"height\":1262},{\"@type\":\"BreadcrumbList\",\"@id\":\"https:\/\/www.lisac-lisac.si\/knjigarna\/marketing-in-prodaja\/prodajni-nagovor-za-kar-koli\/#breadcrumb\",\"itemListElement\":[{\"@type\":\"ListItem\",\"position\":1,\"name\":\"Domov\",\"item\":\"https:\/\/www.lisac-lisac.si\/knjigarna\/\"},{\"@type\":\"ListItem\",\"position\":2,\"name\":\"Knjigarna\",\"item\":\"https:\/\/www.lisac-lisac.si\/knjigarna\/knjigarna\/\"},{\"@type\":\"ListItem\",\"position\":3,\"name\":\"PRODAJNI NAGOVOR ZA KAR KOLI\"}]},{\"@type\":\"WebSite\",\"@id\":\"https:\/\/www.lisac-lisac.si\/knjigarna\/#website\",\"url\":\"https:\/\/www.lisac-lisac.si\/knjigarna\/\",\"name\":\"Lisac-lisac.si\",\"description\":\"Knjige in seminarji za podjetnike.\",\"potentialAction\":[{\"@type\":\"SearchAction\",\"target\":{\"@type\":\"EntryPoint\",\"urlTemplate\":\"https:\/\/www.lisac-lisac.si\/knjigarna\/?s={search_term_string}\"},\"query-input\":\"required name=search_term_string\"}],\"inLanguage\":\"sl-SI\"}]}<\/script>\n<!-- \/ Yoast SEO plugin. -->","yoast_head_json":{"title":"PRODAJNI NAGOVOR ZA KAR KOLI - Lisac-lisac.si","robots":{"index":"noindex","follow":"follow","max-snippet":"max-snippet:-1","max-image-preview":"max-image-preview:large","max-video-preview":"max-video-preview:-1"},"og_locale":"sl_SI","og_type":"article","og_title":"PRODAJNI NAGOVOR ZA KAR KOLI - Lisac-lisac.si","og_description":"Bodisi da \u017eelite prodati svojo idejo vlagateljem, nagovarjate stranko k nakupu ali se pogajate za vi\u0161jo pla\u010do, bo knjiga Prodajni nagovor za kar koli spremenila na\u010din, na katerega pozicionirate svoje ideje.","og_url":"https:\/\/www.lisac-lisac.si\/knjigarna\/marketing-in-prodaja\/prodajni-nagovor-za-kar-koli\/","og_site_name":"Lisac-lisac.si","article_modified_time":"2021-08-13T05:48:12+00:00","og_image":[{"width":848,"height":1262,"url":"https:\/\/www.lisac-lisac.si\/knjigarna\/wp-content\/uploads\/2021\/06\/prodajni-nagovor.jpg","type":"image\/jpeg"}],"twitter_card":"summary_large_image","twitter_misc":{"Est. reading time":"1 minuta"},"schema":{"@context":"https:\/\/schema.org","@graph":[{"@type":"WebPage","@id":"https:\/\/www.lisac-lisac.si\/knjigarna\/marketing-in-prodaja\/prodajni-nagovor-za-kar-koli\/","url":"https:\/\/www.lisac-lisac.si\/knjigarna\/marketing-in-prodaja\/prodajni-nagovor-za-kar-koli\/","name":"PRODAJNI NAGOVOR ZA KAR KOLI - Lisac-lisac.si","isPartOf":{"@id":"https:\/\/www.lisac-lisac.si\/knjigarna\/#website"},"primaryImageOfPage":{"@id":"https:\/\/www.lisac-lisac.si\/knjigarna\/marketing-in-prodaja\/prodajni-nagovor-za-kar-koli\/#primaryimage"},"image":{"@id":"https:\/\/www.lisac-lisac.si\/knjigarna\/marketing-in-prodaja\/prodajni-nagovor-za-kar-koli\/#primaryimage"},"thumbnailUrl":"https:\/\/www.lisac-lisac.si\/knjigarna\/wp-content\/uploads\/2021\/06\/prodajni-nagovor.jpg","datePublished":"2021-06-08T10:46:44+00:00","dateModified":"2021-08-13T05:48:12+00:00","breadcrumb":{"@id":"https:\/\/www.lisac-lisac.si\/knjigarna\/marketing-in-prodaja\/prodajni-nagovor-za-kar-koli\/#breadcrumb"},"inLanguage":"sl-SI","potentialAction":[{"@type":"ReadAction","target":["https:\/\/www.lisac-lisac.si\/knjigarna\/marketing-in-prodaja\/prodajni-nagovor-za-kar-koli\/"]}]},{"@type":"ImageObject","inLanguage":"sl-SI","@id":"https:\/\/www.lisac-lisac.si\/knjigarna\/marketing-in-prodaja\/prodajni-nagovor-za-kar-koli\/#primaryimage","url":"https:\/\/www.lisac-lisac.si\/knjigarna\/wp-content\/uploads\/2021\/06\/prodajni-nagovor.jpg","contentUrl":"https:\/\/www.lisac-lisac.si\/knjigarna\/wp-content\/uploads\/2021\/06\/prodajni-nagovor.jpg","width":848,"height":1262},{"@type":"BreadcrumbList","@id":"https:\/\/www.lisac-lisac.si\/knjigarna\/marketing-in-prodaja\/prodajni-nagovor-za-kar-koli\/#breadcrumb","itemListElement":[{"@type":"ListItem","position":1,"name":"Domov","item":"https:\/\/www.lisac-lisac.si\/knjigarna\/"},{"@type":"ListItem","position":2,"name":"Knjigarna","item":"https:\/\/www.lisac-lisac.si\/knjigarna\/knjigarna\/"},{"@type":"ListItem","position":3,"name":"PRODAJNI NAGOVOR ZA KAR KOLI"}]},{"@type":"WebSite","@id":"https:\/\/www.lisac-lisac.si\/knjigarna\/#website","url":"https:\/\/www.lisac-lisac.si\/knjigarna\/","name":"Lisac-lisac.si","description":"Knjige in seminarji za podjetnike.","potentialAction":[{"@type":"SearchAction","target":{"@type":"EntryPoint","urlTemplate":"https:\/\/www.lisac-lisac.si\/knjigarna\/?s={search_term_string}"},"query-input":"required name=search_term_string"}],"inLanguage":"sl-SI"}]}},"_links":{"self":[{"href":"https:\/\/www.lisac-lisac.si\/knjigarna\/wp-json\/wp\/v2\/product\/1537","targetHints":{"allow":["GET"]}}],"collection":[{"href":"https:\/\/www.lisac-lisac.si\/knjigarna\/wp-json\/wp\/v2\/product"}],"about":[{"href":"https:\/\/www.lisac-lisac.si\/knjigarna\/wp-json\/wp\/v2\/types\/product"}],"replies":[{"embeddable":true,"href":"https:\/\/www.lisac-lisac.si\/knjigarna\/wp-json\/wp\/v2\/comments?post=1537"}],"wp:featuredmedia":[{"embeddable":true,"href":"https:\/\/www.lisac-lisac.si\/knjigarna\/wp-json\/wp\/v2\/media\/2061"}],"wp:attachment":[{"href":"https:\/\/www.lisac-lisac.si\/knjigarna\/wp-json\/wp\/v2\/media?parent=1537"}],"wp:term":[{"taxonomy":"product_cat","embeddable":true,"href":"https:\/\/www.lisac-lisac.si\/knjigarna\/wp-json\/wp\/v2\/product_cat?post=1537"},{"taxonomy":"product_tag","embeddable":true,"href":"https:\/\/www.lisac-lisac.si\/knjigarna\/wp-json\/wp\/v2\/product_tag?post=1537"}],"curies":[{"name":"wp","href":"https:\/\/api.w.org\/{rel}","templated":true}]}}