

{"id":1714,"date":"2021-07-02T08:10:43","date_gmt":"2021-07-02T06:10:43","guid":{"rendered":"https:\/\/www.zacasno.eu\/lisac-shop\/?post_type=product&#038;p=1714"},"modified":"2021-08-13T07:48:31","modified_gmt":"2021-08-13T05:48:31","slug":"webinar-kako-postaviti-ceno-vasemu-izdelku-ali-storitvi-da-boste-zasluzili-najvec","status":"publish","type":"product","link":"https:\/\/www.lisac-lisac.si\/knjigarna\/webinarji-prijava\/webinar-kako-postaviti-ceno-vasemu-izdelku-ali-storitvi-da-boste-zasluzili-najvec\/","title":{"rendered":"Kako postaviti ceno va\u0161emu izdelku ali storitvi, da boste zaslu\u017eili najve\u010d?"},"content":{"rendered":"","protected":false},"excerpt":{"rendered":"<div class=\"wpb_text_column wpb_content_element \">\n<div class=\"wpb_wrapper\">\n<p>Kdaj in kako lahko spremenimo ceno? Kdaj lahko ceno spremenimo, ne da bi spreminjali izdelek ali storitev? Kako spremeniti va\u0161o storitev, da boste lahko dvignili ceno? Kako postaviti ceno pri novih izdelkih? Kako ceno predstaviti ob\u010dasnim kupcem in profesionalnim nabavnikom?<\/p>\n<\/div>\n<\/div>\n<div class=\"wpb_text_column wpb_content_element \">\n<div class=\"wpb_wrapper\">\n<p><b>Kdaj?\u00a0<\/b>takoj, ko naro\u010dite povezavo na video seminar.<\/p>\n<p><b>Kje?<\/b>\u00a0Na zaslonu va\u0161ega ra\u010dunalnika, tablice, telefona. Glejte samo, da boste imeli internetno povezavo.<\/p>\n<p><b>Cena?<\/b>\u00a025 EUR + DDV (ali 14,9 EUR + DDV v paketu 10 webinarjev)<\/p>\n<\/div>\n<\/div>\n","protected":false},"featured_media":1713,"comment_status":"open","ping_status":"closed","template":"","meta":[],"product_cat":[122],"product_tag":[],"class_list":{"0":"post-1714","1":"product","2":"type-product","3":"status-publish","4":"has-post-thumbnail","6":"product_cat-webinarji-prijava","8":"first","9":"instock","10":"virtual","11":"taxable","12":"purchasable","13":"product-type-simple"},"yoast_head":"<!-- This site is optimized with the Yoast SEO plugin v23.2 - https:\/\/yoast.com\/wordpress\/plugins\/seo\/ -->\n<title>Kako postaviti ceno va\u0161emu izdelku ali storitvi, da boste zaslu\u017eili najve\u010d? - Lisac-lisac.si<\/title>\n<meta name=\"robots\" content=\"noindex, follow, max-snippet:-1, max-image-preview:large, max-video-preview:-1\" \/>\n<meta property=\"og:locale\" content=\"sl_SI\" \/>\n<meta property=\"og:type\" content=\"article\" \/>\n<meta property=\"og:title\" content=\"Kako postaviti ceno va\u0161emu izdelku ali storitvi, da boste zaslu\u017eili najve\u010d? - Lisac-lisac.si\" \/>\n<meta property=\"og:description\" content=\"Kdaj in kako lahko spremenimo ceno? Kdaj lahko ceno spremenimo, ne da bi spreminjali izdelek ali storitev? Kako spremeniti va\u0161o storitev, da boste lahko dvignili ceno? Kako postaviti ceno pri novih izdelkih? Kako ceno predstaviti ob\u010dasnim kupcem in profesionalnim nabavnikom?       Kdaj?\u00a0takoj, ko naro\u010dite povezavo na video seminar.  Kje?\u00a0Na zaslonu va\u0161ega ra\u010dunalnika, tablice, telefona. Glejte samo, da boste imeli internetno povezavo.  Cena?\u00a025 EUR + DDV (ali 14,9 EUR + DDV v paketu 10 webinarjev)\" \/>\n<meta property=\"og:url\" content=\"https:\/\/www.lisac-lisac.si\/knjigarna\/webinarji-prijava\/webinar-kako-postaviti-ceno-vasemu-izdelku-ali-storitvi-da-boste-zasluzili-najvec\/\" \/>\n<meta property=\"og:site_name\" content=\"Lisac-lisac.si\" \/>\n<meta property=\"article:modified_time\" content=\"2021-08-13T05:48:31+00:00\" \/>\n<meta property=\"og:image\" content=\"https:\/\/www.lisac-lisac.si\/knjigarna\/wp-content\/uploads\/2016\/07\/webinar1.jpg\" \/>\n\t<meta property=\"og:image:width\" content=\"1170\" \/>\n\t<meta property=\"og:image:height\" content=\"819\" \/>\n\t<meta property=\"og:image:type\" content=\"image\/jpeg\" \/>\n<meta name=\"twitter:card\" content=\"summary_large_image\" \/>\n<script type=\"application\/ld+json\" class=\"yoast-schema-graph\">{\"@context\":\"https:\/\/schema.org\",\"@graph\":[{\"@type\":\"WebPage\",\"@id\":\"https:\/\/www.lisac-lisac.si\/knjigarna\/webinarji-prijava\/webinar-kako-postaviti-ceno-vasemu-izdelku-ali-storitvi-da-boste-zasluzili-najvec\/\",\"url\":\"https:\/\/www.lisac-lisac.si\/knjigarna\/webinarji-prijava\/webinar-kako-postaviti-ceno-vasemu-izdelku-ali-storitvi-da-boste-zasluzili-najvec\/\",\"name\":\"Kako postaviti ceno va\u0161emu izdelku ali storitvi, da boste zaslu\u017eili najve\u010d? - Lisac-lisac.si\",\"isPartOf\":{\"@id\":\"https:\/\/www.lisac-lisac.si\/knjigarna\/#website\"},\"primaryImageOfPage\":{\"@id\":\"https:\/\/www.lisac-lisac.si\/knjigarna\/webinarji-prijava\/webinar-kako-postaviti-ceno-vasemu-izdelku-ali-storitvi-da-boste-zasluzili-najvec\/#primaryimage\"},\"image\":{\"@id\":\"https:\/\/www.lisac-lisac.si\/knjigarna\/webinarji-prijava\/webinar-kako-postaviti-ceno-vasemu-izdelku-ali-storitvi-da-boste-zasluzili-najvec\/#primaryimage\"},\"thumbnailUrl\":\"https:\/\/www.lisac-lisac.si\/knjigarna\/wp-content\/uploads\/2016\/07\/webinar1.jpg\",\"datePublished\":\"2021-07-02T06:10:43+00:00\",\"dateModified\":\"2021-08-13T05:48:31+00:00\",\"breadcrumb\":{\"@id\":\"https:\/\/www.lisac-lisac.si\/knjigarna\/webinarji-prijava\/webinar-kako-postaviti-ceno-vasemu-izdelku-ali-storitvi-da-boste-zasluzili-najvec\/#breadcrumb\"},\"inLanguage\":\"sl-SI\",\"potentialAction\":[{\"@type\":\"ReadAction\",\"target\":[\"https:\/\/www.lisac-lisac.si\/knjigarna\/webinarji-prijava\/webinar-kako-postaviti-ceno-vasemu-izdelku-ali-storitvi-da-boste-zasluzili-najvec\/\"]}]},{\"@type\":\"ImageObject\",\"inLanguage\":\"sl-SI\",\"@id\":\"https:\/\/www.lisac-lisac.si\/knjigarna\/webinarji-prijava\/webinar-kako-postaviti-ceno-vasemu-izdelku-ali-storitvi-da-boste-zasluzili-najvec\/#primaryimage\",\"url\":\"https:\/\/www.lisac-lisac.si\/knjigarna\/wp-content\/uploads\/2016\/07\/webinar1.jpg\",\"contentUrl\":\"https:\/\/www.lisac-lisac.si\/knjigarna\/wp-content\/uploads\/2016\/07\/webinar1.jpg\",\"width\":1170,\"height\":819},{\"@type\":\"BreadcrumbList\",\"@id\":\"https:\/\/www.lisac-lisac.si\/knjigarna\/webinarji-prijava\/webinar-kako-postaviti-ceno-vasemu-izdelku-ali-storitvi-da-boste-zasluzili-najvec\/#breadcrumb\",\"itemListElement\":[{\"@type\":\"ListItem\",\"position\":1,\"name\":\"Domov\",\"item\":\"https:\/\/www.lisac-lisac.si\/knjigarna\/\"},{\"@type\":\"ListItem\",\"position\":2,\"name\":\"Knjigarna\",\"item\":\"https:\/\/www.lisac-lisac.si\/knjigarna\/knjigarna\/\"},{\"@type\":\"ListItem\",\"position\":3,\"name\":\"Kako postaviti ceno va\u0161emu izdelku ali storitvi, da boste zaslu\u017eili najve\u010d?\"}]},{\"@type\":\"WebSite\",\"@id\":\"https:\/\/www.lisac-lisac.si\/knjigarna\/#website\",\"url\":\"https:\/\/www.lisac-lisac.si\/knjigarna\/\",\"name\":\"Lisac-lisac.si\",\"description\":\"Knjige in seminarji za podjetnike.\",\"potentialAction\":[{\"@type\":\"SearchAction\",\"target\":{\"@type\":\"EntryPoint\",\"urlTemplate\":\"https:\/\/www.lisac-lisac.si\/knjigarna\/?s={search_term_string}\"},\"query-input\":\"required name=search_term_string\"}],\"inLanguage\":\"sl-SI\"}]}<\/script>\n<!-- \/ Yoast SEO plugin. -->","yoast_head_json":{"title":"Kako postaviti ceno va\u0161emu izdelku ali storitvi, da boste zaslu\u017eili najve\u010d? - Lisac-lisac.si","robots":{"index":"noindex","follow":"follow","max-snippet":"max-snippet:-1","max-image-preview":"max-image-preview:large","max-video-preview":"max-video-preview:-1"},"og_locale":"sl_SI","og_type":"article","og_title":"Kako postaviti ceno va\u0161emu izdelku ali storitvi, da boste zaslu\u017eili najve\u010d? - Lisac-lisac.si","og_description":"Kdaj in kako lahko spremenimo ceno? Kdaj lahko ceno spremenimo, ne da bi spreminjali izdelek ali storitev? Kako spremeniti va\u0161o storitev, da boste lahko dvignili ceno? Kako postaviti ceno pri novih izdelkih? Kako ceno predstaviti ob\u010dasnim kupcem in profesionalnim nabavnikom?       Kdaj?\u00a0takoj, ko naro\u010dite povezavo na video seminar.  Kje?\u00a0Na zaslonu va\u0161ega ra\u010dunalnika, tablice, telefona. Glejte samo, da boste imeli internetno povezavo.  Cena?\u00a025 EUR + DDV (ali 14,9 EUR + DDV v paketu 10 webinarjev)","og_url":"https:\/\/www.lisac-lisac.si\/knjigarna\/webinarji-prijava\/webinar-kako-postaviti-ceno-vasemu-izdelku-ali-storitvi-da-boste-zasluzili-najvec\/","og_site_name":"Lisac-lisac.si","article_modified_time":"2021-08-13T05:48:31+00:00","og_image":[{"width":1170,"height":819,"url":"https:\/\/www.lisac-lisac.si\/knjigarna\/wp-content\/uploads\/2016\/07\/webinar1.jpg","type":"image\/jpeg"}],"twitter_card":"summary_large_image","schema":{"@context":"https:\/\/schema.org","@graph":[{"@type":"WebPage","@id":"https:\/\/www.lisac-lisac.si\/knjigarna\/webinarji-prijava\/webinar-kako-postaviti-ceno-vasemu-izdelku-ali-storitvi-da-boste-zasluzili-najvec\/","url":"https:\/\/www.lisac-lisac.si\/knjigarna\/webinarji-prijava\/webinar-kako-postaviti-ceno-vasemu-izdelku-ali-storitvi-da-boste-zasluzili-najvec\/","name":"Kako postaviti ceno va\u0161emu izdelku ali storitvi, da boste zaslu\u017eili najve\u010d? - Lisac-lisac.si","isPartOf":{"@id":"https:\/\/www.lisac-lisac.si\/knjigarna\/#website"},"primaryImageOfPage":{"@id":"https:\/\/www.lisac-lisac.si\/knjigarna\/webinarji-prijava\/webinar-kako-postaviti-ceno-vasemu-izdelku-ali-storitvi-da-boste-zasluzili-najvec\/#primaryimage"},"image":{"@id":"https:\/\/www.lisac-lisac.si\/knjigarna\/webinarji-prijava\/webinar-kako-postaviti-ceno-vasemu-izdelku-ali-storitvi-da-boste-zasluzili-najvec\/#primaryimage"},"thumbnailUrl":"https:\/\/www.lisac-lisac.si\/knjigarna\/wp-content\/uploads\/2016\/07\/webinar1.jpg","datePublished":"2021-07-02T06:10:43+00:00","dateModified":"2021-08-13T05:48:31+00:00","breadcrumb":{"@id":"https:\/\/www.lisac-lisac.si\/knjigarna\/webinarji-prijava\/webinar-kako-postaviti-ceno-vasemu-izdelku-ali-storitvi-da-boste-zasluzili-najvec\/#breadcrumb"},"inLanguage":"sl-SI","potentialAction":[{"@type":"ReadAction","target":["https:\/\/www.lisac-lisac.si\/knjigarna\/webinarji-prijava\/webinar-kako-postaviti-ceno-vasemu-izdelku-ali-storitvi-da-boste-zasluzili-najvec\/"]}]},{"@type":"ImageObject","inLanguage":"sl-SI","@id":"https:\/\/www.lisac-lisac.si\/knjigarna\/webinarji-prijava\/webinar-kako-postaviti-ceno-vasemu-izdelku-ali-storitvi-da-boste-zasluzili-najvec\/#primaryimage","url":"https:\/\/www.lisac-lisac.si\/knjigarna\/wp-content\/uploads\/2016\/07\/webinar1.jpg","contentUrl":"https:\/\/www.lisac-lisac.si\/knjigarna\/wp-content\/uploads\/2016\/07\/webinar1.jpg","width":1170,"height":819},{"@type":"BreadcrumbList","@id":"https:\/\/www.lisac-lisac.si\/knjigarna\/webinarji-prijava\/webinar-kako-postaviti-ceno-vasemu-izdelku-ali-storitvi-da-boste-zasluzili-najvec\/#breadcrumb","itemListElement":[{"@type":"ListItem","position":1,"name":"Domov","item":"https:\/\/www.lisac-lisac.si\/knjigarna\/"},{"@type":"ListItem","position":2,"name":"Knjigarna","item":"https:\/\/www.lisac-lisac.si\/knjigarna\/knjigarna\/"},{"@type":"ListItem","position":3,"name":"Kako postaviti ceno va\u0161emu izdelku ali storitvi, da boste zaslu\u017eili najve\u010d?"}]},{"@type":"WebSite","@id":"https:\/\/www.lisac-lisac.si\/knjigarna\/#website","url":"https:\/\/www.lisac-lisac.si\/knjigarna\/","name":"Lisac-lisac.si","description":"Knjige in seminarji za podjetnike.","potentialAction":[{"@type":"SearchAction","target":{"@type":"EntryPoint","urlTemplate":"https:\/\/www.lisac-lisac.si\/knjigarna\/?s={search_term_string}"},"query-input":"required name=search_term_string"}],"inLanguage":"sl-SI"}]}},"_links":{"self":[{"href":"https:\/\/www.lisac-lisac.si\/knjigarna\/wp-json\/wp\/v2\/product\/1714","targetHints":{"allow":["GET"]}}],"collection":[{"href":"https:\/\/www.lisac-lisac.si\/knjigarna\/wp-json\/wp\/v2\/product"}],"about":[{"href":"https:\/\/www.lisac-lisac.si\/knjigarna\/wp-json\/wp\/v2\/types\/product"}],"replies":[{"embeddable":true,"href":"https:\/\/www.lisac-lisac.si\/knjigarna\/wp-json\/wp\/v2\/comments?post=1714"}],"wp:featuredmedia":[{"embeddable":true,"href":"https:\/\/www.lisac-lisac.si\/knjigarna\/wp-json\/wp\/v2\/media\/1713"}],"wp:attachment":[{"href":"https:\/\/www.lisac-lisac.si\/knjigarna\/wp-json\/wp\/v2\/media?parent=1714"}],"wp:term":[{"taxonomy":"product_cat","embeddable":true,"href":"https:\/\/www.lisac-lisac.si\/knjigarna\/wp-json\/wp\/v2\/product_cat?post=1714"},{"taxonomy":"product_tag","embeddable":true,"href":"https:\/\/www.lisac-lisac.si\/knjigarna\/wp-json\/wp\/v2\/product_tag?post=1714"}],"curies":[{"name":"wp","href":"https:\/\/api.w.org\/{rel}","templated":true}]}}