

{"id":1724,"date":"2021-07-02T09:40:18","date_gmt":"2021-07-02T07:40:18","guid":{"rendered":"https:\/\/www.zacasno.eu\/lisac-shop\/?post_type=product&#038;p=1724"},"modified":"2021-08-13T07:48:52","modified_gmt":"2021-08-13T05:48:52","slug":"webinar-kje-in-kako-do-vec-potencialnih-strank","status":"publish","type":"product","link":"https:\/\/www.lisac-lisac.si\/knjigarna\/webinarji-prijava\/webinar-kje-in-kako-do-vec-potencialnih-strank\/","title":{"rendered":"Kje in kako do ve\u010d potencialnih strank?"},"content":{"rendered":"","protected":false},"excerpt":{"rendered":"<div class=\"wpb_text_column wpb_content_element \">\n<div class=\"wpb_wrapper\">\n<p>Predstavili vam bomo izdelan sistem za pridobivanje kakovostnih \u00bbleadov\u00ab \u2013 tj. potencialnih strank, ki si \u017eelijo kupiti, kar prodajate, in imajo tudi denar za nakup.<\/p>\n<p>Na kak\u0161en na\u010din poiskati prave stranke? Katere so metode, pri katerih pridemo do takih strank, ki si jih res \u017eelimo?<\/p>\n<\/div>\n<\/div>\n<div class=\"wpb_text_column wpb_content_element \">\n<div class=\"wpb_wrapper\">\n<p><b>Kdaj?<\/b>\u00a09. aprila ob 20h<\/p>\n<p><b>Kje?<\/b>\u00a0Na zaslonu va\u0161ega ra\u010dunalnika, tablice, telefona. Glejte samo, da boste imeli internetno povezavo.<\/p>\n<p>Prijavite se tudi, \u010de morda ne boste utegnili spremljati webinarja v \u017eivo. Samo prijavljeni boste prejeli povezavo do ponovitve.<\/p>\n<p><b>Cena?<\/b> 25 EUR + DDV (ali 14,9 EUR + DDV v paketu 10 webinarjev)<\/p>\n<\/div>\n<\/div>\n","protected":false},"featured_media":1723,"comment_status":"open","ping_status":"closed","template":"","meta":[],"product_cat":[122],"product_tag":[],"class_list":{"0":"post-1724","1":"product","2":"type-product","3":"status-publish","4":"has-post-thumbnail","6":"product_cat-webinarji-prijava","8":"first","9":"instock","10":"virtual","11":"taxable","12":"purchasable","13":"product-type-simple"},"yoast_head":"<!-- This site is optimized with the Yoast SEO plugin v23.2 - https:\/\/yoast.com\/wordpress\/plugins\/seo\/ -->\n<title>Kje in kako do ve\u010d potencialnih strank? - Lisac-lisac.si<\/title>\n<meta name=\"robots\" content=\"noindex, follow, max-snippet:-1, max-image-preview:large, max-video-preview:-1\" \/>\n<meta property=\"og:locale\" content=\"sl_SI\" \/>\n<meta property=\"og:type\" content=\"article\" \/>\n<meta property=\"og:title\" content=\"Kje in kako do ve\u010d potencialnih strank? - Lisac-lisac.si\" \/>\n<meta property=\"og:description\" content=\"Predstavili vam bomo izdelan sistem za pridobivanje kakovostnih \u00bbleadov\u00ab \u2013 tj. potencialnih strank, ki si \u017eelijo kupiti, kar prodajate, in imajo tudi denar za nakup.  Na kak\u0161en na\u010din poiskati prave stranke? Katere so metode, pri katerih pridemo do takih strank, ki si jih res \u017eelimo?       Kdaj?\u00a09. aprila ob 20h  Kje?\u00a0Na zaslonu va\u0161ega ra\u010dunalnika, tablice, telefona. Glejte samo, da boste imeli internetno povezavo.  Prijavite se tudi, \u010de morda ne boste utegnili spremljati webinarja v \u017eivo. Samo prijavljeni boste prejeli povezavo do ponovitve.  Cena? 25 EUR + DDV (ali 14,9 EUR + DDV v paketu 10 webinarjev)\" \/>\n<meta property=\"og:url\" content=\"https:\/\/www.lisac-lisac.si\/knjigarna\/webinarji-prijava\/webinar-kje-in-kako-do-vec-potencialnih-strank\/\" \/>\n<meta property=\"og:site_name\" content=\"Lisac-lisac.si\" \/>\n<meta property=\"article:modified_time\" content=\"2021-08-13T05:48:52+00:00\" \/>\n<meta property=\"og:image\" content=\"https:\/\/www.lisac-lisac.si\/knjigarna\/wp-content\/uploads\/2016\/07\/seminar3.jpg\" \/>\n\t<meta property=\"og:image:width\" content=\"1170\" \/>\n\t<meta property=\"og:image:height\" content=\"819\" \/>\n\t<meta property=\"og:image:type\" content=\"image\/jpeg\" \/>\n<meta name=\"twitter:card\" content=\"summary_large_image\" \/>\n<script type=\"application\/ld+json\" class=\"yoast-schema-graph\">{\"@context\":\"https:\/\/schema.org\",\"@graph\":[{\"@type\":\"WebPage\",\"@id\":\"https:\/\/www.lisac-lisac.si\/knjigarna\/webinarji-prijava\/webinar-kje-in-kako-do-vec-potencialnih-strank\/\",\"url\":\"https:\/\/www.lisac-lisac.si\/knjigarna\/webinarji-prijava\/webinar-kje-in-kako-do-vec-potencialnih-strank\/\",\"name\":\"Kje in kako do ve\u010d potencialnih strank? - Lisac-lisac.si\",\"isPartOf\":{\"@id\":\"https:\/\/www.lisac-lisac.si\/knjigarna\/#website\"},\"primaryImageOfPage\":{\"@id\":\"https:\/\/www.lisac-lisac.si\/knjigarna\/webinarji-prijava\/webinar-kje-in-kako-do-vec-potencialnih-strank\/#primaryimage\"},\"image\":{\"@id\":\"https:\/\/www.lisac-lisac.si\/knjigarna\/webinarji-prijava\/webinar-kje-in-kako-do-vec-potencialnih-strank\/#primaryimage\"},\"thumbnailUrl\":\"https:\/\/www.lisac-lisac.si\/knjigarna\/wp-content\/uploads\/2016\/07\/seminar3.jpg\",\"datePublished\":\"2021-07-02T07:40:18+00:00\",\"dateModified\":\"2021-08-13T05:48:52+00:00\",\"breadcrumb\":{\"@id\":\"https:\/\/www.lisac-lisac.si\/knjigarna\/webinarji-prijava\/webinar-kje-in-kako-do-vec-potencialnih-strank\/#breadcrumb\"},\"inLanguage\":\"sl-SI\",\"potentialAction\":[{\"@type\":\"ReadAction\",\"target\":[\"https:\/\/www.lisac-lisac.si\/knjigarna\/webinarji-prijava\/webinar-kje-in-kako-do-vec-potencialnih-strank\/\"]}]},{\"@type\":\"ImageObject\",\"inLanguage\":\"sl-SI\",\"@id\":\"https:\/\/www.lisac-lisac.si\/knjigarna\/webinarji-prijava\/webinar-kje-in-kako-do-vec-potencialnih-strank\/#primaryimage\",\"url\":\"https:\/\/www.lisac-lisac.si\/knjigarna\/wp-content\/uploads\/2016\/07\/seminar3.jpg\",\"contentUrl\":\"https:\/\/www.lisac-lisac.si\/knjigarna\/wp-content\/uploads\/2016\/07\/seminar3.jpg\",\"width\":1170,\"height\":819},{\"@type\":\"BreadcrumbList\",\"@id\":\"https:\/\/www.lisac-lisac.si\/knjigarna\/webinarji-prijava\/webinar-kje-in-kako-do-vec-potencialnih-strank\/#breadcrumb\",\"itemListElement\":[{\"@type\":\"ListItem\",\"position\":1,\"name\":\"Domov\",\"item\":\"https:\/\/www.lisac-lisac.si\/knjigarna\/\"},{\"@type\":\"ListItem\",\"position\":2,\"name\":\"Knjigarna\",\"item\":\"https:\/\/www.lisac-lisac.si\/knjigarna\/knjigarna\/\"},{\"@type\":\"ListItem\",\"position\":3,\"name\":\"Kje in kako do ve\u010d potencialnih strank?\"}]},{\"@type\":\"WebSite\",\"@id\":\"https:\/\/www.lisac-lisac.si\/knjigarna\/#website\",\"url\":\"https:\/\/www.lisac-lisac.si\/knjigarna\/\",\"name\":\"Lisac-lisac.si\",\"description\":\"Knjige in seminarji za podjetnike.\",\"potentialAction\":[{\"@type\":\"SearchAction\",\"target\":{\"@type\":\"EntryPoint\",\"urlTemplate\":\"https:\/\/www.lisac-lisac.si\/knjigarna\/?s={search_term_string}\"},\"query-input\":\"required name=search_term_string\"}],\"inLanguage\":\"sl-SI\"}]}<\/script>\n<!-- \/ Yoast SEO plugin. -->","yoast_head_json":{"title":"Kje in kako do ve\u010d potencialnih strank? - Lisac-lisac.si","robots":{"index":"noindex","follow":"follow","max-snippet":"max-snippet:-1","max-image-preview":"max-image-preview:large","max-video-preview":"max-video-preview:-1"},"og_locale":"sl_SI","og_type":"article","og_title":"Kje in kako do ve\u010d potencialnih strank? - Lisac-lisac.si","og_description":"Predstavili vam bomo izdelan sistem za pridobivanje kakovostnih \u00bbleadov\u00ab \u2013 tj. potencialnih strank, ki si \u017eelijo kupiti, kar prodajate, in imajo tudi denar za nakup.  Na kak\u0161en na\u010din poiskati prave stranke? Katere so metode, pri katerih pridemo do takih strank, ki si jih res \u017eelimo?       Kdaj?\u00a09. aprila ob 20h  Kje?\u00a0Na zaslonu va\u0161ega ra\u010dunalnika, tablice, telefona. Glejte samo, da boste imeli internetno povezavo.  Prijavite se tudi, \u010de morda ne boste utegnili spremljati webinarja v \u017eivo. Samo prijavljeni boste prejeli povezavo do ponovitve.  Cena? 25 EUR + DDV (ali 14,9 EUR + DDV v paketu 10 webinarjev)","og_url":"https:\/\/www.lisac-lisac.si\/knjigarna\/webinarji-prijava\/webinar-kje-in-kako-do-vec-potencialnih-strank\/","og_site_name":"Lisac-lisac.si","article_modified_time":"2021-08-13T05:48:52+00:00","og_image":[{"width":1170,"height":819,"url":"https:\/\/www.lisac-lisac.si\/knjigarna\/wp-content\/uploads\/2016\/07\/seminar3.jpg","type":"image\/jpeg"}],"twitter_card":"summary_large_image","schema":{"@context":"https:\/\/schema.org","@graph":[{"@type":"WebPage","@id":"https:\/\/www.lisac-lisac.si\/knjigarna\/webinarji-prijava\/webinar-kje-in-kako-do-vec-potencialnih-strank\/","url":"https:\/\/www.lisac-lisac.si\/knjigarna\/webinarji-prijava\/webinar-kje-in-kako-do-vec-potencialnih-strank\/","name":"Kje in kako do ve\u010d potencialnih strank? - Lisac-lisac.si","isPartOf":{"@id":"https:\/\/www.lisac-lisac.si\/knjigarna\/#website"},"primaryImageOfPage":{"@id":"https:\/\/www.lisac-lisac.si\/knjigarna\/webinarji-prijava\/webinar-kje-in-kako-do-vec-potencialnih-strank\/#primaryimage"},"image":{"@id":"https:\/\/www.lisac-lisac.si\/knjigarna\/webinarji-prijava\/webinar-kje-in-kako-do-vec-potencialnih-strank\/#primaryimage"},"thumbnailUrl":"https:\/\/www.lisac-lisac.si\/knjigarna\/wp-content\/uploads\/2016\/07\/seminar3.jpg","datePublished":"2021-07-02T07:40:18+00:00","dateModified":"2021-08-13T05:48:52+00:00","breadcrumb":{"@id":"https:\/\/www.lisac-lisac.si\/knjigarna\/webinarji-prijava\/webinar-kje-in-kako-do-vec-potencialnih-strank\/#breadcrumb"},"inLanguage":"sl-SI","potentialAction":[{"@type":"ReadAction","target":["https:\/\/www.lisac-lisac.si\/knjigarna\/webinarji-prijava\/webinar-kje-in-kako-do-vec-potencialnih-strank\/"]}]},{"@type":"ImageObject","inLanguage":"sl-SI","@id":"https:\/\/www.lisac-lisac.si\/knjigarna\/webinarji-prijava\/webinar-kje-in-kako-do-vec-potencialnih-strank\/#primaryimage","url":"https:\/\/www.lisac-lisac.si\/knjigarna\/wp-content\/uploads\/2016\/07\/seminar3.jpg","contentUrl":"https:\/\/www.lisac-lisac.si\/knjigarna\/wp-content\/uploads\/2016\/07\/seminar3.jpg","width":1170,"height":819},{"@type":"BreadcrumbList","@id":"https:\/\/www.lisac-lisac.si\/knjigarna\/webinarji-prijava\/webinar-kje-in-kako-do-vec-potencialnih-strank\/#breadcrumb","itemListElement":[{"@type":"ListItem","position":1,"name":"Domov","item":"https:\/\/www.lisac-lisac.si\/knjigarna\/"},{"@type":"ListItem","position":2,"name":"Knjigarna","item":"https:\/\/www.lisac-lisac.si\/knjigarna\/knjigarna\/"},{"@type":"ListItem","position":3,"name":"Kje in kako do ve\u010d potencialnih strank?"}]},{"@type":"WebSite","@id":"https:\/\/www.lisac-lisac.si\/knjigarna\/#website","url":"https:\/\/www.lisac-lisac.si\/knjigarna\/","name":"Lisac-lisac.si","description":"Knjige in seminarji za podjetnike.","potentialAction":[{"@type":"SearchAction","target":{"@type":"EntryPoint","urlTemplate":"https:\/\/www.lisac-lisac.si\/knjigarna\/?s={search_term_string}"},"query-input":"required name=search_term_string"}],"inLanguage":"sl-SI"}]}},"_links":{"self":[{"href":"https:\/\/www.lisac-lisac.si\/knjigarna\/wp-json\/wp\/v2\/product\/1724","targetHints":{"allow":["GET"]}}],"collection":[{"href":"https:\/\/www.lisac-lisac.si\/knjigarna\/wp-json\/wp\/v2\/product"}],"about":[{"href":"https:\/\/www.lisac-lisac.si\/knjigarna\/wp-json\/wp\/v2\/types\/product"}],"replies":[{"embeddable":true,"href":"https:\/\/www.lisac-lisac.si\/knjigarna\/wp-json\/wp\/v2\/comments?post=1724"}],"wp:featuredmedia":[{"embeddable":true,"href":"https:\/\/www.lisac-lisac.si\/knjigarna\/wp-json\/wp\/v2\/media\/1723"}],"wp:attachment":[{"href":"https:\/\/www.lisac-lisac.si\/knjigarna\/wp-json\/wp\/v2\/media?parent=1724"}],"wp:term":[{"taxonomy":"product_cat","embeddable":true,"href":"https:\/\/www.lisac-lisac.si\/knjigarna\/wp-json\/wp\/v2\/product_cat?post=1724"},{"taxonomy":"product_tag","embeddable":true,"href":"https:\/\/www.lisac-lisac.si\/knjigarna\/wp-json\/wp\/v2\/product_tag?post=1724"}],"curies":[{"name":"wp","href":"https:\/\/api.w.org\/{rel}","templated":true}]}}