

{"id":1734,"date":"2021-07-02T10:23:09","date_gmt":"2021-07-02T08:23:09","guid":{"rendered":"https:\/\/www.zacasno.eu\/lisac-shop\/?post_type=product&#038;p=1734"},"modified":"2021-08-13T07:48:51","modified_gmt":"2021-08-13T05:48:51","slug":"webinar-kako-napisati-dobro-prodajno-pismo-prvi-drugi-in-tretji-del","status":"publish","type":"product","link":"https:\/\/www.lisac-lisac.si\/knjigarna\/webinarji-prijava\/webinar-kako-napisati-dobro-prodajno-pismo-prvi-drugi-in-tretji-del\/","title":{"rendered":"Kako napisati dobro prodajno pismo (prvi, drugi in tretji del)?"},"content":{"rendered":"","protected":false},"excerpt":{"rendered":"<div class=\"wpb_text_column wpb_content_element \">\n<div class=\"wpb_wrapper\">\n<p>Serija treh webinarjev, kjer boste spoznali kako stro\u0161kovno u\u010dinkovito prodajati s pomo\u010djo direktnega marketinga. Direktni marketing so vse oblike tr\u017eenja, ki so zasnovane tako, da od potencialnih strank dobimo nek odziv. Tu govorimo o klasi\u010dni po\u0161ti, elektronski po\u0161ti, socialnih omre\u017ejih, telefonski prodaji, pa tudi o oglasih in plakatih, ki so zasnovani tako, da vidimo, spremljamo in merimo odziv potencialnih strank.<\/p>\n<\/div>\n<\/div>\n<div class=\"wpb_text_column wpb_content_element \">\n<div class=\"wpb_wrapper\">\n<p><b>Kdaj?\u00a0<\/b>takoj, ko naro\u010dite povezavo na video seminar.<\/p>\n<p><b>Kje?<\/b>\u00a0Na zaslonu va\u0161ega ra\u010dunalnika, tablice, telefona. Glejte samo, da boste imeli internetno povezavo.<\/p>\n<p>Prijavite se tudi, \u010de morda ne boste utegnili spremljati webinarja v \u017eivo. Samo prijavljeni boste prejeli povezavo do ponovitve.<\/p>\n<p><b>Cena?<\/b>\u00a0Trije video seminarji namesto\u00a0<del>75 EUR + DDV<\/del>\u00a0samo\u00a049 EUR\u00a0+ DDV. (\u0161e bolj ugodno v paketu 10 webinarjev).<\/p>\n<\/div>\n<\/div>\n","protected":false},"featured_media":1733,"comment_status":"open","ping_status":"closed","template":"","meta":[],"product_cat":[122],"product_tag":[],"class_list":{"0":"post-1734","1":"product","2":"type-product","3":"status-publish","4":"has-post-thumbnail","6":"product_cat-webinarji-prijava","8":"first","9":"instock","10":"sale","11":"virtual","12":"taxable","13":"purchasable","14":"product-type-simple"},"yoast_head":"<!-- This site is optimized with the Yoast SEO plugin v23.2 - https:\/\/yoast.com\/wordpress\/plugins\/seo\/ -->\n<title>Kako napisati dobro prodajno pismo (prvi, drugi in tretji del)? - Lisac-lisac.si<\/title>\n<meta name=\"robots\" content=\"noindex, follow, max-snippet:-1, max-image-preview:large, max-video-preview:-1\" \/>\n<meta property=\"og:locale\" content=\"sl_SI\" \/>\n<meta property=\"og:type\" content=\"article\" \/>\n<meta property=\"og:title\" content=\"Kako napisati dobro prodajno pismo (prvi, drugi in tretji del)? - Lisac-lisac.si\" \/>\n<meta property=\"og:description\" content=\"Serija treh webinarjev, kjer boste spoznali kako stro\u0161kovno u\u010dinkovito prodajati s pomo\u010djo direktnega marketinga. Direktni marketing so vse oblike tr\u017eenja, ki so zasnovane tako, da od potencialnih strank dobimo nek odziv. Tu govorimo o klasi\u010dni po\u0161ti, elektronski po\u0161ti, socialnih omre\u017ejih, telefonski prodaji, pa tudi o oglasih in plakatih, ki so zasnovani tako, da vidimo, spremljamo in merimo odziv potencialnih strank.       Kdaj?\u00a0takoj, ko naro\u010dite povezavo na video seminar.  Kje?\u00a0Na zaslonu va\u0161ega ra\u010dunalnika, tablice, telefona. Glejte samo, da boste imeli internetno povezavo.  Prijavite se tudi, \u010de morda ne boste utegnili spremljati webinarja v \u017eivo. Samo prijavljeni boste prejeli povezavo do ponovitve.  Cena?\u00a0Trije video seminarji namesto\u00a075 EUR + DDV\u00a0samo\u00a049 EUR\u00a0+ DDV. (\u0161e bolj ugodno v paketu 10 webinarjev).\" \/>\n<meta property=\"og:url\" content=\"https:\/\/www.lisac-lisac.si\/knjigarna\/webinarji-prijava\/webinar-kako-napisati-dobro-prodajno-pismo-prvi-drugi-in-tretji-del\/\" \/>\n<meta property=\"og:site_name\" content=\"Lisac-lisac.si\" \/>\n<meta property=\"article:modified_time\" content=\"2021-08-13T05:48:51+00:00\" \/>\n<meta property=\"og:image\" content=\"https:\/\/www.lisac-lisac.si\/knjigarna\/wp-content\/uploads\/2016\/07\/webinar6.jpg\" \/>\n\t<meta property=\"og:image:width\" content=\"600\" \/>\n\t<meta property=\"og:image:height\" content=\"325\" \/>\n\t<meta property=\"og:image:type\" content=\"image\/jpeg\" \/>\n<meta name=\"twitter:card\" content=\"summary_large_image\" \/>\n<script type=\"application\/ld+json\" class=\"yoast-schema-graph\">{\"@context\":\"https:\/\/schema.org\",\"@graph\":[{\"@type\":\"WebPage\",\"@id\":\"https:\/\/www.lisac-lisac.si\/knjigarna\/webinarji-prijava\/webinar-kako-napisati-dobro-prodajno-pismo-prvi-drugi-in-tretji-del\/\",\"url\":\"https:\/\/www.lisac-lisac.si\/knjigarna\/webinarji-prijava\/webinar-kako-napisati-dobro-prodajno-pismo-prvi-drugi-in-tretji-del\/\",\"name\":\"Kako napisati dobro prodajno pismo (prvi, drugi in tretji del)? - Lisac-lisac.si\",\"isPartOf\":{\"@id\":\"https:\/\/www.lisac-lisac.si\/knjigarna\/#website\"},\"primaryImageOfPage\":{\"@id\":\"https:\/\/www.lisac-lisac.si\/knjigarna\/webinarji-prijava\/webinar-kako-napisati-dobro-prodajno-pismo-prvi-drugi-in-tretji-del\/#primaryimage\"},\"image\":{\"@id\":\"https:\/\/www.lisac-lisac.si\/knjigarna\/webinarji-prijava\/webinar-kako-napisati-dobro-prodajno-pismo-prvi-drugi-in-tretji-del\/#primaryimage\"},\"thumbnailUrl\":\"https:\/\/www.lisac-lisac.si\/knjigarna\/wp-content\/uploads\/2016\/07\/webinar6.jpg\",\"datePublished\":\"2021-07-02T08:23:09+00:00\",\"dateModified\":\"2021-08-13T05:48:51+00:00\",\"breadcrumb\":{\"@id\":\"https:\/\/www.lisac-lisac.si\/knjigarna\/webinarji-prijava\/webinar-kako-napisati-dobro-prodajno-pismo-prvi-drugi-in-tretji-del\/#breadcrumb\"},\"inLanguage\":\"sl-SI\",\"potentialAction\":[{\"@type\":\"ReadAction\",\"target\":[\"https:\/\/www.lisac-lisac.si\/knjigarna\/webinarji-prijava\/webinar-kako-napisati-dobro-prodajno-pismo-prvi-drugi-in-tretji-del\/\"]}]},{\"@type\":\"ImageObject\",\"inLanguage\":\"sl-SI\",\"@id\":\"https:\/\/www.lisac-lisac.si\/knjigarna\/webinarji-prijava\/webinar-kako-napisati-dobro-prodajno-pismo-prvi-drugi-in-tretji-del\/#primaryimage\",\"url\":\"https:\/\/www.lisac-lisac.si\/knjigarna\/wp-content\/uploads\/2016\/07\/webinar6.jpg\",\"contentUrl\":\"https:\/\/www.lisac-lisac.si\/knjigarna\/wp-content\/uploads\/2016\/07\/webinar6.jpg\",\"width\":600,\"height\":325},{\"@type\":\"BreadcrumbList\",\"@id\":\"https:\/\/www.lisac-lisac.si\/knjigarna\/webinarji-prijava\/webinar-kako-napisati-dobro-prodajno-pismo-prvi-drugi-in-tretji-del\/#breadcrumb\",\"itemListElement\":[{\"@type\":\"ListItem\",\"position\":1,\"name\":\"Domov\",\"item\":\"https:\/\/www.lisac-lisac.si\/knjigarna\/\"},{\"@type\":\"ListItem\",\"position\":2,\"name\":\"Knjigarna\",\"item\":\"https:\/\/www.lisac-lisac.si\/knjigarna\/knjigarna\/\"},{\"@type\":\"ListItem\",\"position\":3,\"name\":\"Kako napisati dobro prodajno pismo (prvi, drugi in tretji del)?\"}]},{\"@type\":\"WebSite\",\"@id\":\"https:\/\/www.lisac-lisac.si\/knjigarna\/#website\",\"url\":\"https:\/\/www.lisac-lisac.si\/knjigarna\/\",\"name\":\"Lisac-lisac.si\",\"description\":\"Knjige in seminarji za podjetnike.\",\"potentialAction\":[{\"@type\":\"SearchAction\",\"target\":{\"@type\":\"EntryPoint\",\"urlTemplate\":\"https:\/\/www.lisac-lisac.si\/knjigarna\/?s={search_term_string}\"},\"query-input\":\"required name=search_term_string\"}],\"inLanguage\":\"sl-SI\"}]}<\/script>\n<!-- \/ Yoast SEO plugin. -->","yoast_head_json":{"title":"Kako napisati dobro prodajno pismo (prvi, drugi in tretji del)? - Lisac-lisac.si","robots":{"index":"noindex","follow":"follow","max-snippet":"max-snippet:-1","max-image-preview":"max-image-preview:large","max-video-preview":"max-video-preview:-1"},"og_locale":"sl_SI","og_type":"article","og_title":"Kako napisati dobro prodajno pismo (prvi, drugi in tretji del)? - Lisac-lisac.si","og_description":"Serija treh webinarjev, kjer boste spoznali kako stro\u0161kovno u\u010dinkovito prodajati s pomo\u010djo direktnega marketinga. Direktni marketing so vse oblike tr\u017eenja, ki so zasnovane tako, da od potencialnih strank dobimo nek odziv. Tu govorimo o klasi\u010dni po\u0161ti, elektronski po\u0161ti, socialnih omre\u017ejih, telefonski prodaji, pa tudi o oglasih in plakatih, ki so zasnovani tako, da vidimo, spremljamo in merimo odziv potencialnih strank.       Kdaj?\u00a0takoj, ko naro\u010dite povezavo na video seminar.  Kje?\u00a0Na zaslonu va\u0161ega ra\u010dunalnika, tablice, telefona. Glejte samo, da boste imeli internetno povezavo.  Prijavite se tudi, \u010de morda ne boste utegnili spremljati webinarja v \u017eivo. Samo prijavljeni boste prejeli povezavo do ponovitve.  Cena?\u00a0Trije video seminarji namesto\u00a075 EUR + DDV\u00a0samo\u00a049 EUR\u00a0+ DDV. (\u0161e bolj ugodno v paketu 10 webinarjev).","og_url":"https:\/\/www.lisac-lisac.si\/knjigarna\/webinarji-prijava\/webinar-kako-napisati-dobro-prodajno-pismo-prvi-drugi-in-tretji-del\/","og_site_name":"Lisac-lisac.si","article_modified_time":"2021-08-13T05:48:51+00:00","og_image":[{"width":600,"height":325,"url":"https:\/\/www.lisac-lisac.si\/knjigarna\/wp-content\/uploads\/2016\/07\/webinar6.jpg","type":"image\/jpeg"}],"twitter_card":"summary_large_image","schema":{"@context":"https:\/\/schema.org","@graph":[{"@type":"WebPage","@id":"https:\/\/www.lisac-lisac.si\/knjigarna\/webinarji-prijava\/webinar-kako-napisati-dobro-prodajno-pismo-prvi-drugi-in-tretji-del\/","url":"https:\/\/www.lisac-lisac.si\/knjigarna\/webinarji-prijava\/webinar-kako-napisati-dobro-prodajno-pismo-prvi-drugi-in-tretji-del\/","name":"Kako napisati dobro prodajno pismo (prvi, drugi in tretji del)? - Lisac-lisac.si","isPartOf":{"@id":"https:\/\/www.lisac-lisac.si\/knjigarna\/#website"},"primaryImageOfPage":{"@id":"https:\/\/www.lisac-lisac.si\/knjigarna\/webinarji-prijava\/webinar-kako-napisati-dobro-prodajno-pismo-prvi-drugi-in-tretji-del\/#primaryimage"},"image":{"@id":"https:\/\/www.lisac-lisac.si\/knjigarna\/webinarji-prijava\/webinar-kako-napisati-dobro-prodajno-pismo-prvi-drugi-in-tretji-del\/#primaryimage"},"thumbnailUrl":"https:\/\/www.lisac-lisac.si\/knjigarna\/wp-content\/uploads\/2016\/07\/webinar6.jpg","datePublished":"2021-07-02T08:23:09+00:00","dateModified":"2021-08-13T05:48:51+00:00","breadcrumb":{"@id":"https:\/\/www.lisac-lisac.si\/knjigarna\/webinarji-prijava\/webinar-kako-napisati-dobro-prodajno-pismo-prvi-drugi-in-tretji-del\/#breadcrumb"},"inLanguage":"sl-SI","potentialAction":[{"@type":"ReadAction","target":["https:\/\/www.lisac-lisac.si\/knjigarna\/webinarji-prijava\/webinar-kako-napisati-dobro-prodajno-pismo-prvi-drugi-in-tretji-del\/"]}]},{"@type":"ImageObject","inLanguage":"sl-SI","@id":"https:\/\/www.lisac-lisac.si\/knjigarna\/webinarji-prijava\/webinar-kako-napisati-dobro-prodajno-pismo-prvi-drugi-in-tretji-del\/#primaryimage","url":"https:\/\/www.lisac-lisac.si\/knjigarna\/wp-content\/uploads\/2016\/07\/webinar6.jpg","contentUrl":"https:\/\/www.lisac-lisac.si\/knjigarna\/wp-content\/uploads\/2016\/07\/webinar6.jpg","width":600,"height":325},{"@type":"BreadcrumbList","@id":"https:\/\/www.lisac-lisac.si\/knjigarna\/webinarji-prijava\/webinar-kako-napisati-dobro-prodajno-pismo-prvi-drugi-in-tretji-del\/#breadcrumb","itemListElement":[{"@type":"ListItem","position":1,"name":"Domov","item":"https:\/\/www.lisac-lisac.si\/knjigarna\/"},{"@type":"ListItem","position":2,"name":"Knjigarna","item":"https:\/\/www.lisac-lisac.si\/knjigarna\/knjigarna\/"},{"@type":"ListItem","position":3,"name":"Kako napisati dobro prodajno pismo (prvi, drugi in tretji del)?"}]},{"@type":"WebSite","@id":"https:\/\/www.lisac-lisac.si\/knjigarna\/#website","url":"https:\/\/www.lisac-lisac.si\/knjigarna\/","name":"Lisac-lisac.si","description":"Knjige in seminarji za podjetnike.","potentialAction":[{"@type":"SearchAction","target":{"@type":"EntryPoint","urlTemplate":"https:\/\/www.lisac-lisac.si\/knjigarna\/?s={search_term_string}"},"query-input":"required name=search_term_string"}],"inLanguage":"sl-SI"}]}},"_links":{"self":[{"href":"https:\/\/www.lisac-lisac.si\/knjigarna\/wp-json\/wp\/v2\/product\/1734","targetHints":{"allow":["GET"]}}],"collection":[{"href":"https:\/\/www.lisac-lisac.si\/knjigarna\/wp-json\/wp\/v2\/product"}],"about":[{"href":"https:\/\/www.lisac-lisac.si\/knjigarna\/wp-json\/wp\/v2\/types\/product"}],"replies":[{"embeddable":true,"href":"https:\/\/www.lisac-lisac.si\/knjigarna\/wp-json\/wp\/v2\/comments?post=1734"}],"wp:featuredmedia":[{"embeddable":true,"href":"https:\/\/www.lisac-lisac.si\/knjigarna\/wp-json\/wp\/v2\/media\/1733"}],"wp:attachment":[{"href":"https:\/\/www.lisac-lisac.si\/knjigarna\/wp-json\/wp\/v2\/media?parent=1734"}],"wp:term":[{"taxonomy":"product_cat","embeddable":true,"href":"https:\/\/www.lisac-lisac.si\/knjigarna\/wp-json\/wp\/v2\/product_cat?post=1734"},{"taxonomy":"product_tag","embeddable":true,"href":"https:\/\/www.lisac-lisac.si\/knjigarna\/wp-json\/wp\/v2\/product_tag?post=1734"}],"curies":[{"name":"wp","href":"https:\/\/api.w.org\/{rel}","templated":true}]}}