

{"id":1739,"date":"2021-07-02T10:37:24","date_gmt":"2021-07-02T08:37:24","guid":{"rendered":"https:\/\/www.zacasno.eu\/lisac-shop\/?post_type=product&#038;p=1739"},"modified":"2021-08-13T07:48:51","modified_gmt":"2021-08-13T05:48:51","slug":"webinar-kako-povecati-ucinkovitost-vasega-prodajnega-pisma-ali-ponudbe-ne-da-spremenite-njuno-besedilo","status":"publish","type":"product","link":"https:\/\/www.lisac-lisac.si\/knjigarna\/webinarji-prijava\/webinar-kako-povecati-ucinkovitost-vasega-prodajnega-pisma-ali-ponudbe-ne-da-spremenite-njuno-besedilo\/","title":{"rendered":"Kako pove\u010dati u\u010dinkovitost va\u0161ega prodajnega pisma ali ponudbe, ne da spremenite njuno besedilo?"},"content":{"rendered":"","protected":false},"excerpt":{"rendered":"<div class=\"wpb_text_column wpb_content_element \">\n<div class=\"wpb_wrapper\">\n<p>Pogosto nam potencialna stranka re\u010de: \u00bbProsim, po\u0161ljite ponudbo.\u00ab In kaj se zgodi potem? Pripravite ponudbo, kar vam v\u010dasih vzame veliko dela, potem pa ste na milost in nemilost prepu\u0161\u010deni stranki. V strahu \u010dakate na odziv in pogosto ga sploh ne do\u010dakate. In niti ne veste, ali je stranka va\u0161o ponudbo v resnici prebrala, razumela, ali ste sploh imeli mo\u017enost prodati \u2026<\/p>\n<p>Tej negotovosti lahko sedaj naredite konec! Prisluhnite formuli, ki jo boste \u017ee jutri lahko uporabili pri pripravi ponudbe.<\/p>\n<\/div>\n<\/div>\n<div class=\"wpb_text_column wpb_content_element \">\n<div class=\"wpb_wrapper\">\n<p><b>Kdaj?\u00a0<\/b>14. aprila, ob 20h<\/p>\n<p><b>Kje?<\/b>\u00a0Na zaslonu va\u0161ega ra\u010dunalnika, tablice, telefona. Glejte samo, da boste imeli internetno povezavo.<\/p>\n<p>Prijavite se tudi, \u010de morda ne boste utegnili spremljati webinarja v \u017eivo. Samo prijavljeni boste prejeli povezavo do ponovitve.<\/p>\n<p><b>Cena?<\/b>\u00a025 EUR + DDV (ali 14,9 EUR + DDV v paketu 10 webinarjev)<\/p>\n<\/div>\n<\/div>\n","protected":false},"featured_media":1736,"comment_status":"open","ping_status":"closed","template":"","meta":[],"product_cat":[122],"product_tag":[],"class_list":{"0":"post-1739","1":"product","2":"type-product","3":"status-publish","4":"has-post-thumbnail","6":"product_cat-webinarji-prijava","8":"first","9":"instock","10":"virtual","11":"taxable","12":"purchasable","13":"product-type-simple"},"yoast_head":"<!-- This site is optimized with the Yoast SEO plugin v23.2 - https:\/\/yoast.com\/wordpress\/plugins\/seo\/ -->\n<title>Kako pove\u010dati u\u010dinkovitost va\u0161ega prodajnega pisma ali ponudbe, ne da spremenite njuno besedilo? - Lisac-lisac.si<\/title>\n<meta name=\"robots\" content=\"noindex, follow, max-snippet:-1, max-image-preview:large, max-video-preview:-1\" \/>\n<meta property=\"og:locale\" content=\"sl_SI\" \/>\n<meta property=\"og:type\" content=\"article\" \/>\n<meta property=\"og:title\" content=\"Kako pove\u010dati u\u010dinkovitost va\u0161ega prodajnega pisma ali ponudbe, ne da spremenite njuno besedilo? - Lisac-lisac.si\" \/>\n<meta property=\"og:description\" content=\"Pogosto nam potencialna stranka re\u010de: \u00bbProsim, po\u0161ljite ponudbo.\u00ab In kaj se zgodi potem? Pripravite ponudbo, kar vam v\u010dasih vzame veliko dela, potem pa ste na milost in nemilost prepu\u0161\u010deni stranki. V strahu \u010dakate na odziv in pogosto ga sploh ne do\u010dakate. In niti ne veste, ali je stranka va\u0161o ponudbo v resnici prebrala, razumela, ali ste sploh imeli mo\u017enost prodati \u2026  Tej negotovosti lahko sedaj naredite konec! Prisluhnite formuli, ki jo boste \u017ee jutri lahko uporabili pri pripravi ponudbe.       Kdaj?\u00a014. aprila, ob 20h  Kje?\u00a0Na zaslonu va\u0161ega ra\u010dunalnika, tablice, telefona. Glejte samo, da boste imeli internetno povezavo.  Prijavite se tudi, \u010de morda ne boste utegnili spremljati webinarja v \u017eivo. Samo prijavljeni boste prejeli povezavo do ponovitve.  Cena?\u00a025 EUR + DDV (ali 14,9 EUR + DDV v paketu 10 webinarjev)\" \/>\n<meta property=\"og:url\" content=\"https:\/\/www.lisac-lisac.si\/knjigarna\/webinarji-prijava\/webinar-kako-povecati-ucinkovitost-vasega-prodajnega-pisma-ali-ponudbe-ne-da-spremenite-njuno-besedilo\/\" \/>\n<meta property=\"og:site_name\" content=\"Lisac-lisac.si\" \/>\n<meta property=\"article:modified_time\" content=\"2021-08-13T05:48:51+00:00\" \/>\n<meta property=\"og:image\" content=\"https:\/\/www.lisac-lisac.si\/knjigarna\/wp-content\/uploads\/2016\/07\/webinar7.jpg\" \/>\n\t<meta property=\"og:image:width\" content=\"1170\" \/>\n\t<meta property=\"og:image:height\" content=\"756\" \/>\n\t<meta property=\"og:image:type\" content=\"image\/jpeg\" \/>\n<meta name=\"twitter:card\" content=\"summary_large_image\" \/>\n<script type=\"application\/ld+json\" class=\"yoast-schema-graph\">{\"@context\":\"https:\/\/schema.org\",\"@graph\":[{\"@type\":\"WebPage\",\"@id\":\"https:\/\/www.lisac-lisac.si\/knjigarna\/webinarji-prijava\/webinar-kako-povecati-ucinkovitost-vasega-prodajnega-pisma-ali-ponudbe-ne-da-spremenite-njuno-besedilo\/\",\"url\":\"https:\/\/www.lisac-lisac.si\/knjigarna\/webinarji-prijava\/webinar-kako-povecati-ucinkovitost-vasega-prodajnega-pisma-ali-ponudbe-ne-da-spremenite-njuno-besedilo\/\",\"name\":\"Kako pove\u010dati u\u010dinkovitost va\u0161ega prodajnega pisma ali ponudbe, ne da spremenite njuno besedilo? - Lisac-lisac.si\",\"isPartOf\":{\"@id\":\"https:\/\/www.lisac-lisac.si\/knjigarna\/#website\"},\"primaryImageOfPage\":{\"@id\":\"https:\/\/www.lisac-lisac.si\/knjigarna\/webinarji-prijava\/webinar-kako-povecati-ucinkovitost-vasega-prodajnega-pisma-ali-ponudbe-ne-da-spremenite-njuno-besedilo\/#primaryimage\"},\"image\":{\"@id\":\"https:\/\/www.lisac-lisac.si\/knjigarna\/webinarji-prijava\/webinar-kako-povecati-ucinkovitost-vasega-prodajnega-pisma-ali-ponudbe-ne-da-spremenite-njuno-besedilo\/#primaryimage\"},\"thumbnailUrl\":\"https:\/\/www.lisac-lisac.si\/knjigarna\/wp-content\/uploads\/2016\/07\/webinar7.jpg\",\"datePublished\":\"2021-07-02T08:37:24+00:00\",\"dateModified\":\"2021-08-13T05:48:51+00:00\",\"breadcrumb\":{\"@id\":\"https:\/\/www.lisac-lisac.si\/knjigarna\/webinarji-prijava\/webinar-kako-povecati-ucinkovitost-vasega-prodajnega-pisma-ali-ponudbe-ne-da-spremenite-njuno-besedilo\/#breadcrumb\"},\"inLanguage\":\"sl-SI\",\"potentialAction\":[{\"@type\":\"ReadAction\",\"target\":[\"https:\/\/www.lisac-lisac.si\/knjigarna\/webinarji-prijava\/webinar-kako-povecati-ucinkovitost-vasega-prodajnega-pisma-ali-ponudbe-ne-da-spremenite-njuno-besedilo\/\"]}]},{\"@type\":\"ImageObject\",\"inLanguage\":\"sl-SI\",\"@id\":\"https:\/\/www.lisac-lisac.si\/knjigarna\/webinarji-prijava\/webinar-kako-povecati-ucinkovitost-vasega-prodajnega-pisma-ali-ponudbe-ne-da-spremenite-njuno-besedilo\/#primaryimage\",\"url\":\"https:\/\/www.lisac-lisac.si\/knjigarna\/wp-content\/uploads\/2016\/07\/webinar7.jpg\",\"contentUrl\":\"https:\/\/www.lisac-lisac.si\/knjigarna\/wp-content\/uploads\/2016\/07\/webinar7.jpg\",\"width\":1170,\"height\":756},{\"@type\":\"BreadcrumbList\",\"@id\":\"https:\/\/www.lisac-lisac.si\/knjigarna\/webinarji-prijava\/webinar-kako-povecati-ucinkovitost-vasega-prodajnega-pisma-ali-ponudbe-ne-da-spremenite-njuno-besedilo\/#breadcrumb\",\"itemListElement\":[{\"@type\":\"ListItem\",\"position\":1,\"name\":\"Domov\",\"item\":\"https:\/\/www.lisac-lisac.si\/knjigarna\/\"},{\"@type\":\"ListItem\",\"position\":2,\"name\":\"Knjigarna\",\"item\":\"https:\/\/www.lisac-lisac.si\/knjigarna\/knjigarna\/\"},{\"@type\":\"ListItem\",\"position\":3,\"name\":\"Kako pove\u010dati u\u010dinkovitost va\u0161ega prodajnega pisma ali ponudbe, ne da spremenite njuno besedilo?\"}]},{\"@type\":\"WebSite\",\"@id\":\"https:\/\/www.lisac-lisac.si\/knjigarna\/#website\",\"url\":\"https:\/\/www.lisac-lisac.si\/knjigarna\/\",\"name\":\"Lisac-lisac.si\",\"description\":\"Knjige in seminarji za podjetnike.\",\"potentialAction\":[{\"@type\":\"SearchAction\",\"target\":{\"@type\":\"EntryPoint\",\"urlTemplate\":\"https:\/\/www.lisac-lisac.si\/knjigarna\/?s={search_term_string}\"},\"query-input\":\"required name=search_term_string\"}],\"inLanguage\":\"sl-SI\"}]}<\/script>\n<!-- \/ Yoast SEO plugin. -->","yoast_head_json":{"title":"Kako pove\u010dati u\u010dinkovitost va\u0161ega prodajnega pisma ali ponudbe, ne da spremenite njuno besedilo? - Lisac-lisac.si","robots":{"index":"noindex","follow":"follow","max-snippet":"max-snippet:-1","max-image-preview":"max-image-preview:large","max-video-preview":"max-video-preview:-1"},"og_locale":"sl_SI","og_type":"article","og_title":"Kako pove\u010dati u\u010dinkovitost va\u0161ega prodajnega pisma ali ponudbe, ne da spremenite njuno besedilo? - Lisac-lisac.si","og_description":"Pogosto nam potencialna stranka re\u010de: \u00bbProsim, po\u0161ljite ponudbo.\u00ab In kaj se zgodi potem? Pripravite ponudbo, kar vam v\u010dasih vzame veliko dela, potem pa ste na milost in nemilost prepu\u0161\u010deni stranki. V strahu \u010dakate na odziv in pogosto ga sploh ne do\u010dakate. In niti ne veste, ali je stranka va\u0161o ponudbo v resnici prebrala, razumela, ali ste sploh imeli mo\u017enost prodati \u2026  Tej negotovosti lahko sedaj naredite konec! Prisluhnite formuli, ki jo boste \u017ee jutri lahko uporabili pri pripravi ponudbe.       Kdaj?\u00a014. aprila, ob 20h  Kje?\u00a0Na zaslonu va\u0161ega ra\u010dunalnika, tablice, telefona. Glejte samo, da boste imeli internetno povezavo.  Prijavite se tudi, \u010de morda ne boste utegnili spremljati webinarja v \u017eivo. Samo prijavljeni boste prejeli povezavo do ponovitve.  Cena?\u00a025 EUR + DDV (ali 14,9 EUR + DDV v paketu 10 webinarjev)","og_url":"https:\/\/www.lisac-lisac.si\/knjigarna\/webinarji-prijava\/webinar-kako-povecati-ucinkovitost-vasega-prodajnega-pisma-ali-ponudbe-ne-da-spremenite-njuno-besedilo\/","og_site_name":"Lisac-lisac.si","article_modified_time":"2021-08-13T05:48:51+00:00","og_image":[{"width":1170,"height":756,"url":"https:\/\/www.lisac-lisac.si\/knjigarna\/wp-content\/uploads\/2016\/07\/webinar7.jpg","type":"image\/jpeg"}],"twitter_card":"summary_large_image","schema":{"@context":"https:\/\/schema.org","@graph":[{"@type":"WebPage","@id":"https:\/\/www.lisac-lisac.si\/knjigarna\/webinarji-prijava\/webinar-kako-povecati-ucinkovitost-vasega-prodajnega-pisma-ali-ponudbe-ne-da-spremenite-njuno-besedilo\/","url":"https:\/\/www.lisac-lisac.si\/knjigarna\/webinarji-prijava\/webinar-kako-povecati-ucinkovitost-vasega-prodajnega-pisma-ali-ponudbe-ne-da-spremenite-njuno-besedilo\/","name":"Kako pove\u010dati u\u010dinkovitost va\u0161ega prodajnega pisma ali ponudbe, ne da spremenite njuno besedilo? - Lisac-lisac.si","isPartOf":{"@id":"https:\/\/www.lisac-lisac.si\/knjigarna\/#website"},"primaryImageOfPage":{"@id":"https:\/\/www.lisac-lisac.si\/knjigarna\/webinarji-prijava\/webinar-kako-povecati-ucinkovitost-vasega-prodajnega-pisma-ali-ponudbe-ne-da-spremenite-njuno-besedilo\/#primaryimage"},"image":{"@id":"https:\/\/www.lisac-lisac.si\/knjigarna\/webinarji-prijava\/webinar-kako-povecati-ucinkovitost-vasega-prodajnega-pisma-ali-ponudbe-ne-da-spremenite-njuno-besedilo\/#primaryimage"},"thumbnailUrl":"https:\/\/www.lisac-lisac.si\/knjigarna\/wp-content\/uploads\/2016\/07\/webinar7.jpg","datePublished":"2021-07-02T08:37:24+00:00","dateModified":"2021-08-13T05:48:51+00:00","breadcrumb":{"@id":"https:\/\/www.lisac-lisac.si\/knjigarna\/webinarji-prijava\/webinar-kako-povecati-ucinkovitost-vasega-prodajnega-pisma-ali-ponudbe-ne-da-spremenite-njuno-besedilo\/#breadcrumb"},"inLanguage":"sl-SI","potentialAction":[{"@type":"ReadAction","target":["https:\/\/www.lisac-lisac.si\/knjigarna\/webinarji-prijava\/webinar-kako-povecati-ucinkovitost-vasega-prodajnega-pisma-ali-ponudbe-ne-da-spremenite-njuno-besedilo\/"]}]},{"@type":"ImageObject","inLanguage":"sl-SI","@id":"https:\/\/www.lisac-lisac.si\/knjigarna\/webinarji-prijava\/webinar-kako-povecati-ucinkovitost-vasega-prodajnega-pisma-ali-ponudbe-ne-da-spremenite-njuno-besedilo\/#primaryimage","url":"https:\/\/www.lisac-lisac.si\/knjigarna\/wp-content\/uploads\/2016\/07\/webinar7.jpg","contentUrl":"https:\/\/www.lisac-lisac.si\/knjigarna\/wp-content\/uploads\/2016\/07\/webinar7.jpg","width":1170,"height":756},{"@type":"BreadcrumbList","@id":"https:\/\/www.lisac-lisac.si\/knjigarna\/webinarji-prijava\/webinar-kako-povecati-ucinkovitost-vasega-prodajnega-pisma-ali-ponudbe-ne-da-spremenite-njuno-besedilo\/#breadcrumb","itemListElement":[{"@type":"ListItem","position":1,"name":"Domov","item":"https:\/\/www.lisac-lisac.si\/knjigarna\/"},{"@type":"ListItem","position":2,"name":"Knjigarna","item":"https:\/\/www.lisac-lisac.si\/knjigarna\/knjigarna\/"},{"@type":"ListItem","position":3,"name":"Kako pove\u010dati u\u010dinkovitost va\u0161ega prodajnega pisma ali ponudbe, ne da spremenite njuno besedilo?"}]},{"@type":"WebSite","@id":"https:\/\/www.lisac-lisac.si\/knjigarna\/#website","url":"https:\/\/www.lisac-lisac.si\/knjigarna\/","name":"Lisac-lisac.si","description":"Knjige in seminarji za podjetnike.","potentialAction":[{"@type":"SearchAction","target":{"@type":"EntryPoint","urlTemplate":"https:\/\/www.lisac-lisac.si\/knjigarna\/?s={search_term_string}"},"query-input":"required name=search_term_string"}],"inLanguage":"sl-SI"}]}},"_links":{"self":[{"href":"https:\/\/www.lisac-lisac.si\/knjigarna\/wp-json\/wp\/v2\/product\/1739","targetHints":{"allow":["GET"]}}],"collection":[{"href":"https:\/\/www.lisac-lisac.si\/knjigarna\/wp-json\/wp\/v2\/product"}],"about":[{"href":"https:\/\/www.lisac-lisac.si\/knjigarna\/wp-json\/wp\/v2\/types\/product"}],"replies":[{"embeddable":true,"href":"https:\/\/www.lisac-lisac.si\/knjigarna\/wp-json\/wp\/v2\/comments?post=1739"}],"wp:featuredmedia":[{"embeddable":true,"href":"https:\/\/www.lisac-lisac.si\/knjigarna\/wp-json\/wp\/v2\/media\/1736"}],"wp:attachment":[{"href":"https:\/\/www.lisac-lisac.si\/knjigarna\/wp-json\/wp\/v2\/media?parent=1739"}],"wp:term":[{"taxonomy":"product_cat","embeddable":true,"href":"https:\/\/www.lisac-lisac.si\/knjigarna\/wp-json\/wp\/v2\/product_cat?post=1739"},{"taxonomy":"product_tag","embeddable":true,"href":"https:\/\/www.lisac-lisac.si\/knjigarna\/wp-json\/wp\/v2\/product_tag?post=1739"}],"curies":[{"name":"wp","href":"https:\/\/api.w.org\/{rel}","templated":true}]}}