

{"id":1761,"date":"2021-07-02T13:40:52","date_gmt":"2021-07-02T11:40:52","guid":{"rendered":"https:\/\/www.zacasno.eu\/lisac-shop\/?post_type=product&#038;p=1761"},"modified":"2021-08-13T07:48:51","modified_gmt":"2021-08-13T05:48:51","slug":"webinar-uporaba-telefona-v-poslovne-namene","status":"publish","type":"product","link":"https:\/\/www.lisac-lisac.si\/knjigarna\/webinarji-prijava\/webinar-uporaba-telefona-v-poslovne-namene\/","title":{"rendered":"Uporaba telefona v poslovne namene?"},"content":{"rendered":"","protected":false},"excerpt":{"rendered":"<p>Dokazano se s pomo\u010djo telefona, sploh kadar gre za prodajo \u2018podjetje podjetju\u2019 \u2013 B2B \u2013 proda najve\u010d. Prodajati po telefonu je lepo in zabavno, \u010de se prodaje lotite pravilno.<\/p>\n<p>\u010ce \u017eelite izvedeti, kako boste vi in va\u0161i prodajalci s pomo\u010djo telefona prepri\u010dali in prodali veliko ve\u010d kot va\u0161a konkurenca, potem se prijavite takoj.<\/p>\n<p>Prejeli boste tudi predlogo z vsemi fazami prodajnega pogovora.<\/p>\n<p>Kdaj? 23. aprila ob 20h<\/p>\n<p>Kje? Na zaslonu va\u0161ega ra\u010dunalnika, tablice, telefona. Glejte samo, da boste imeli internetno povezavo.<\/p>\n<p>Prijavite se tudi, \u010de morda ne boste utegnili spremljati webinarja v \u017eivo. Samo prijavljeni boste prejeli povezavo do ponovitve.<\/p>\n<p>Cena? 25 EUR + DDV (ali 14,9 EUR + DDV v paketu 10 webinarjev)<\/p>\n","protected":false},"featured_media":1760,"comment_status":"open","ping_status":"closed","template":"","meta":[],"product_cat":[122],"product_tag":[],"class_list":{"0":"post-1761","1":"product","2":"type-product","3":"status-publish","4":"has-post-thumbnail","6":"product_cat-webinarji-prijava","8":"first","9":"instock","10":"virtual","11":"taxable","12":"purchasable","13":"product-type-simple"},"yoast_head":"<!-- This site is optimized with the Yoast SEO plugin v23.2 - https:\/\/yoast.com\/wordpress\/plugins\/seo\/ -->\n<title>Uporaba telefona v poslovne namene? - Lisac-lisac.si<\/title>\n<meta name=\"robots\" content=\"noindex, follow, max-snippet:-1, max-image-preview:large, max-video-preview:-1\" \/>\n<meta property=\"og:locale\" content=\"sl_SI\" \/>\n<meta property=\"og:type\" content=\"article\" \/>\n<meta property=\"og:title\" content=\"Uporaba telefona v poslovne namene? - Lisac-lisac.si\" \/>\n<meta property=\"og:description\" content=\"Dokazano se s pomo\u010djo telefona, sploh kadar gre za prodajo \u2018podjetje podjetju\u2019 \u2013 B2B \u2013 proda najve\u010d. Prodajati po telefonu je lepo in zabavno, \u010de se prodaje lotite pravilno.  \u010ce \u017eelite izvedeti, kako boste vi in va\u0161i prodajalci s pomo\u010djo telefona prepri\u010dali in prodali veliko ve\u010d kot va\u0161a konkurenca, potem se prijavite takoj.  Prejeli boste tudi predlogo z vsemi fazami prodajnega pogovora.  Kdaj? 23. aprila ob 20h  Kje? Na zaslonu va\u0161ega ra\u010dunalnika, tablice, telefona. Glejte samo, da boste imeli internetno povezavo.  Prijavite se tudi, \u010de morda ne boste utegnili spremljati webinarja v \u017eivo. Samo prijavljeni boste prejeli povezavo do ponovitve.  Cena? 25 EUR + DDV (ali 14,9 EUR + DDV v paketu 10 webinarjev)\" \/>\n<meta property=\"og:url\" content=\"https:\/\/www.lisac-lisac.si\/knjigarna\/webinarji-prijava\/webinar-uporaba-telefona-v-poslovne-namene\/\" \/>\n<meta property=\"og:site_name\" content=\"Lisac-lisac.si\" \/>\n<meta property=\"article:modified_time\" content=\"2021-08-13T05:48:51+00:00\" \/>\n<meta property=\"og:image\" content=\"https:\/\/www.lisac-lisac.si\/knjigarna\/wp-content\/uploads\/2021\/07\/webinar10.jpg\" \/>\n\t<meta property=\"og:image:width\" content=\"1170\" \/>\n\t<meta property=\"og:image:height\" content=\"819\" \/>\n\t<meta property=\"og:image:type\" content=\"image\/jpeg\" \/>\n<meta name=\"twitter:card\" content=\"summary_large_image\" \/>\n<script type=\"application\/ld+json\" class=\"yoast-schema-graph\">{\"@context\":\"https:\/\/schema.org\",\"@graph\":[{\"@type\":\"WebPage\",\"@id\":\"https:\/\/www.lisac-lisac.si\/knjigarna\/webinarji-prijava\/webinar-uporaba-telefona-v-poslovne-namene\/\",\"url\":\"https:\/\/www.lisac-lisac.si\/knjigarna\/webinarji-prijava\/webinar-uporaba-telefona-v-poslovne-namene\/\",\"name\":\"Uporaba telefona v poslovne namene? - Lisac-lisac.si\",\"isPartOf\":{\"@id\":\"https:\/\/www.lisac-lisac.si\/knjigarna\/#website\"},\"primaryImageOfPage\":{\"@id\":\"https:\/\/www.lisac-lisac.si\/knjigarna\/webinarji-prijava\/webinar-uporaba-telefona-v-poslovne-namene\/#primaryimage\"},\"image\":{\"@id\":\"https:\/\/www.lisac-lisac.si\/knjigarna\/webinarji-prijava\/webinar-uporaba-telefona-v-poslovne-namene\/#primaryimage\"},\"thumbnailUrl\":\"https:\/\/www.lisac-lisac.si\/knjigarna\/wp-content\/uploads\/2021\/07\/webinar10.jpg\",\"datePublished\":\"2021-07-02T11:40:52+00:00\",\"dateModified\":\"2021-08-13T05:48:51+00:00\",\"breadcrumb\":{\"@id\":\"https:\/\/www.lisac-lisac.si\/knjigarna\/webinarji-prijava\/webinar-uporaba-telefona-v-poslovne-namene\/#breadcrumb\"},\"inLanguage\":\"sl-SI\",\"potentialAction\":[{\"@type\":\"ReadAction\",\"target\":[\"https:\/\/www.lisac-lisac.si\/knjigarna\/webinarji-prijava\/webinar-uporaba-telefona-v-poslovne-namene\/\"]}]},{\"@type\":\"ImageObject\",\"inLanguage\":\"sl-SI\",\"@id\":\"https:\/\/www.lisac-lisac.si\/knjigarna\/webinarji-prijava\/webinar-uporaba-telefona-v-poslovne-namene\/#primaryimage\",\"url\":\"https:\/\/www.lisac-lisac.si\/knjigarna\/wp-content\/uploads\/2021\/07\/webinar10.jpg\",\"contentUrl\":\"https:\/\/www.lisac-lisac.si\/knjigarna\/wp-content\/uploads\/2021\/07\/webinar10.jpg\",\"width\":1170,\"height\":819},{\"@type\":\"BreadcrumbList\",\"@id\":\"https:\/\/www.lisac-lisac.si\/knjigarna\/webinarji-prijava\/webinar-uporaba-telefona-v-poslovne-namene\/#breadcrumb\",\"itemListElement\":[{\"@type\":\"ListItem\",\"position\":1,\"name\":\"Domov\",\"item\":\"https:\/\/www.lisac-lisac.si\/knjigarna\/\"},{\"@type\":\"ListItem\",\"position\":2,\"name\":\"Knjigarna\",\"item\":\"https:\/\/www.lisac-lisac.si\/knjigarna\/knjigarna\/\"},{\"@type\":\"ListItem\",\"position\":3,\"name\":\"Uporaba telefona v poslovne namene?\"}]},{\"@type\":\"WebSite\",\"@id\":\"https:\/\/www.lisac-lisac.si\/knjigarna\/#website\",\"url\":\"https:\/\/www.lisac-lisac.si\/knjigarna\/\",\"name\":\"Lisac-lisac.si\",\"description\":\"Knjige in seminarji za podjetnike.\",\"potentialAction\":[{\"@type\":\"SearchAction\",\"target\":{\"@type\":\"EntryPoint\",\"urlTemplate\":\"https:\/\/www.lisac-lisac.si\/knjigarna\/?s={search_term_string}\"},\"query-input\":\"required name=search_term_string\"}],\"inLanguage\":\"sl-SI\"}]}<\/script>\n<!-- \/ Yoast SEO plugin. -->","yoast_head_json":{"title":"Uporaba telefona v poslovne namene? - Lisac-lisac.si","robots":{"index":"noindex","follow":"follow","max-snippet":"max-snippet:-1","max-image-preview":"max-image-preview:large","max-video-preview":"max-video-preview:-1"},"og_locale":"sl_SI","og_type":"article","og_title":"Uporaba telefona v poslovne namene? - Lisac-lisac.si","og_description":"Dokazano se s pomo\u010djo telefona, sploh kadar gre za prodajo \u2018podjetje podjetju\u2019 \u2013 B2B \u2013 proda najve\u010d. Prodajati po telefonu je lepo in zabavno, \u010de se prodaje lotite pravilno.  \u010ce \u017eelite izvedeti, kako boste vi in va\u0161i prodajalci s pomo\u010djo telefona prepri\u010dali in prodali veliko ve\u010d kot va\u0161a konkurenca, potem se prijavite takoj.  Prejeli boste tudi predlogo z vsemi fazami prodajnega pogovora.  Kdaj? 23. aprila ob 20h  Kje? Na zaslonu va\u0161ega ra\u010dunalnika, tablice, telefona. Glejte samo, da boste imeli internetno povezavo.  Prijavite se tudi, \u010de morda ne boste utegnili spremljati webinarja v \u017eivo. Samo prijavljeni boste prejeli povezavo do ponovitve.  Cena? 25 EUR + DDV (ali 14,9 EUR + DDV v paketu 10 webinarjev)","og_url":"https:\/\/www.lisac-lisac.si\/knjigarna\/webinarji-prijava\/webinar-uporaba-telefona-v-poslovne-namene\/","og_site_name":"Lisac-lisac.si","article_modified_time":"2021-08-13T05:48:51+00:00","og_image":[{"width":1170,"height":819,"url":"https:\/\/www.lisac-lisac.si\/knjigarna\/wp-content\/uploads\/2021\/07\/webinar10.jpg","type":"image\/jpeg"}],"twitter_card":"summary_large_image","schema":{"@context":"https:\/\/schema.org","@graph":[{"@type":"WebPage","@id":"https:\/\/www.lisac-lisac.si\/knjigarna\/webinarji-prijava\/webinar-uporaba-telefona-v-poslovne-namene\/","url":"https:\/\/www.lisac-lisac.si\/knjigarna\/webinarji-prijava\/webinar-uporaba-telefona-v-poslovne-namene\/","name":"Uporaba telefona v poslovne namene? - Lisac-lisac.si","isPartOf":{"@id":"https:\/\/www.lisac-lisac.si\/knjigarna\/#website"},"primaryImageOfPage":{"@id":"https:\/\/www.lisac-lisac.si\/knjigarna\/webinarji-prijava\/webinar-uporaba-telefona-v-poslovne-namene\/#primaryimage"},"image":{"@id":"https:\/\/www.lisac-lisac.si\/knjigarna\/webinarji-prijava\/webinar-uporaba-telefona-v-poslovne-namene\/#primaryimage"},"thumbnailUrl":"https:\/\/www.lisac-lisac.si\/knjigarna\/wp-content\/uploads\/2021\/07\/webinar10.jpg","datePublished":"2021-07-02T11:40:52+00:00","dateModified":"2021-08-13T05:48:51+00:00","breadcrumb":{"@id":"https:\/\/www.lisac-lisac.si\/knjigarna\/webinarji-prijava\/webinar-uporaba-telefona-v-poslovne-namene\/#breadcrumb"},"inLanguage":"sl-SI","potentialAction":[{"@type":"ReadAction","target":["https:\/\/www.lisac-lisac.si\/knjigarna\/webinarji-prijava\/webinar-uporaba-telefona-v-poslovne-namene\/"]}]},{"@type":"ImageObject","inLanguage":"sl-SI","@id":"https:\/\/www.lisac-lisac.si\/knjigarna\/webinarji-prijava\/webinar-uporaba-telefona-v-poslovne-namene\/#primaryimage","url":"https:\/\/www.lisac-lisac.si\/knjigarna\/wp-content\/uploads\/2021\/07\/webinar10.jpg","contentUrl":"https:\/\/www.lisac-lisac.si\/knjigarna\/wp-content\/uploads\/2021\/07\/webinar10.jpg","width":1170,"height":819},{"@type":"BreadcrumbList","@id":"https:\/\/www.lisac-lisac.si\/knjigarna\/webinarji-prijava\/webinar-uporaba-telefona-v-poslovne-namene\/#breadcrumb","itemListElement":[{"@type":"ListItem","position":1,"name":"Domov","item":"https:\/\/www.lisac-lisac.si\/knjigarna\/"},{"@type":"ListItem","position":2,"name":"Knjigarna","item":"https:\/\/www.lisac-lisac.si\/knjigarna\/knjigarna\/"},{"@type":"ListItem","position":3,"name":"Uporaba telefona v poslovne namene?"}]},{"@type":"WebSite","@id":"https:\/\/www.lisac-lisac.si\/knjigarna\/#website","url":"https:\/\/www.lisac-lisac.si\/knjigarna\/","name":"Lisac-lisac.si","description":"Knjige in seminarji za podjetnike.","potentialAction":[{"@type":"SearchAction","target":{"@type":"EntryPoint","urlTemplate":"https:\/\/www.lisac-lisac.si\/knjigarna\/?s={search_term_string}"},"query-input":"required name=search_term_string"}],"inLanguage":"sl-SI"}]}},"_links":{"self":[{"href":"https:\/\/www.lisac-lisac.si\/knjigarna\/wp-json\/wp\/v2\/product\/1761","targetHints":{"allow":["GET"]}}],"collection":[{"href":"https:\/\/www.lisac-lisac.si\/knjigarna\/wp-json\/wp\/v2\/product"}],"about":[{"href":"https:\/\/www.lisac-lisac.si\/knjigarna\/wp-json\/wp\/v2\/types\/product"}],"replies":[{"embeddable":true,"href":"https:\/\/www.lisac-lisac.si\/knjigarna\/wp-json\/wp\/v2\/comments?post=1761"}],"wp:featuredmedia":[{"embeddable":true,"href":"https:\/\/www.lisac-lisac.si\/knjigarna\/wp-json\/wp\/v2\/media\/1760"}],"wp:attachment":[{"href":"https:\/\/www.lisac-lisac.si\/knjigarna\/wp-json\/wp\/v2\/media?parent=1761"}],"wp:term":[{"taxonomy":"product_cat","embeddable":true,"href":"https:\/\/www.lisac-lisac.si\/knjigarna\/wp-json\/wp\/v2\/product_cat?post=1761"},{"taxonomy":"product_tag","embeddable":true,"href":"https:\/\/www.lisac-lisac.si\/knjigarna\/wp-json\/wp\/v2\/product_tag?post=1761"}],"curies":[{"name":"wp","href":"https:\/\/api.w.org\/{rel}","templated":true}]}}