

{"id":1802,"date":"2021-07-07T12:47:06","date_gmt":"2021-07-07T10:47:06","guid":{"rendered":"https:\/\/www.zacasno.eu\/lisac-shop\/?post_type=product&#038;p=1802"},"modified":"2021-08-13T07:48:51","modified_gmt":"2021-08-13T05:48:51","slug":"webinar-osnova-psihologije-prodaje-kaj-in-zakaj-v-resnici-vasi-kupci-kupujejo-kako-to-poznavanje-uporabiti-za-povecanje-prodaje","status":"publish","type":"product","link":"https:\/\/www.lisac-lisac.si\/knjigarna\/webinarji-prijava\/webinar-osnova-psihologije-prodaje-kaj-in-zakaj-v-resnici-vasi-kupci-kupujejo-kako-to-poznavanje-uporabiti-za-povecanje-prodaje\/","title":{"rendered":"Osnova psihologije prodaje. Kaj in zakaj v resnici va\u0161i kupci kupujejo? Kako to poznavanje uporabiti za pove\u010danje prodaje?"},"content":{"rendered":"","protected":false},"excerpt":{"rendered":"<div class=\"wpb_text_column wpb_content_element \">\n<div class=\"wpb_wrapper\">\n<p>Razlogi, zakaj ljudje kupujemo in na kak\u0161en na\u010din razmi\u0161ljamo, so znani. Spoznajte jih in si olaj\u0161ajte delo v prodaji.<\/p>\n<p>V vsakem podjetju je en prodajalec, ki proda ve\u010d kot polovica vseh drugih skupaj. V vsaki panogi obstajajo podjetja in ljudje, ki zaslu\u017eijo in prodajo ve\u010d. So na vrhu piramide.<\/p>\n<p>Pa ne zato, ker bi imeli bolj\u0161i izdelek ali storitev, temve\u010d predvsem zato, ker znajo prodajati! Ker razumejo psihologijo prodaje.<\/p>\n<\/div>\n<\/div>\n<div class=\"wpb_text_column wpb_content_element \">\n<div class=\"wpb_wrapper\">\n<p><b>Kdaj?\u00a0<\/b>takoj, ko naro\u010dite povezavo na video seminar.<\/p>\n<p><b>Kje?<\/b>\u00a0Na zaslonu va\u0161ega ra\u010dunalnika, tablice, telefona. Glejte samo, da boste imeli internetno povezavo.<\/p>\n<p>Prijavite se tudi, \u010de morda ne boste utegnili spremljati webinarja v \u017eivo. Samo prijavljeni boste prejeli povezavo do ponovitve.<\/p>\n<p><b>Cena?<\/b>\u00a025 EUR + DDV (ali 14,9 EUR + DDV v paketu 10 webinarjev)<\/p>\n<\/div>\n<\/div>\n","protected":false},"featured_media":1799,"comment_status":"open","ping_status":"closed","template":"","meta":[],"product_cat":[122],"product_tag":[],"class_list":{"0":"post-1802","1":"product","2":"type-product","3":"status-publish","4":"has-post-thumbnail","6":"product_cat-webinarji-prijava","8":"first","9":"instock","10":"virtual","11":"taxable","12":"purchasable","13":"product-type-simple"},"yoast_head":"<!-- This site is optimized with the Yoast SEO plugin v23.2 - https:\/\/yoast.com\/wordpress\/plugins\/seo\/ -->\n<title>Osnova psihologije prodaje. Kaj in zakaj v resnici va\u0161i kupci kupujejo? Kako to poznavanje uporabiti za pove\u010danje prodaje? - Lisac-lisac.si<\/title>\n<meta name=\"robots\" content=\"noindex, follow, max-snippet:-1, max-image-preview:large, max-video-preview:-1\" \/>\n<meta property=\"og:locale\" content=\"sl_SI\" \/>\n<meta property=\"og:type\" content=\"article\" \/>\n<meta property=\"og:title\" content=\"Osnova psihologije prodaje. Kaj in zakaj v resnici va\u0161i kupci kupujejo? Kako to poznavanje uporabiti za pove\u010danje prodaje? - Lisac-lisac.si\" \/>\n<meta property=\"og:description\" content=\"Razlogi, zakaj ljudje kupujemo in na kak\u0161en na\u010din razmi\u0161ljamo, so znani. Spoznajte jih in si olaj\u0161ajte delo v prodaji.  V vsakem podjetju je en prodajalec, ki proda ve\u010d kot polovica vseh drugih skupaj. V vsaki panogi obstajajo podjetja in ljudje, ki zaslu\u017eijo in prodajo ve\u010d. So na vrhu piramide.  Pa ne zato, ker bi imeli bolj\u0161i izdelek ali storitev, temve\u010d predvsem zato, ker znajo prodajati! Ker razumejo psihologijo prodaje.       Kdaj?\u00a0takoj, ko naro\u010dite povezavo na video seminar.  Kje?\u00a0Na zaslonu va\u0161ega ra\u010dunalnika, tablice, telefona. Glejte samo, da boste imeli internetno povezavo.  Prijavite se tudi, \u010de morda ne boste utegnili spremljati webinarja v \u017eivo. Samo prijavljeni boste prejeli povezavo do ponovitve.  Cena?\u00a025 EUR + DDV (ali 14,9 EUR + DDV v paketu 10 webinarjev)\" \/>\n<meta property=\"og:url\" content=\"https:\/\/www.lisac-lisac.si\/knjigarna\/webinarji-prijava\/webinar-osnova-psihologije-prodaje-kaj-in-zakaj-v-resnici-vasi-kupci-kupujejo-kako-to-poznavanje-uporabiti-za-povecanje-prodaje\/\" \/>\n<meta property=\"og:site_name\" content=\"Lisac-lisac.si\" \/>\n<meta property=\"article:modified_time\" content=\"2021-08-13T05:48:51+00:00\" \/>\n<meta property=\"og:image\" content=\"https:\/\/www.lisac-lisac.si\/knjigarna\/wp-content\/uploads\/2021\/07\/webinar12.jpg\" \/>\n\t<meta property=\"og:image:width\" content=\"1000\" \/>\n\t<meta property=\"og:image:height\" content=\"700\" \/>\n\t<meta property=\"og:image:type\" content=\"image\/jpeg\" \/>\n<meta name=\"twitter:card\" content=\"summary_large_image\" \/>\n<script type=\"application\/ld+json\" class=\"yoast-schema-graph\">{\"@context\":\"https:\/\/schema.org\",\"@graph\":[{\"@type\":\"WebPage\",\"@id\":\"https:\/\/www.lisac-lisac.si\/knjigarna\/webinarji-prijava\/webinar-osnova-psihologije-prodaje-kaj-in-zakaj-v-resnici-vasi-kupci-kupujejo-kako-to-poznavanje-uporabiti-za-povecanje-prodaje\/\",\"url\":\"https:\/\/www.lisac-lisac.si\/knjigarna\/webinarji-prijava\/webinar-osnova-psihologije-prodaje-kaj-in-zakaj-v-resnici-vasi-kupci-kupujejo-kako-to-poznavanje-uporabiti-za-povecanje-prodaje\/\",\"name\":\"Osnova psihologije prodaje. Kaj in zakaj v resnici va\u0161i kupci kupujejo? Kako to poznavanje uporabiti za pove\u010danje prodaje? - Lisac-lisac.si\",\"isPartOf\":{\"@id\":\"https:\/\/www.lisac-lisac.si\/knjigarna\/#website\"},\"primaryImageOfPage\":{\"@id\":\"https:\/\/www.lisac-lisac.si\/knjigarna\/webinarji-prijava\/webinar-osnova-psihologije-prodaje-kaj-in-zakaj-v-resnici-vasi-kupci-kupujejo-kako-to-poznavanje-uporabiti-za-povecanje-prodaje\/#primaryimage\"},\"image\":{\"@id\":\"https:\/\/www.lisac-lisac.si\/knjigarna\/webinarji-prijava\/webinar-osnova-psihologije-prodaje-kaj-in-zakaj-v-resnici-vasi-kupci-kupujejo-kako-to-poznavanje-uporabiti-za-povecanje-prodaje\/#primaryimage\"},\"thumbnailUrl\":\"https:\/\/www.lisac-lisac.si\/knjigarna\/wp-content\/uploads\/2021\/07\/webinar12.jpg\",\"datePublished\":\"2021-07-07T10:47:06+00:00\",\"dateModified\":\"2021-08-13T05:48:51+00:00\",\"breadcrumb\":{\"@id\":\"https:\/\/www.lisac-lisac.si\/knjigarna\/webinarji-prijava\/webinar-osnova-psihologije-prodaje-kaj-in-zakaj-v-resnici-vasi-kupci-kupujejo-kako-to-poznavanje-uporabiti-za-povecanje-prodaje\/#breadcrumb\"},\"inLanguage\":\"sl-SI\",\"potentialAction\":[{\"@type\":\"ReadAction\",\"target\":[\"https:\/\/www.lisac-lisac.si\/knjigarna\/webinarji-prijava\/webinar-osnova-psihologije-prodaje-kaj-in-zakaj-v-resnici-vasi-kupci-kupujejo-kako-to-poznavanje-uporabiti-za-povecanje-prodaje\/\"]}]},{\"@type\":\"ImageObject\",\"inLanguage\":\"sl-SI\",\"@id\":\"https:\/\/www.lisac-lisac.si\/knjigarna\/webinarji-prijava\/webinar-osnova-psihologije-prodaje-kaj-in-zakaj-v-resnici-vasi-kupci-kupujejo-kako-to-poznavanje-uporabiti-za-povecanje-prodaje\/#primaryimage\",\"url\":\"https:\/\/www.lisac-lisac.si\/knjigarna\/wp-content\/uploads\/2021\/07\/webinar12.jpg\",\"contentUrl\":\"https:\/\/www.lisac-lisac.si\/knjigarna\/wp-content\/uploads\/2021\/07\/webinar12.jpg\",\"width\":1000,\"height\":700},{\"@type\":\"BreadcrumbList\",\"@id\":\"https:\/\/www.lisac-lisac.si\/knjigarna\/webinarji-prijava\/webinar-osnova-psihologije-prodaje-kaj-in-zakaj-v-resnici-vasi-kupci-kupujejo-kako-to-poznavanje-uporabiti-za-povecanje-prodaje\/#breadcrumb\",\"itemListElement\":[{\"@type\":\"ListItem\",\"position\":1,\"name\":\"Domov\",\"item\":\"https:\/\/www.lisac-lisac.si\/knjigarna\/\"},{\"@type\":\"ListItem\",\"position\":2,\"name\":\"Knjigarna\",\"item\":\"https:\/\/www.lisac-lisac.si\/knjigarna\/knjigarna\/\"},{\"@type\":\"ListItem\",\"position\":3,\"name\":\"Osnova psihologije prodaje. Kaj in zakaj v resnici va\u0161i kupci kupujejo? Kako to poznavanje uporabiti za pove\u010danje prodaje?\"}]},{\"@type\":\"WebSite\",\"@id\":\"https:\/\/www.lisac-lisac.si\/knjigarna\/#website\",\"url\":\"https:\/\/www.lisac-lisac.si\/knjigarna\/\",\"name\":\"Lisac-lisac.si\",\"description\":\"Knjige in seminarji za podjetnike.\",\"potentialAction\":[{\"@type\":\"SearchAction\",\"target\":{\"@type\":\"EntryPoint\",\"urlTemplate\":\"https:\/\/www.lisac-lisac.si\/knjigarna\/?s={search_term_string}\"},\"query-input\":\"required name=search_term_string\"}],\"inLanguage\":\"sl-SI\"}]}<\/script>\n<!-- \/ Yoast SEO plugin. -->","yoast_head_json":{"title":"Osnova psihologije prodaje. Kaj in zakaj v resnici va\u0161i kupci kupujejo? Kako to poznavanje uporabiti za pove\u010danje prodaje? - Lisac-lisac.si","robots":{"index":"noindex","follow":"follow","max-snippet":"max-snippet:-1","max-image-preview":"max-image-preview:large","max-video-preview":"max-video-preview:-1"},"og_locale":"sl_SI","og_type":"article","og_title":"Osnova psihologije prodaje. Kaj in zakaj v resnici va\u0161i kupci kupujejo? Kako to poznavanje uporabiti za pove\u010danje prodaje? - Lisac-lisac.si","og_description":"Razlogi, zakaj ljudje kupujemo in na kak\u0161en na\u010din razmi\u0161ljamo, so znani. Spoznajte jih in si olaj\u0161ajte delo v prodaji.  V vsakem podjetju je en prodajalec, ki proda ve\u010d kot polovica vseh drugih skupaj. V vsaki panogi obstajajo podjetja in ljudje, ki zaslu\u017eijo in prodajo ve\u010d. So na vrhu piramide.  Pa ne zato, ker bi imeli bolj\u0161i izdelek ali storitev, temve\u010d predvsem zato, ker znajo prodajati! Ker razumejo psihologijo prodaje.       Kdaj?\u00a0takoj, ko naro\u010dite povezavo na video seminar.  Kje?\u00a0Na zaslonu va\u0161ega ra\u010dunalnika, tablice, telefona. Glejte samo, da boste imeli internetno povezavo.  Prijavite se tudi, \u010de morda ne boste utegnili spremljati webinarja v \u017eivo. Samo prijavljeni boste prejeli povezavo do ponovitve.  Cena?\u00a025 EUR + DDV (ali 14,9 EUR + DDV v paketu 10 webinarjev)","og_url":"https:\/\/www.lisac-lisac.si\/knjigarna\/webinarji-prijava\/webinar-osnova-psihologije-prodaje-kaj-in-zakaj-v-resnici-vasi-kupci-kupujejo-kako-to-poznavanje-uporabiti-za-povecanje-prodaje\/","og_site_name":"Lisac-lisac.si","article_modified_time":"2021-08-13T05:48:51+00:00","og_image":[{"width":1000,"height":700,"url":"https:\/\/www.lisac-lisac.si\/knjigarna\/wp-content\/uploads\/2021\/07\/webinar12.jpg","type":"image\/jpeg"}],"twitter_card":"summary_large_image","schema":{"@context":"https:\/\/schema.org","@graph":[{"@type":"WebPage","@id":"https:\/\/www.lisac-lisac.si\/knjigarna\/webinarji-prijava\/webinar-osnova-psihologije-prodaje-kaj-in-zakaj-v-resnici-vasi-kupci-kupujejo-kako-to-poznavanje-uporabiti-za-povecanje-prodaje\/","url":"https:\/\/www.lisac-lisac.si\/knjigarna\/webinarji-prijava\/webinar-osnova-psihologije-prodaje-kaj-in-zakaj-v-resnici-vasi-kupci-kupujejo-kako-to-poznavanje-uporabiti-za-povecanje-prodaje\/","name":"Osnova psihologije prodaje. Kaj in zakaj v resnici va\u0161i kupci kupujejo? Kako to poznavanje uporabiti za pove\u010danje prodaje? - Lisac-lisac.si","isPartOf":{"@id":"https:\/\/www.lisac-lisac.si\/knjigarna\/#website"},"primaryImageOfPage":{"@id":"https:\/\/www.lisac-lisac.si\/knjigarna\/webinarji-prijava\/webinar-osnova-psihologije-prodaje-kaj-in-zakaj-v-resnici-vasi-kupci-kupujejo-kako-to-poznavanje-uporabiti-za-povecanje-prodaje\/#primaryimage"},"image":{"@id":"https:\/\/www.lisac-lisac.si\/knjigarna\/webinarji-prijava\/webinar-osnova-psihologije-prodaje-kaj-in-zakaj-v-resnici-vasi-kupci-kupujejo-kako-to-poznavanje-uporabiti-za-povecanje-prodaje\/#primaryimage"},"thumbnailUrl":"https:\/\/www.lisac-lisac.si\/knjigarna\/wp-content\/uploads\/2021\/07\/webinar12.jpg","datePublished":"2021-07-07T10:47:06+00:00","dateModified":"2021-08-13T05:48:51+00:00","breadcrumb":{"@id":"https:\/\/www.lisac-lisac.si\/knjigarna\/webinarji-prijava\/webinar-osnova-psihologije-prodaje-kaj-in-zakaj-v-resnici-vasi-kupci-kupujejo-kako-to-poznavanje-uporabiti-za-povecanje-prodaje\/#breadcrumb"},"inLanguage":"sl-SI","potentialAction":[{"@type":"ReadAction","target":["https:\/\/www.lisac-lisac.si\/knjigarna\/webinarji-prijava\/webinar-osnova-psihologije-prodaje-kaj-in-zakaj-v-resnici-vasi-kupci-kupujejo-kako-to-poznavanje-uporabiti-za-povecanje-prodaje\/"]}]},{"@type":"ImageObject","inLanguage":"sl-SI","@id":"https:\/\/www.lisac-lisac.si\/knjigarna\/webinarji-prijava\/webinar-osnova-psihologije-prodaje-kaj-in-zakaj-v-resnici-vasi-kupci-kupujejo-kako-to-poznavanje-uporabiti-za-povecanje-prodaje\/#primaryimage","url":"https:\/\/www.lisac-lisac.si\/knjigarna\/wp-content\/uploads\/2021\/07\/webinar12.jpg","contentUrl":"https:\/\/www.lisac-lisac.si\/knjigarna\/wp-content\/uploads\/2021\/07\/webinar12.jpg","width":1000,"height":700},{"@type":"BreadcrumbList","@id":"https:\/\/www.lisac-lisac.si\/knjigarna\/webinarji-prijava\/webinar-osnova-psihologije-prodaje-kaj-in-zakaj-v-resnici-vasi-kupci-kupujejo-kako-to-poznavanje-uporabiti-za-povecanje-prodaje\/#breadcrumb","itemListElement":[{"@type":"ListItem","position":1,"name":"Domov","item":"https:\/\/www.lisac-lisac.si\/knjigarna\/"},{"@type":"ListItem","position":2,"name":"Knjigarna","item":"https:\/\/www.lisac-lisac.si\/knjigarna\/knjigarna\/"},{"@type":"ListItem","position":3,"name":"Osnova psihologije prodaje. Kaj in zakaj v resnici va\u0161i kupci kupujejo? Kako to poznavanje uporabiti za pove\u010danje prodaje?"}]},{"@type":"WebSite","@id":"https:\/\/www.lisac-lisac.si\/knjigarna\/#website","url":"https:\/\/www.lisac-lisac.si\/knjigarna\/","name":"Lisac-lisac.si","description":"Knjige in seminarji za podjetnike.","potentialAction":[{"@type":"SearchAction","target":{"@type":"EntryPoint","urlTemplate":"https:\/\/www.lisac-lisac.si\/knjigarna\/?s={search_term_string}"},"query-input":"required name=search_term_string"}],"inLanguage":"sl-SI"}]}},"_links":{"self":[{"href":"https:\/\/www.lisac-lisac.si\/knjigarna\/wp-json\/wp\/v2\/product\/1802","targetHints":{"allow":["GET"]}}],"collection":[{"href":"https:\/\/www.lisac-lisac.si\/knjigarna\/wp-json\/wp\/v2\/product"}],"about":[{"href":"https:\/\/www.lisac-lisac.si\/knjigarna\/wp-json\/wp\/v2\/types\/product"}],"replies":[{"embeddable":true,"href":"https:\/\/www.lisac-lisac.si\/knjigarna\/wp-json\/wp\/v2\/comments?post=1802"}],"wp:featuredmedia":[{"embeddable":true,"href":"https:\/\/www.lisac-lisac.si\/knjigarna\/wp-json\/wp\/v2\/media\/1799"}],"wp:attachment":[{"href":"https:\/\/www.lisac-lisac.si\/knjigarna\/wp-json\/wp\/v2\/media?parent=1802"}],"wp:term":[{"taxonomy":"product_cat","embeddable":true,"href":"https:\/\/www.lisac-lisac.si\/knjigarna\/wp-json\/wp\/v2\/product_cat?post=1802"},{"taxonomy":"product_tag","embeddable":true,"href":"https:\/\/www.lisac-lisac.si\/knjigarna\/wp-json\/wp\/v2\/product_tag?post=1802"}],"curies":[{"name":"wp","href":"https:\/\/api.w.org\/{rel}","templated":true}]}}