

{"id":1827,"date":"2021-07-07T13:10:52","date_gmt":"2021-07-07T11:10:52","guid":{"rendered":"https:\/\/www.zacasno.eu\/lisac-shop\/?post_type=product&#038;p=1827"},"modified":"2021-08-13T07:48:51","modified_gmt":"2021-08-13T05:48:51","slug":"webinar-tudi-vi-lahko-posnamete-tudi-s-telefonom-gledljiv-video-s-katerim-boste-povecali-prodajo","status":"publish","type":"product","link":"https:\/\/www.lisac-lisac.si\/knjigarna\/webinarji-prijava\/webinar-tudi-vi-lahko-posnamete-tudi-s-telefonom-gledljiv-video-s-katerim-boste-povecali-prodajo\/","title":{"rendered":"Tudi vi lahko posnamete (tudi s telefonom) gledljiv video, s katerim boste pove\u010dali prodajo."},"content":{"rendered":"","protected":false},"excerpt":{"rendered":"<div class=\"wpb_text_column wpb_content_element \">\n<div class=\"wpb_wrapper\">\n<p>Video vam lahko pomaga pri prodaji, pri predstavitvi izdelkov, pri la\u017ejem iskanju v iskalnikih. Va\u0161a prepoznavnost bo z uporabo videa velikokrat bolj\u0161a.<\/p>\n<p>Pokazali vam bomo recept za pripravo videa, ki ga lahko naredite \u010disto sami. Povedali vam bomo tudi, kako va\u0161 video najbolje uporabite, da boste prodali ve\u010d.<\/p>\n<p>Preverjen recept tudi za tiste, ki \u0161e niste posneli nobenega videa.<\/p>\n<\/div>\n<\/div>\n<div class=\"wpb_text_column wpb_content_element \">\n<div class=\"wpb_wrapper\">\n<p><b>Kdaj?<\/b>\u00a030. aprila ob 20h<\/p>\n<p><b>Kje?<\/b>\u00a0Na zaslonu va\u0161ega ra\u010dunalnika, tablice, telefona. Glejte samo, da boste imeli internetno povezavo.<\/p>\n<p>Prijavite se tudi, \u010de morda ne boste utegnili spremljati webinarja v \u017eivo. Samo prijavljeni boste prejeli povezavo do ponovitve.<\/p>\n<p>&nbsp;<\/p>\n<\/div>\n<\/div>\n","protected":false},"featured_media":1824,"comment_status":"open","ping_status":"closed","template":"","meta":[],"product_cat":[122],"product_tag":[],"class_list":{"0":"post-1827","1":"product","2":"type-product","3":"status-publish","4":"has-post-thumbnail","6":"product_cat-webinarji-prijava","8":"first","9":"instock","10":"virtual","11":"taxable","12":"product-type-simple"},"yoast_head":"<!-- This site is optimized with the Yoast SEO plugin v23.2 - https:\/\/yoast.com\/wordpress\/plugins\/seo\/ -->\n<title>Tudi vi lahko posnamete (tudi s telefonom) gledljiv video, s katerim boste pove\u010dali prodajo. - Lisac-lisac.si<\/title>\n<meta name=\"robots\" content=\"noindex, follow, max-snippet:-1, max-image-preview:large, max-video-preview:-1\" \/>\n<meta property=\"og:locale\" content=\"sl_SI\" \/>\n<meta property=\"og:type\" content=\"article\" \/>\n<meta property=\"og:title\" content=\"Tudi vi lahko posnamete (tudi s telefonom) gledljiv video, s katerim boste pove\u010dali prodajo. - Lisac-lisac.si\" \/>\n<meta property=\"og:description\" content=\"Video vam lahko pomaga pri prodaji, pri predstavitvi izdelkov, pri la\u017ejem iskanju v iskalnikih. Va\u0161a prepoznavnost bo z uporabo videa velikokrat bolj\u0161a.  Pokazali vam bomo recept za pripravo videa, ki ga lahko naredite \u010disto sami. Povedali vam bomo tudi, kako va\u0161 video najbolje uporabite, da boste prodali ve\u010d.  Preverjen recept tudi za tiste, ki \u0161e niste posneli nobenega videa.       Kdaj?\u00a030. aprila ob 20h  Kje?\u00a0Na zaslonu va\u0161ega ra\u010dunalnika, tablice, telefona. Glejte samo, da boste imeli internetno povezavo.  Prijavite se tudi, \u010de morda ne boste utegnili spremljati webinarja v \u017eivo. Samo prijavljeni boste prejeli povezavo do ponovitve.  &nbsp;\" \/>\n<meta property=\"og:url\" content=\"https:\/\/www.lisac-lisac.si\/knjigarna\/webinarji-prijava\/webinar-tudi-vi-lahko-posnamete-tudi-s-telefonom-gledljiv-video-s-katerim-boste-povecali-prodajo\/\" \/>\n<meta property=\"og:site_name\" content=\"Lisac-lisac.si\" \/>\n<meta property=\"article:modified_time\" content=\"2021-08-13T05:48:51+00:00\" \/>\n<meta property=\"og:image\" content=\"https:\/\/www.lisac-lisac.si\/knjigarna\/wp-content\/uploads\/2021\/07\/webinar16.jpg\" \/>\n\t<meta property=\"og:image:width\" content=\"1000\" \/>\n\t<meta property=\"og:image:height\" content=\"700\" \/>\n\t<meta property=\"og:image:type\" content=\"image\/jpeg\" \/>\n<meta name=\"twitter:card\" content=\"summary_large_image\" \/>\n<script type=\"application\/ld+json\" class=\"yoast-schema-graph\">{\"@context\":\"https:\/\/schema.org\",\"@graph\":[{\"@type\":\"WebPage\",\"@id\":\"https:\/\/www.lisac-lisac.si\/knjigarna\/webinarji-prijava\/webinar-tudi-vi-lahko-posnamete-tudi-s-telefonom-gledljiv-video-s-katerim-boste-povecali-prodajo\/\",\"url\":\"https:\/\/www.lisac-lisac.si\/knjigarna\/webinarji-prijava\/webinar-tudi-vi-lahko-posnamete-tudi-s-telefonom-gledljiv-video-s-katerim-boste-povecali-prodajo\/\",\"name\":\"Tudi vi lahko posnamete (tudi s telefonom) gledljiv video, s katerim boste pove\u010dali prodajo. - Lisac-lisac.si\",\"isPartOf\":{\"@id\":\"https:\/\/www.lisac-lisac.si\/knjigarna\/#website\"},\"primaryImageOfPage\":{\"@id\":\"https:\/\/www.lisac-lisac.si\/knjigarna\/webinarji-prijava\/webinar-tudi-vi-lahko-posnamete-tudi-s-telefonom-gledljiv-video-s-katerim-boste-povecali-prodajo\/#primaryimage\"},\"image\":{\"@id\":\"https:\/\/www.lisac-lisac.si\/knjigarna\/webinarji-prijava\/webinar-tudi-vi-lahko-posnamete-tudi-s-telefonom-gledljiv-video-s-katerim-boste-povecali-prodajo\/#primaryimage\"},\"thumbnailUrl\":\"https:\/\/www.lisac-lisac.si\/knjigarna\/wp-content\/uploads\/2021\/07\/webinar16.jpg\",\"datePublished\":\"2021-07-07T11:10:52+00:00\",\"dateModified\":\"2021-08-13T05:48:51+00:00\",\"breadcrumb\":{\"@id\":\"https:\/\/www.lisac-lisac.si\/knjigarna\/webinarji-prijava\/webinar-tudi-vi-lahko-posnamete-tudi-s-telefonom-gledljiv-video-s-katerim-boste-povecali-prodajo\/#breadcrumb\"},\"inLanguage\":\"sl-SI\",\"potentialAction\":[{\"@type\":\"ReadAction\",\"target\":[\"https:\/\/www.lisac-lisac.si\/knjigarna\/webinarji-prijava\/webinar-tudi-vi-lahko-posnamete-tudi-s-telefonom-gledljiv-video-s-katerim-boste-povecali-prodajo\/\"]}]},{\"@type\":\"ImageObject\",\"inLanguage\":\"sl-SI\",\"@id\":\"https:\/\/www.lisac-lisac.si\/knjigarna\/webinarji-prijava\/webinar-tudi-vi-lahko-posnamete-tudi-s-telefonom-gledljiv-video-s-katerim-boste-povecali-prodajo\/#primaryimage\",\"url\":\"https:\/\/www.lisac-lisac.si\/knjigarna\/wp-content\/uploads\/2021\/07\/webinar16.jpg\",\"contentUrl\":\"https:\/\/www.lisac-lisac.si\/knjigarna\/wp-content\/uploads\/2021\/07\/webinar16.jpg\",\"width\":1000,\"height\":700},{\"@type\":\"BreadcrumbList\",\"@id\":\"https:\/\/www.lisac-lisac.si\/knjigarna\/webinarji-prijava\/webinar-tudi-vi-lahko-posnamete-tudi-s-telefonom-gledljiv-video-s-katerim-boste-povecali-prodajo\/#breadcrumb\",\"itemListElement\":[{\"@type\":\"ListItem\",\"position\":1,\"name\":\"Domov\",\"item\":\"https:\/\/www.lisac-lisac.si\/knjigarna\/\"},{\"@type\":\"ListItem\",\"position\":2,\"name\":\"Knjigarna\",\"item\":\"https:\/\/www.lisac-lisac.si\/knjigarna\/knjigarna\/\"},{\"@type\":\"ListItem\",\"position\":3,\"name\":\"Tudi vi lahko posnamete (tudi s telefonom) gledljiv video, s katerim boste pove\u010dali prodajo.\"}]},{\"@type\":\"WebSite\",\"@id\":\"https:\/\/www.lisac-lisac.si\/knjigarna\/#website\",\"url\":\"https:\/\/www.lisac-lisac.si\/knjigarna\/\",\"name\":\"Lisac-lisac.si\",\"description\":\"Knjige in seminarji za podjetnike.\",\"potentialAction\":[{\"@type\":\"SearchAction\",\"target\":{\"@type\":\"EntryPoint\",\"urlTemplate\":\"https:\/\/www.lisac-lisac.si\/knjigarna\/?s={search_term_string}\"},\"query-input\":\"required name=search_term_string\"}],\"inLanguage\":\"sl-SI\"}]}<\/script>\n<!-- \/ Yoast SEO plugin. -->","yoast_head_json":{"title":"Tudi vi lahko posnamete (tudi s telefonom) gledljiv video, s katerim boste pove\u010dali prodajo. - Lisac-lisac.si","robots":{"index":"noindex","follow":"follow","max-snippet":"max-snippet:-1","max-image-preview":"max-image-preview:large","max-video-preview":"max-video-preview:-1"},"og_locale":"sl_SI","og_type":"article","og_title":"Tudi vi lahko posnamete (tudi s telefonom) gledljiv video, s katerim boste pove\u010dali prodajo. - Lisac-lisac.si","og_description":"Video vam lahko pomaga pri prodaji, pri predstavitvi izdelkov, pri la\u017ejem iskanju v iskalnikih. Va\u0161a prepoznavnost bo z uporabo videa velikokrat bolj\u0161a.  Pokazali vam bomo recept za pripravo videa, ki ga lahko naredite \u010disto sami. Povedali vam bomo tudi, kako va\u0161 video najbolje uporabite, da boste prodali ve\u010d.  Preverjen recept tudi za tiste, ki \u0161e niste posneli nobenega videa.       Kdaj?\u00a030. aprila ob 20h  Kje?\u00a0Na zaslonu va\u0161ega ra\u010dunalnika, tablice, telefona. Glejte samo, da boste imeli internetno povezavo.  Prijavite se tudi, \u010de morda ne boste utegnili spremljati webinarja v \u017eivo. Samo prijavljeni boste prejeli povezavo do ponovitve.  &nbsp;","og_url":"https:\/\/www.lisac-lisac.si\/knjigarna\/webinarji-prijava\/webinar-tudi-vi-lahko-posnamete-tudi-s-telefonom-gledljiv-video-s-katerim-boste-povecali-prodajo\/","og_site_name":"Lisac-lisac.si","article_modified_time":"2021-08-13T05:48:51+00:00","og_image":[{"width":1000,"height":700,"url":"https:\/\/www.lisac-lisac.si\/knjigarna\/wp-content\/uploads\/2021\/07\/webinar16.jpg","type":"image\/jpeg"}],"twitter_card":"summary_large_image","schema":{"@context":"https:\/\/schema.org","@graph":[{"@type":"WebPage","@id":"https:\/\/www.lisac-lisac.si\/knjigarna\/webinarji-prijava\/webinar-tudi-vi-lahko-posnamete-tudi-s-telefonom-gledljiv-video-s-katerim-boste-povecali-prodajo\/","url":"https:\/\/www.lisac-lisac.si\/knjigarna\/webinarji-prijava\/webinar-tudi-vi-lahko-posnamete-tudi-s-telefonom-gledljiv-video-s-katerim-boste-povecali-prodajo\/","name":"Tudi vi lahko posnamete (tudi s telefonom) gledljiv video, s katerim boste pove\u010dali prodajo. - Lisac-lisac.si","isPartOf":{"@id":"https:\/\/www.lisac-lisac.si\/knjigarna\/#website"},"primaryImageOfPage":{"@id":"https:\/\/www.lisac-lisac.si\/knjigarna\/webinarji-prijava\/webinar-tudi-vi-lahko-posnamete-tudi-s-telefonom-gledljiv-video-s-katerim-boste-povecali-prodajo\/#primaryimage"},"image":{"@id":"https:\/\/www.lisac-lisac.si\/knjigarna\/webinarji-prijava\/webinar-tudi-vi-lahko-posnamete-tudi-s-telefonom-gledljiv-video-s-katerim-boste-povecali-prodajo\/#primaryimage"},"thumbnailUrl":"https:\/\/www.lisac-lisac.si\/knjigarna\/wp-content\/uploads\/2021\/07\/webinar16.jpg","datePublished":"2021-07-07T11:10:52+00:00","dateModified":"2021-08-13T05:48:51+00:00","breadcrumb":{"@id":"https:\/\/www.lisac-lisac.si\/knjigarna\/webinarji-prijava\/webinar-tudi-vi-lahko-posnamete-tudi-s-telefonom-gledljiv-video-s-katerim-boste-povecali-prodajo\/#breadcrumb"},"inLanguage":"sl-SI","potentialAction":[{"@type":"ReadAction","target":["https:\/\/www.lisac-lisac.si\/knjigarna\/webinarji-prijava\/webinar-tudi-vi-lahko-posnamete-tudi-s-telefonom-gledljiv-video-s-katerim-boste-povecali-prodajo\/"]}]},{"@type":"ImageObject","inLanguage":"sl-SI","@id":"https:\/\/www.lisac-lisac.si\/knjigarna\/webinarji-prijava\/webinar-tudi-vi-lahko-posnamete-tudi-s-telefonom-gledljiv-video-s-katerim-boste-povecali-prodajo\/#primaryimage","url":"https:\/\/www.lisac-lisac.si\/knjigarna\/wp-content\/uploads\/2021\/07\/webinar16.jpg","contentUrl":"https:\/\/www.lisac-lisac.si\/knjigarna\/wp-content\/uploads\/2021\/07\/webinar16.jpg","width":1000,"height":700},{"@type":"BreadcrumbList","@id":"https:\/\/www.lisac-lisac.si\/knjigarna\/webinarji-prijava\/webinar-tudi-vi-lahko-posnamete-tudi-s-telefonom-gledljiv-video-s-katerim-boste-povecali-prodajo\/#breadcrumb","itemListElement":[{"@type":"ListItem","position":1,"name":"Domov","item":"https:\/\/www.lisac-lisac.si\/knjigarna\/"},{"@type":"ListItem","position":2,"name":"Knjigarna","item":"https:\/\/www.lisac-lisac.si\/knjigarna\/knjigarna\/"},{"@type":"ListItem","position":3,"name":"Tudi vi lahko posnamete (tudi s telefonom) gledljiv video, s katerim boste pove\u010dali prodajo."}]},{"@type":"WebSite","@id":"https:\/\/www.lisac-lisac.si\/knjigarna\/#website","url":"https:\/\/www.lisac-lisac.si\/knjigarna\/","name":"Lisac-lisac.si","description":"Knjige in seminarji za podjetnike.","potentialAction":[{"@type":"SearchAction","target":{"@type":"EntryPoint","urlTemplate":"https:\/\/www.lisac-lisac.si\/knjigarna\/?s={search_term_string}"},"query-input":"required name=search_term_string"}],"inLanguage":"sl-SI"}]}},"_links":{"self":[{"href":"https:\/\/www.lisac-lisac.si\/knjigarna\/wp-json\/wp\/v2\/product\/1827","targetHints":{"allow":["GET"]}}],"collection":[{"href":"https:\/\/www.lisac-lisac.si\/knjigarna\/wp-json\/wp\/v2\/product"}],"about":[{"href":"https:\/\/www.lisac-lisac.si\/knjigarna\/wp-json\/wp\/v2\/types\/product"}],"replies":[{"embeddable":true,"href":"https:\/\/www.lisac-lisac.si\/knjigarna\/wp-json\/wp\/v2\/comments?post=1827"}],"wp:featuredmedia":[{"embeddable":true,"href":"https:\/\/www.lisac-lisac.si\/knjigarna\/wp-json\/wp\/v2\/media\/1824"}],"wp:attachment":[{"href":"https:\/\/www.lisac-lisac.si\/knjigarna\/wp-json\/wp\/v2\/media?parent=1827"}],"wp:term":[{"taxonomy":"product_cat","embeddable":true,"href":"https:\/\/www.lisac-lisac.si\/knjigarna\/wp-json\/wp\/v2\/product_cat?post=1827"},{"taxonomy":"product_tag","embeddable":true,"href":"https:\/\/www.lisac-lisac.si\/knjigarna\/wp-json\/wp\/v2\/product_tag?post=1827"}],"curies":[{"name":"wp","href":"https:\/\/api.w.org\/{rel}","templated":true}]}}