

{"id":1838,"date":"2021-07-07T13:23:05","date_gmt":"2021-07-07T11:23:05","guid":{"rendered":"https:\/\/www.zacasno.eu\/lisac-shop\/?post_type=product&#038;p=1838"},"modified":"2021-08-13T07:48:51","modified_gmt":"2021-08-13T05:48:51","slug":"webinar-kaj-lahko-sami-naredite-za-optimizacijo-svoje-spletne-strani","status":"publish","type":"product","link":"https:\/\/www.lisac-lisac.si\/knjigarna\/webinarji-prijava\/webinar-kaj-lahko-sami-naredite-za-optimizacijo-svoje-spletne-strani\/","title":{"rendered":"Kaj lahko sami naredite za optimizacijo svoje spletne strani?"},"content":{"rendered":"","protected":false},"excerpt":{"rendered":"<p>Vsi za iskanje uporabljamo Google. V stik ve\u010dinoma pridemo s tistimi, ki jih pri iskanju najdemo na prvi strani. Smetano vedno poberejo zadetki, ki so na prvi strani. Pa ste vedeli, da lahko veliko ve\u010dino naredite \u010disto sami?<\/p>\n<p>Spoznali boste preproste na\u010dine, s katerimi boste svoje podjetje, izdelek ali storitev postavili na prvo stran iskalnikov. Brez finan\u010dnih vlo\u017ekov!<\/p>\n<p>Kdaj? takoj, ko naro\u010dite povezavo na video seminar.<\/p>\n<p>Kje? Na zaslonu va\u0161ega ra\u010dunalnika, tablice, telefona. Glejte samo, da boste imeli internetno povezavo.<\/p>\n<p>Prijavite se tudi, \u010de morda ne boste utegnili spremljati webinarja v \u017eivo. Samo prijavljeni boste prejeli povezavo do ponovitve.<\/p>\n<p>Cena? 25 EUR + DDV (ali 14,9 EUR + DDV v paketu 10 webinarjev)<\/p>\n","protected":false},"featured_media":1837,"comment_status":"open","ping_status":"closed","template":"","meta":[],"product_cat":[122],"product_tag":[],"class_list":{"0":"post-1838","1":"product","2":"type-product","3":"status-publish","4":"has-post-thumbnail","6":"product_cat-webinarji-prijava","8":"first","9":"instock","10":"virtual","11":"taxable","12":"purchasable","13":"product-type-simple"},"yoast_head":"<!-- This site is optimized with the Yoast SEO plugin v23.2 - https:\/\/yoast.com\/wordpress\/plugins\/seo\/ -->\n<title>Kaj lahko sami naredite za optimizacijo svoje spletne strani? - Lisac-lisac.si<\/title>\n<meta name=\"robots\" content=\"noindex, follow, max-snippet:-1, max-image-preview:large, max-video-preview:-1\" \/>\n<meta property=\"og:locale\" content=\"sl_SI\" \/>\n<meta property=\"og:type\" content=\"article\" \/>\n<meta property=\"og:title\" content=\"Kaj lahko sami naredite za optimizacijo svoje spletne strani? - Lisac-lisac.si\" \/>\n<meta property=\"og:description\" content=\"Vsi za iskanje uporabljamo Google. V stik ve\u010dinoma pridemo s tistimi, ki jih pri iskanju najdemo na prvi strani. Smetano vedno poberejo zadetki, ki so na prvi strani. Pa ste vedeli, da lahko veliko ve\u010dino naredite \u010disto sami?  Spoznali boste preproste na\u010dine, s katerimi boste svoje podjetje, izdelek ali storitev postavili na prvo stran iskalnikov. Brez finan\u010dnih vlo\u017ekov!  Kdaj? takoj, ko naro\u010dite povezavo na video seminar.  Kje? Na zaslonu va\u0161ega ra\u010dunalnika, tablice, telefona. Glejte samo, da boste imeli internetno povezavo.  Prijavite se tudi, \u010de morda ne boste utegnili spremljati webinarja v \u017eivo. Samo prijavljeni boste prejeli povezavo do ponovitve.  Cena? 25 EUR + DDV (ali 14,9 EUR + DDV v paketu 10 webinarjev)\" \/>\n<meta property=\"og:url\" content=\"https:\/\/www.lisac-lisac.si\/knjigarna\/webinarji-prijava\/webinar-kaj-lahko-sami-naredite-za-optimizacijo-svoje-spletne-strani\/\" \/>\n<meta property=\"og:site_name\" content=\"Lisac-lisac.si\" \/>\n<meta property=\"article:modified_time\" content=\"2021-08-13T05:48:51+00:00\" \/>\n<meta property=\"og:image\" content=\"https:\/\/www.lisac-lisac.si\/knjigarna\/wp-content\/uploads\/2021\/07\/webinar18.jpg\" \/>\n\t<meta property=\"og:image:width\" content=\"1000\" \/>\n\t<meta property=\"og:image:height\" content=\"700\" \/>\n\t<meta property=\"og:image:type\" content=\"image\/jpeg\" \/>\n<meta name=\"twitter:card\" content=\"summary_large_image\" \/>\n<script type=\"application\/ld+json\" class=\"yoast-schema-graph\">{\"@context\":\"https:\/\/schema.org\",\"@graph\":[{\"@type\":\"WebPage\",\"@id\":\"https:\/\/www.lisac-lisac.si\/knjigarna\/webinarji-prijava\/webinar-kaj-lahko-sami-naredite-za-optimizacijo-svoje-spletne-strani\/\",\"url\":\"https:\/\/www.lisac-lisac.si\/knjigarna\/webinarji-prijava\/webinar-kaj-lahko-sami-naredite-za-optimizacijo-svoje-spletne-strani\/\",\"name\":\"Kaj lahko sami naredite za optimizacijo svoje spletne strani? - Lisac-lisac.si\",\"isPartOf\":{\"@id\":\"https:\/\/www.lisac-lisac.si\/knjigarna\/#website\"},\"primaryImageOfPage\":{\"@id\":\"https:\/\/www.lisac-lisac.si\/knjigarna\/webinarji-prijava\/webinar-kaj-lahko-sami-naredite-za-optimizacijo-svoje-spletne-strani\/#primaryimage\"},\"image\":{\"@id\":\"https:\/\/www.lisac-lisac.si\/knjigarna\/webinarji-prijava\/webinar-kaj-lahko-sami-naredite-za-optimizacijo-svoje-spletne-strani\/#primaryimage\"},\"thumbnailUrl\":\"https:\/\/www.lisac-lisac.si\/knjigarna\/wp-content\/uploads\/2021\/07\/webinar18.jpg\",\"datePublished\":\"2021-07-07T11:23:05+00:00\",\"dateModified\":\"2021-08-13T05:48:51+00:00\",\"breadcrumb\":{\"@id\":\"https:\/\/www.lisac-lisac.si\/knjigarna\/webinarji-prijava\/webinar-kaj-lahko-sami-naredite-za-optimizacijo-svoje-spletne-strani\/#breadcrumb\"},\"inLanguage\":\"sl-SI\",\"potentialAction\":[{\"@type\":\"ReadAction\",\"target\":[\"https:\/\/www.lisac-lisac.si\/knjigarna\/webinarji-prijava\/webinar-kaj-lahko-sami-naredite-za-optimizacijo-svoje-spletne-strani\/\"]}]},{\"@type\":\"ImageObject\",\"inLanguage\":\"sl-SI\",\"@id\":\"https:\/\/www.lisac-lisac.si\/knjigarna\/webinarji-prijava\/webinar-kaj-lahko-sami-naredite-za-optimizacijo-svoje-spletne-strani\/#primaryimage\",\"url\":\"https:\/\/www.lisac-lisac.si\/knjigarna\/wp-content\/uploads\/2021\/07\/webinar18.jpg\",\"contentUrl\":\"https:\/\/www.lisac-lisac.si\/knjigarna\/wp-content\/uploads\/2021\/07\/webinar18.jpg\",\"width\":1000,\"height\":700},{\"@type\":\"BreadcrumbList\",\"@id\":\"https:\/\/www.lisac-lisac.si\/knjigarna\/webinarji-prijava\/webinar-kaj-lahko-sami-naredite-za-optimizacijo-svoje-spletne-strani\/#breadcrumb\",\"itemListElement\":[{\"@type\":\"ListItem\",\"position\":1,\"name\":\"Domov\",\"item\":\"https:\/\/www.lisac-lisac.si\/knjigarna\/\"},{\"@type\":\"ListItem\",\"position\":2,\"name\":\"Knjigarna\",\"item\":\"https:\/\/www.lisac-lisac.si\/knjigarna\/knjigarna\/\"},{\"@type\":\"ListItem\",\"position\":3,\"name\":\"Kaj lahko sami naredite za optimizacijo svoje spletne strani?\"}]},{\"@type\":\"WebSite\",\"@id\":\"https:\/\/www.lisac-lisac.si\/knjigarna\/#website\",\"url\":\"https:\/\/www.lisac-lisac.si\/knjigarna\/\",\"name\":\"Lisac-lisac.si\",\"description\":\"Knjige in seminarji za podjetnike.\",\"potentialAction\":[{\"@type\":\"SearchAction\",\"target\":{\"@type\":\"EntryPoint\",\"urlTemplate\":\"https:\/\/www.lisac-lisac.si\/knjigarna\/?s={search_term_string}\"},\"query-input\":\"required name=search_term_string\"}],\"inLanguage\":\"sl-SI\"}]}<\/script>\n<!-- \/ Yoast SEO plugin. -->","yoast_head_json":{"title":"Kaj lahko sami naredite za optimizacijo svoje spletne strani? - Lisac-lisac.si","robots":{"index":"noindex","follow":"follow","max-snippet":"max-snippet:-1","max-image-preview":"max-image-preview:large","max-video-preview":"max-video-preview:-1"},"og_locale":"sl_SI","og_type":"article","og_title":"Kaj lahko sami naredite za optimizacijo svoje spletne strani? - Lisac-lisac.si","og_description":"Vsi za iskanje uporabljamo Google. V stik ve\u010dinoma pridemo s tistimi, ki jih pri iskanju najdemo na prvi strani. Smetano vedno poberejo zadetki, ki so na prvi strani. Pa ste vedeli, da lahko veliko ve\u010dino naredite \u010disto sami?  Spoznali boste preproste na\u010dine, s katerimi boste svoje podjetje, izdelek ali storitev postavili na prvo stran iskalnikov. Brez finan\u010dnih vlo\u017ekov!  Kdaj? takoj, ko naro\u010dite povezavo na video seminar.  Kje? Na zaslonu va\u0161ega ra\u010dunalnika, tablice, telefona. Glejte samo, da boste imeli internetno povezavo.  Prijavite se tudi, \u010de morda ne boste utegnili spremljati webinarja v \u017eivo. Samo prijavljeni boste prejeli povezavo do ponovitve.  Cena? 25 EUR + DDV (ali 14,9 EUR + DDV v paketu 10 webinarjev)","og_url":"https:\/\/www.lisac-lisac.si\/knjigarna\/webinarji-prijava\/webinar-kaj-lahko-sami-naredite-za-optimizacijo-svoje-spletne-strani\/","og_site_name":"Lisac-lisac.si","article_modified_time":"2021-08-13T05:48:51+00:00","og_image":[{"width":1000,"height":700,"url":"https:\/\/www.lisac-lisac.si\/knjigarna\/wp-content\/uploads\/2021\/07\/webinar18.jpg","type":"image\/jpeg"}],"twitter_card":"summary_large_image","schema":{"@context":"https:\/\/schema.org","@graph":[{"@type":"WebPage","@id":"https:\/\/www.lisac-lisac.si\/knjigarna\/webinarji-prijava\/webinar-kaj-lahko-sami-naredite-za-optimizacijo-svoje-spletne-strani\/","url":"https:\/\/www.lisac-lisac.si\/knjigarna\/webinarji-prijava\/webinar-kaj-lahko-sami-naredite-za-optimizacijo-svoje-spletne-strani\/","name":"Kaj lahko sami naredite za optimizacijo svoje spletne strani? - Lisac-lisac.si","isPartOf":{"@id":"https:\/\/www.lisac-lisac.si\/knjigarna\/#website"},"primaryImageOfPage":{"@id":"https:\/\/www.lisac-lisac.si\/knjigarna\/webinarji-prijava\/webinar-kaj-lahko-sami-naredite-za-optimizacijo-svoje-spletne-strani\/#primaryimage"},"image":{"@id":"https:\/\/www.lisac-lisac.si\/knjigarna\/webinarji-prijava\/webinar-kaj-lahko-sami-naredite-za-optimizacijo-svoje-spletne-strani\/#primaryimage"},"thumbnailUrl":"https:\/\/www.lisac-lisac.si\/knjigarna\/wp-content\/uploads\/2021\/07\/webinar18.jpg","datePublished":"2021-07-07T11:23:05+00:00","dateModified":"2021-08-13T05:48:51+00:00","breadcrumb":{"@id":"https:\/\/www.lisac-lisac.si\/knjigarna\/webinarji-prijava\/webinar-kaj-lahko-sami-naredite-za-optimizacijo-svoje-spletne-strani\/#breadcrumb"},"inLanguage":"sl-SI","potentialAction":[{"@type":"ReadAction","target":["https:\/\/www.lisac-lisac.si\/knjigarna\/webinarji-prijava\/webinar-kaj-lahko-sami-naredite-za-optimizacijo-svoje-spletne-strani\/"]}]},{"@type":"ImageObject","inLanguage":"sl-SI","@id":"https:\/\/www.lisac-lisac.si\/knjigarna\/webinarji-prijava\/webinar-kaj-lahko-sami-naredite-za-optimizacijo-svoje-spletne-strani\/#primaryimage","url":"https:\/\/www.lisac-lisac.si\/knjigarna\/wp-content\/uploads\/2021\/07\/webinar18.jpg","contentUrl":"https:\/\/www.lisac-lisac.si\/knjigarna\/wp-content\/uploads\/2021\/07\/webinar18.jpg","width":1000,"height":700},{"@type":"BreadcrumbList","@id":"https:\/\/www.lisac-lisac.si\/knjigarna\/webinarji-prijava\/webinar-kaj-lahko-sami-naredite-za-optimizacijo-svoje-spletne-strani\/#breadcrumb","itemListElement":[{"@type":"ListItem","position":1,"name":"Domov","item":"https:\/\/www.lisac-lisac.si\/knjigarna\/"},{"@type":"ListItem","position":2,"name":"Knjigarna","item":"https:\/\/www.lisac-lisac.si\/knjigarna\/knjigarna\/"},{"@type":"ListItem","position":3,"name":"Kaj lahko sami naredite za optimizacijo svoje spletne strani?"}]},{"@type":"WebSite","@id":"https:\/\/www.lisac-lisac.si\/knjigarna\/#website","url":"https:\/\/www.lisac-lisac.si\/knjigarna\/","name":"Lisac-lisac.si","description":"Knjige in seminarji za podjetnike.","potentialAction":[{"@type":"SearchAction","target":{"@type":"EntryPoint","urlTemplate":"https:\/\/www.lisac-lisac.si\/knjigarna\/?s={search_term_string}"},"query-input":"required name=search_term_string"}],"inLanguage":"sl-SI"}]}},"_links":{"self":[{"href":"https:\/\/www.lisac-lisac.si\/knjigarna\/wp-json\/wp\/v2\/product\/1838","targetHints":{"allow":["GET"]}}],"collection":[{"href":"https:\/\/www.lisac-lisac.si\/knjigarna\/wp-json\/wp\/v2\/product"}],"about":[{"href":"https:\/\/www.lisac-lisac.si\/knjigarna\/wp-json\/wp\/v2\/types\/product"}],"replies":[{"embeddable":true,"href":"https:\/\/www.lisac-lisac.si\/knjigarna\/wp-json\/wp\/v2\/comments?post=1838"}],"wp:featuredmedia":[{"embeddable":true,"href":"https:\/\/www.lisac-lisac.si\/knjigarna\/wp-json\/wp\/v2\/media\/1837"}],"wp:attachment":[{"href":"https:\/\/www.lisac-lisac.si\/knjigarna\/wp-json\/wp\/v2\/media?parent=1838"}],"wp:term":[{"taxonomy":"product_cat","embeddable":true,"href":"https:\/\/www.lisac-lisac.si\/knjigarna\/wp-json\/wp\/v2\/product_cat?post=1838"},{"taxonomy":"product_tag","embeddable":true,"href":"https:\/\/www.lisac-lisac.si\/knjigarna\/wp-json\/wp\/v2\/product_tag?post=1838"}],"curies":[{"name":"wp","href":"https:\/\/api.w.org\/{rel}","templated":true}]}}