

{"id":1847,"date":"2021-07-07T13:32:49","date_gmt":"2021-07-07T11:32:49","guid":{"rendered":"https:\/\/www.zacasno.eu\/lisac-shop\/?post_type=product&#038;p=1847"},"modified":"2022-04-19T09:21:17","modified_gmt":"2022-04-19T07:21:17","slug":"webinar-kako-dramaticno-povecati-vaso-ucinkovitost-upravljanje-s-casom-na-steroidih","status":"publish","type":"product","link":"https:\/\/www.lisac-lisac.si\/knjigarna\/webinarji-prijava\/webinar-kako-dramaticno-povecati-vaso-ucinkovitost-upravljanje-s-casom-na-steroidih\/","title":{"rendered":"Kako dramati\u010dno pove\u010dati va\u0161o u\u010dinkovitost \u2013 upravljanje s \u010dasom na steroidih"},"content":{"rendered":"","protected":false},"excerpt":{"rendered":"<p>Ste utrujeni? Preve\u010d zaposleni? Vam zmanjkuje \u010dasa? Ne veste, kako bi pravilno razporedili svoj \u010das, \u010das va\u0161ih zaposlenih? Boste bolj zgodaj vstajali? Poiskali pomo\u010d?<\/p>\n<p>Sledite preverjenim metodam in spoznajte, kako na\u010drtujejo najbolj\u0161i. 7 ukrepov, s katerimi boste naredili ve\u010d v kraj\u0161em \u010dasu.<\/p>\n<p>Kdaj? 22. maj ob 20h<\/p>\n<p>Kje? Na zaslonu va\u0161ega ra\u010dunalnika, tablice, telefona. Glejte samo, da boste imeli internetno povezavo.<\/p>\n<p>Prijavite se tudi, \u010de morda ne boste utegnili spremljati webinarja v \u017eivo. Samo prijavljeni boste prejeli povezavo do ponovitve.<\/p>\n<p>Cena? 25 EUR + DDV (ali 14,9 EUR + DDV v paketu 10 webinarjev)<\/p>\n","protected":false},"featured_media":1846,"comment_status":"open","ping_status":"closed","template":"","meta":[],"product_cat":[122],"product_tag":[],"class_list":{"0":"post-1847","1":"product","2":"type-product","3":"status-publish","4":"has-post-thumbnail","6":"product_cat-webinarji-prijava","8":"first","9":"instock","10":"virtual","11":"taxable","12":"purchasable","13":"product-type-simple"},"yoast_head":"<!-- This site is optimized with the Yoast SEO plugin v23.2 - https:\/\/yoast.com\/wordpress\/plugins\/seo\/ -->\n<title>Kako dramati\u010dno pove\u010dati va\u0161o u\u010dinkovitost \u2013 upravljanje s \u010dasom na steroidih - Lisac-lisac.si<\/title>\n<meta name=\"robots\" content=\"noindex, follow, max-snippet:-1, max-image-preview:large, max-video-preview:-1\" \/>\n<meta property=\"og:locale\" content=\"sl_SI\" \/>\n<meta property=\"og:type\" content=\"article\" \/>\n<meta property=\"og:title\" content=\"Kako dramati\u010dno pove\u010dati va\u0161o u\u010dinkovitost \u2013 upravljanje s \u010dasom na steroidih - Lisac-lisac.si\" \/>\n<meta property=\"og:description\" content=\"Ste utrujeni? Preve\u010d zaposleni? Vam zmanjkuje \u010dasa? Ne veste, kako bi pravilno razporedili svoj \u010das, \u010das va\u0161ih zaposlenih? Boste bolj zgodaj vstajali? Poiskali pomo\u010d?  Sledite preverjenim metodam in spoznajte, kako na\u010drtujejo najbolj\u0161i. 7 ukrepov, s katerimi boste naredili ve\u010d v kraj\u0161em \u010dasu.  Kdaj? 22. maj ob 20h  Kje? Na zaslonu va\u0161ega ra\u010dunalnika, tablice, telefona. Glejte samo, da boste imeli internetno povezavo.  Prijavite se tudi, \u010de morda ne boste utegnili spremljati webinarja v \u017eivo. Samo prijavljeni boste prejeli povezavo do ponovitve.  Cena? 25 EUR + DDV (ali 14,9 EUR + DDV v paketu 10 webinarjev)\" \/>\n<meta property=\"og:url\" content=\"https:\/\/www.lisac-lisac.si\/knjigarna\/webinarji-prijava\/webinar-kako-dramaticno-povecati-vaso-ucinkovitost-upravljanje-s-casom-na-steroidih\/\" \/>\n<meta property=\"og:site_name\" content=\"Lisac-lisac.si\" \/>\n<meta property=\"article:modified_time\" content=\"2022-04-19T07:21:17+00:00\" \/>\n<meta property=\"og:image\" content=\"https:\/\/www.lisac-lisac.si\/knjigarna\/wp-content\/uploads\/2021\/07\/webinar20.jpg\" \/>\n\t<meta property=\"og:image:width\" content=\"1000\" \/>\n\t<meta property=\"og:image:height\" content=\"700\" \/>\n\t<meta property=\"og:image:type\" content=\"image\/jpeg\" \/>\n<meta name=\"twitter:card\" content=\"summary_large_image\" \/>\n<script type=\"application\/ld+json\" class=\"yoast-schema-graph\">{\"@context\":\"https:\/\/schema.org\",\"@graph\":[{\"@type\":\"WebPage\",\"@id\":\"https:\/\/www.lisac-lisac.si\/knjigarna\/webinarji-prijava\/webinar-kako-dramaticno-povecati-vaso-ucinkovitost-upravljanje-s-casom-na-steroidih\/\",\"url\":\"https:\/\/www.lisac-lisac.si\/knjigarna\/webinarji-prijava\/webinar-kako-dramaticno-povecati-vaso-ucinkovitost-upravljanje-s-casom-na-steroidih\/\",\"name\":\"Kako dramati\u010dno pove\u010dati va\u0161o u\u010dinkovitost \u2013 upravljanje s \u010dasom na steroidih - Lisac-lisac.si\",\"isPartOf\":{\"@id\":\"https:\/\/www.lisac-lisac.si\/knjigarna\/#website\"},\"primaryImageOfPage\":{\"@id\":\"https:\/\/www.lisac-lisac.si\/knjigarna\/webinarji-prijava\/webinar-kako-dramaticno-povecati-vaso-ucinkovitost-upravljanje-s-casom-na-steroidih\/#primaryimage\"},\"image\":{\"@id\":\"https:\/\/www.lisac-lisac.si\/knjigarna\/webinarji-prijava\/webinar-kako-dramaticno-povecati-vaso-ucinkovitost-upravljanje-s-casom-na-steroidih\/#primaryimage\"},\"thumbnailUrl\":\"https:\/\/www.lisac-lisac.si\/knjigarna\/wp-content\/uploads\/2021\/07\/webinar20.jpg\",\"datePublished\":\"2021-07-07T11:32:49+00:00\",\"dateModified\":\"2022-04-19T07:21:17+00:00\",\"breadcrumb\":{\"@id\":\"https:\/\/www.lisac-lisac.si\/knjigarna\/webinarji-prijava\/webinar-kako-dramaticno-povecati-vaso-ucinkovitost-upravljanje-s-casom-na-steroidih\/#breadcrumb\"},\"inLanguage\":\"sl-SI\",\"potentialAction\":[{\"@type\":\"ReadAction\",\"target\":[\"https:\/\/www.lisac-lisac.si\/knjigarna\/webinarji-prijava\/webinar-kako-dramaticno-povecati-vaso-ucinkovitost-upravljanje-s-casom-na-steroidih\/\"]}]},{\"@type\":\"ImageObject\",\"inLanguage\":\"sl-SI\",\"@id\":\"https:\/\/www.lisac-lisac.si\/knjigarna\/webinarji-prijava\/webinar-kako-dramaticno-povecati-vaso-ucinkovitost-upravljanje-s-casom-na-steroidih\/#primaryimage\",\"url\":\"https:\/\/www.lisac-lisac.si\/knjigarna\/wp-content\/uploads\/2021\/07\/webinar20.jpg\",\"contentUrl\":\"https:\/\/www.lisac-lisac.si\/knjigarna\/wp-content\/uploads\/2021\/07\/webinar20.jpg\",\"width\":1000,\"height\":700},{\"@type\":\"BreadcrumbList\",\"@id\":\"https:\/\/www.lisac-lisac.si\/knjigarna\/webinarji-prijava\/webinar-kako-dramaticno-povecati-vaso-ucinkovitost-upravljanje-s-casom-na-steroidih\/#breadcrumb\",\"itemListElement\":[{\"@type\":\"ListItem\",\"position\":1,\"name\":\"Domov\",\"item\":\"https:\/\/www.lisac-lisac.si\/knjigarna\/\"},{\"@type\":\"ListItem\",\"position\":2,\"name\":\"Knjigarna\",\"item\":\"https:\/\/www.lisac-lisac.si\/knjigarna\/knjigarna\/\"},{\"@type\":\"ListItem\",\"position\":3,\"name\":\"Kako dramati\u010dno pove\u010dati va\u0161o u\u010dinkovitost \u2013 upravljanje s \u010dasom na steroidih\"}]},{\"@type\":\"WebSite\",\"@id\":\"https:\/\/www.lisac-lisac.si\/knjigarna\/#website\",\"url\":\"https:\/\/www.lisac-lisac.si\/knjigarna\/\",\"name\":\"Lisac-lisac.si\",\"description\":\"Knjige in seminarji za podjetnike.\",\"potentialAction\":[{\"@type\":\"SearchAction\",\"target\":{\"@type\":\"EntryPoint\",\"urlTemplate\":\"https:\/\/www.lisac-lisac.si\/knjigarna\/?s={search_term_string}\"},\"query-input\":\"required name=search_term_string\"}],\"inLanguage\":\"sl-SI\"}]}<\/script>\n<!-- \/ Yoast SEO plugin. -->","yoast_head_json":{"title":"Kako dramati\u010dno pove\u010dati va\u0161o u\u010dinkovitost \u2013 upravljanje s \u010dasom na steroidih - Lisac-lisac.si","robots":{"index":"noindex","follow":"follow","max-snippet":"max-snippet:-1","max-image-preview":"max-image-preview:large","max-video-preview":"max-video-preview:-1"},"og_locale":"sl_SI","og_type":"article","og_title":"Kako dramati\u010dno pove\u010dati va\u0161o u\u010dinkovitost \u2013 upravljanje s \u010dasom na steroidih - Lisac-lisac.si","og_description":"Ste utrujeni? Preve\u010d zaposleni? Vam zmanjkuje \u010dasa? Ne veste, kako bi pravilno razporedili svoj \u010das, \u010das va\u0161ih zaposlenih? Boste bolj zgodaj vstajali? Poiskali pomo\u010d?  Sledite preverjenim metodam in spoznajte, kako na\u010drtujejo najbolj\u0161i. 7 ukrepov, s katerimi boste naredili ve\u010d v kraj\u0161em \u010dasu.  Kdaj? 22. maj ob 20h  Kje? Na zaslonu va\u0161ega ra\u010dunalnika, tablice, telefona. Glejte samo, da boste imeli internetno povezavo.  Prijavite se tudi, \u010de morda ne boste utegnili spremljati webinarja v \u017eivo. Samo prijavljeni boste prejeli povezavo do ponovitve.  Cena? 25 EUR + DDV (ali 14,9 EUR + DDV v paketu 10 webinarjev)","og_url":"https:\/\/www.lisac-lisac.si\/knjigarna\/webinarji-prijava\/webinar-kako-dramaticno-povecati-vaso-ucinkovitost-upravljanje-s-casom-na-steroidih\/","og_site_name":"Lisac-lisac.si","article_modified_time":"2022-04-19T07:21:17+00:00","og_image":[{"width":1000,"height":700,"url":"https:\/\/www.lisac-lisac.si\/knjigarna\/wp-content\/uploads\/2021\/07\/webinar20.jpg","type":"image\/jpeg"}],"twitter_card":"summary_large_image","schema":{"@context":"https:\/\/schema.org","@graph":[{"@type":"WebPage","@id":"https:\/\/www.lisac-lisac.si\/knjigarna\/webinarji-prijava\/webinar-kako-dramaticno-povecati-vaso-ucinkovitost-upravljanje-s-casom-na-steroidih\/","url":"https:\/\/www.lisac-lisac.si\/knjigarna\/webinarji-prijava\/webinar-kako-dramaticno-povecati-vaso-ucinkovitost-upravljanje-s-casom-na-steroidih\/","name":"Kako dramati\u010dno pove\u010dati va\u0161o u\u010dinkovitost \u2013 upravljanje s \u010dasom na steroidih - Lisac-lisac.si","isPartOf":{"@id":"https:\/\/www.lisac-lisac.si\/knjigarna\/#website"},"primaryImageOfPage":{"@id":"https:\/\/www.lisac-lisac.si\/knjigarna\/webinarji-prijava\/webinar-kako-dramaticno-povecati-vaso-ucinkovitost-upravljanje-s-casom-na-steroidih\/#primaryimage"},"image":{"@id":"https:\/\/www.lisac-lisac.si\/knjigarna\/webinarji-prijava\/webinar-kako-dramaticno-povecati-vaso-ucinkovitost-upravljanje-s-casom-na-steroidih\/#primaryimage"},"thumbnailUrl":"https:\/\/www.lisac-lisac.si\/knjigarna\/wp-content\/uploads\/2021\/07\/webinar20.jpg","datePublished":"2021-07-07T11:32:49+00:00","dateModified":"2022-04-19T07:21:17+00:00","breadcrumb":{"@id":"https:\/\/www.lisac-lisac.si\/knjigarna\/webinarji-prijava\/webinar-kako-dramaticno-povecati-vaso-ucinkovitost-upravljanje-s-casom-na-steroidih\/#breadcrumb"},"inLanguage":"sl-SI","potentialAction":[{"@type":"ReadAction","target":["https:\/\/www.lisac-lisac.si\/knjigarna\/webinarji-prijava\/webinar-kako-dramaticno-povecati-vaso-ucinkovitost-upravljanje-s-casom-na-steroidih\/"]}]},{"@type":"ImageObject","inLanguage":"sl-SI","@id":"https:\/\/www.lisac-lisac.si\/knjigarna\/webinarji-prijava\/webinar-kako-dramaticno-povecati-vaso-ucinkovitost-upravljanje-s-casom-na-steroidih\/#primaryimage","url":"https:\/\/www.lisac-lisac.si\/knjigarna\/wp-content\/uploads\/2021\/07\/webinar20.jpg","contentUrl":"https:\/\/www.lisac-lisac.si\/knjigarna\/wp-content\/uploads\/2021\/07\/webinar20.jpg","width":1000,"height":700},{"@type":"BreadcrumbList","@id":"https:\/\/www.lisac-lisac.si\/knjigarna\/webinarji-prijava\/webinar-kako-dramaticno-povecati-vaso-ucinkovitost-upravljanje-s-casom-na-steroidih\/#breadcrumb","itemListElement":[{"@type":"ListItem","position":1,"name":"Domov","item":"https:\/\/www.lisac-lisac.si\/knjigarna\/"},{"@type":"ListItem","position":2,"name":"Knjigarna","item":"https:\/\/www.lisac-lisac.si\/knjigarna\/knjigarna\/"},{"@type":"ListItem","position":3,"name":"Kako dramati\u010dno pove\u010dati va\u0161o u\u010dinkovitost \u2013 upravljanje s \u010dasom na steroidih"}]},{"@type":"WebSite","@id":"https:\/\/www.lisac-lisac.si\/knjigarna\/#website","url":"https:\/\/www.lisac-lisac.si\/knjigarna\/","name":"Lisac-lisac.si","description":"Knjige in seminarji za podjetnike.","potentialAction":[{"@type":"SearchAction","target":{"@type":"EntryPoint","urlTemplate":"https:\/\/www.lisac-lisac.si\/knjigarna\/?s={search_term_string}"},"query-input":"required name=search_term_string"}],"inLanguage":"sl-SI"}]}},"_links":{"self":[{"href":"https:\/\/www.lisac-lisac.si\/knjigarna\/wp-json\/wp\/v2\/product\/1847","targetHints":{"allow":["GET"]}}],"collection":[{"href":"https:\/\/www.lisac-lisac.si\/knjigarna\/wp-json\/wp\/v2\/product"}],"about":[{"href":"https:\/\/www.lisac-lisac.si\/knjigarna\/wp-json\/wp\/v2\/types\/product"}],"replies":[{"embeddable":true,"href":"https:\/\/www.lisac-lisac.si\/knjigarna\/wp-json\/wp\/v2\/comments?post=1847"}],"wp:featuredmedia":[{"embeddable":true,"href":"https:\/\/www.lisac-lisac.si\/knjigarna\/wp-json\/wp\/v2\/media\/1846"}],"wp:attachment":[{"href":"https:\/\/www.lisac-lisac.si\/knjigarna\/wp-json\/wp\/v2\/media?parent=1847"}],"wp:term":[{"taxonomy":"product_cat","embeddable":true,"href":"https:\/\/www.lisac-lisac.si\/knjigarna\/wp-json\/wp\/v2\/product_cat?post=1847"},{"taxonomy":"product_tag","embeddable":true,"href":"https:\/\/www.lisac-lisac.si\/knjigarna\/wp-json\/wp\/v2\/product_tag?post=1847"}],"curies":[{"name":"wp","href":"https:\/\/api.w.org\/{rel}","templated":true}]}}