

{"id":2360,"date":"2022-11-09T13:16:34","date_gmt":"2022-11-09T11:16:34","guid":{"rendered":"https:\/\/www.lisac-lisac.si\/knjigarna\/?post_type=product&#038;p=2360"},"modified":"2022-11-09T15:12:29","modified_gmt":"2022-11-09T13:12:29","slug":"naucite-se-zasluziti","status":"publish","type":"product","link":"https:\/\/www.lisac-lisac.si\/knjigarna\/poslovna-literatura\/naucite-se-zasluziti\/","title":{"rendered":"Nau\u010dite se zaslu\u017eiti"},"content":{"rendered":"<p>Finan\u010dni zvezdnik vzajemnih skladov Peter Lynch in pisec John Rothchild nam razlagata temeljna na\u010dela vlaganja in poslovanja v knjigi, ki bo koristila in zabavala vsakogar od najstnikov naprej.<\/p>\n<p>Avtorja najprej pojasnita zgodovino kapitalizma in podjetni\u0161tva. Pa ne samo zato, ker je zanimivo brati kako so nastajala in propadala podjetja, ampak predvsem zato, ker se temeljna na\u010dela delovanja javnih podjetij niso spremenila \u017ee ve\u010d kot tristo let. Nato na preprost na\u010din pojasnjujeta, kako prebirati borzna poro\u010dila v dnevnem \u010dasopisju, kako razumeti letno poslovno poro\u010dilo podjetja in zakaj bi morali vsi spremljati razmere na tr\u017ei\u0161\u010du vrednostnih papirjev. Razlagata, kako vlagati in kako razmi\u0161ljati kot vlagatelj. Spoznali boste osnove vlaganja in videli, kako lahko z vlaganjem izbolj\u0161ate svoj finan\u010dni polo\u017eaj. Izvedeli pa boste tudi kaj so borzni indeksi in kako pride do borznih zlomov.<\/p>\n<p>V zadnjem delu je predstavljeno \u017eivljenje podjetja. Kako in zakaj ljudje ustanavljajo podjetja, kdaj in zakaj podjetje postane javno. Kak\u0161ne so prednosti in slabosti vlaganj v mlada in v zrela podjetja. Zakaj podjetja umirajo? Avtorja razjasnita nihanje vrednosti delnic in razi\u0161\u010deta vpliv gospodarske recesije na podjetja. Izvemo tudi, kdo je bogat in kako so obogateli dana\u0161nji bogata\u0161i.<\/p>\n<p>&nbsp;<\/p>\n<p>Format: 15x21cm (A5), mehke platnice; 246 strani<\/p>\n","protected":false},"excerpt":{"rendered":"<p>Finan\u010dni zvezdnik vzajemnih skladov Peter Lynch in pisec John Rothchild nam razlagata temeljna na\u010dela vlaganja in poslovanja v knjigi, ki bo koristila in zabavala vsakogar od najstnikov naprej.<\/p>\n","protected":false},"featured_media":2331,"comment_status":"open","ping_status":"closed","template":"","meta":[],"product_cat":[104],"product_tag":[],"class_list":{"0":"post-2360","1":"product","2":"type-product","3":"status-publish","4":"has-post-thumbnail","6":"product_cat-poslovna-literatura","8":"first","9":"instock","10":"taxable","11":"shipping-taxable","12":"purchasable","13":"product-type-simple"},"yoast_head":"<!-- This site is optimized with the Yoast SEO plugin v23.2 - https:\/\/yoast.com\/wordpress\/plugins\/seo\/ -->\n<title>Nau\u010dite se zaslu\u017eiti - Lisac-lisac.si<\/title>\n<meta name=\"robots\" content=\"noindex, follow, max-snippet:-1, max-image-preview:large, max-video-preview:-1\" \/>\n<meta property=\"og:locale\" content=\"sl_SI\" \/>\n<meta property=\"og:type\" content=\"article\" \/>\n<meta property=\"og:title\" content=\"Nau\u010dite se zaslu\u017eiti - Lisac-lisac.si\" \/>\n<meta property=\"og:description\" content=\"Finan\u010dni zvezdnik vzajemnih skladov Peter Lynch in pisec John Rothchild nam razlagata temeljna na\u010dela vlaganja in poslovanja v knjigi, ki bo koristila in zabavala vsakogar od najstnikov naprej.\" \/>\n<meta property=\"og:url\" content=\"https:\/\/www.lisac-lisac.si\/knjigarna\/poslovna-literatura\/naucite-se-zasluziti\/\" \/>\n<meta property=\"og:site_name\" content=\"Lisac-lisac.si\" \/>\n<meta property=\"article:modified_time\" content=\"2022-11-09T13:12:29+00:00\" \/>\n<meta property=\"og:image\" content=\"https:\/\/www.lisac-lisac.si\/knjigarna\/wp-content\/uploads\/2022\/07\/Naucite-se-zasluziti.jpg\" \/>\n\t<meta property=\"og:image:width\" content=\"889\" \/>\n\t<meta property=\"og:image:height\" content=\"1264\" \/>\n\t<meta property=\"og:image:type\" content=\"image\/jpeg\" \/>\n<meta name=\"twitter:card\" content=\"summary_large_image\" \/>\n<meta name=\"twitter:label1\" content=\"Est. reading time\" \/>\n\t<meta name=\"twitter:data1\" content=\"2 minuti\" \/>\n<script type=\"application\/ld+json\" class=\"yoast-schema-graph\">{\"@context\":\"https:\/\/schema.org\",\"@graph\":[{\"@type\":\"WebPage\",\"@id\":\"https:\/\/www.lisac-lisac.si\/knjigarna\/poslovna-literatura\/naucite-se-zasluziti\/\",\"url\":\"https:\/\/www.lisac-lisac.si\/knjigarna\/poslovna-literatura\/naucite-se-zasluziti\/\",\"name\":\"Nau\u010dite se zaslu\u017eiti - Lisac-lisac.si\",\"isPartOf\":{\"@id\":\"https:\/\/www.lisac-lisac.si\/knjigarna\/#website\"},\"primaryImageOfPage\":{\"@id\":\"https:\/\/www.lisac-lisac.si\/knjigarna\/poslovna-literatura\/naucite-se-zasluziti\/#primaryimage\"},\"image\":{\"@id\":\"https:\/\/www.lisac-lisac.si\/knjigarna\/poslovna-literatura\/naucite-se-zasluziti\/#primaryimage\"},\"thumbnailUrl\":\"https:\/\/www.lisac-lisac.si\/knjigarna\/wp-content\/uploads\/2022\/07\/Naucite-se-zasluziti.jpg\",\"datePublished\":\"2022-11-09T11:16:34+00:00\",\"dateModified\":\"2022-11-09T13:12:29+00:00\",\"breadcrumb\":{\"@id\":\"https:\/\/www.lisac-lisac.si\/knjigarna\/poslovna-literatura\/naucite-se-zasluziti\/#breadcrumb\"},\"inLanguage\":\"sl-SI\",\"potentialAction\":[{\"@type\":\"ReadAction\",\"target\":[\"https:\/\/www.lisac-lisac.si\/knjigarna\/poslovna-literatura\/naucite-se-zasluziti\/\"]}]},{\"@type\":\"ImageObject\",\"inLanguage\":\"sl-SI\",\"@id\":\"https:\/\/www.lisac-lisac.si\/knjigarna\/poslovna-literatura\/naucite-se-zasluziti\/#primaryimage\",\"url\":\"https:\/\/www.lisac-lisac.si\/knjigarna\/wp-content\/uploads\/2022\/07\/Naucite-se-zasluziti.jpg\",\"contentUrl\":\"https:\/\/www.lisac-lisac.si\/knjigarna\/wp-content\/uploads\/2022\/07\/Naucite-se-zasluziti.jpg\",\"width\":889,\"height\":1264},{\"@type\":\"BreadcrumbList\",\"@id\":\"https:\/\/www.lisac-lisac.si\/knjigarna\/poslovna-literatura\/naucite-se-zasluziti\/#breadcrumb\",\"itemListElement\":[{\"@type\":\"ListItem\",\"position\":1,\"name\":\"Domov\",\"item\":\"https:\/\/www.lisac-lisac.si\/knjigarna\/\"},{\"@type\":\"ListItem\",\"position\":2,\"name\":\"Knjigarna\",\"item\":\"https:\/\/www.lisac-lisac.si\/knjigarna\/knjigarna\/\"},{\"@type\":\"ListItem\",\"position\":3,\"name\":\"Nau\u010dite se zaslu\u017eiti\"}]},{\"@type\":\"WebSite\",\"@id\":\"https:\/\/www.lisac-lisac.si\/knjigarna\/#website\",\"url\":\"https:\/\/www.lisac-lisac.si\/knjigarna\/\",\"name\":\"Lisac-lisac.si\",\"description\":\"Knjige in seminarji za podjetnike.\",\"potentialAction\":[{\"@type\":\"SearchAction\",\"target\":{\"@type\":\"EntryPoint\",\"urlTemplate\":\"https:\/\/www.lisac-lisac.si\/knjigarna\/?s={search_term_string}\"},\"query-input\":\"required name=search_term_string\"}],\"inLanguage\":\"sl-SI\"}]}<\/script>\n<!-- \/ Yoast SEO plugin. -->","yoast_head_json":{"title":"Nau\u010dite se zaslu\u017eiti - Lisac-lisac.si","robots":{"index":"noindex","follow":"follow","max-snippet":"max-snippet:-1","max-image-preview":"max-image-preview:large","max-video-preview":"max-video-preview:-1"},"og_locale":"sl_SI","og_type":"article","og_title":"Nau\u010dite se zaslu\u017eiti - Lisac-lisac.si","og_description":"Finan\u010dni zvezdnik vzajemnih skladov Peter Lynch in pisec John Rothchild nam razlagata temeljna na\u010dela vlaganja in poslovanja v knjigi, ki bo koristila in zabavala vsakogar od najstnikov naprej.","og_url":"https:\/\/www.lisac-lisac.si\/knjigarna\/poslovna-literatura\/naucite-se-zasluziti\/","og_site_name":"Lisac-lisac.si","article_modified_time":"2022-11-09T13:12:29+00:00","og_image":[{"width":889,"height":1264,"url":"https:\/\/www.lisac-lisac.si\/knjigarna\/wp-content\/uploads\/2022\/07\/Naucite-se-zasluziti.jpg","type":"image\/jpeg"}],"twitter_card":"summary_large_image","twitter_misc":{"Est. reading time":"2 minuti"},"schema":{"@context":"https:\/\/schema.org","@graph":[{"@type":"WebPage","@id":"https:\/\/www.lisac-lisac.si\/knjigarna\/poslovna-literatura\/naucite-se-zasluziti\/","url":"https:\/\/www.lisac-lisac.si\/knjigarna\/poslovna-literatura\/naucite-se-zasluziti\/","name":"Nau\u010dite se zaslu\u017eiti - Lisac-lisac.si","isPartOf":{"@id":"https:\/\/www.lisac-lisac.si\/knjigarna\/#website"},"primaryImageOfPage":{"@id":"https:\/\/www.lisac-lisac.si\/knjigarna\/poslovna-literatura\/naucite-se-zasluziti\/#primaryimage"},"image":{"@id":"https:\/\/www.lisac-lisac.si\/knjigarna\/poslovna-literatura\/naucite-se-zasluziti\/#primaryimage"},"thumbnailUrl":"https:\/\/www.lisac-lisac.si\/knjigarna\/wp-content\/uploads\/2022\/07\/Naucite-se-zasluziti.jpg","datePublished":"2022-11-09T11:16:34+00:00","dateModified":"2022-11-09T13:12:29+00:00","breadcrumb":{"@id":"https:\/\/www.lisac-lisac.si\/knjigarna\/poslovna-literatura\/naucite-se-zasluziti\/#breadcrumb"},"inLanguage":"sl-SI","potentialAction":[{"@type":"ReadAction","target":["https:\/\/www.lisac-lisac.si\/knjigarna\/poslovna-literatura\/naucite-se-zasluziti\/"]}]},{"@type":"ImageObject","inLanguage":"sl-SI","@id":"https:\/\/www.lisac-lisac.si\/knjigarna\/poslovna-literatura\/naucite-se-zasluziti\/#primaryimage","url":"https:\/\/www.lisac-lisac.si\/knjigarna\/wp-content\/uploads\/2022\/07\/Naucite-se-zasluziti.jpg","contentUrl":"https:\/\/www.lisac-lisac.si\/knjigarna\/wp-content\/uploads\/2022\/07\/Naucite-se-zasluziti.jpg","width":889,"height":1264},{"@type":"BreadcrumbList","@id":"https:\/\/www.lisac-lisac.si\/knjigarna\/poslovna-literatura\/naucite-se-zasluziti\/#breadcrumb","itemListElement":[{"@type":"ListItem","position":1,"name":"Domov","item":"https:\/\/www.lisac-lisac.si\/knjigarna\/"},{"@type":"ListItem","position":2,"name":"Knjigarna","item":"https:\/\/www.lisac-lisac.si\/knjigarna\/knjigarna\/"},{"@type":"ListItem","position":3,"name":"Nau\u010dite se zaslu\u017eiti"}]},{"@type":"WebSite","@id":"https:\/\/www.lisac-lisac.si\/knjigarna\/#website","url":"https:\/\/www.lisac-lisac.si\/knjigarna\/","name":"Lisac-lisac.si","description":"Knjige in seminarji za podjetnike.","potentialAction":[{"@type":"SearchAction","target":{"@type":"EntryPoint","urlTemplate":"https:\/\/www.lisac-lisac.si\/knjigarna\/?s={search_term_string}"},"query-input":"required name=search_term_string"}],"inLanguage":"sl-SI"}]}},"_links":{"self":[{"href":"https:\/\/www.lisac-lisac.si\/knjigarna\/wp-json\/wp\/v2\/product\/2360","targetHints":{"allow":["GET"]}}],"collection":[{"href":"https:\/\/www.lisac-lisac.si\/knjigarna\/wp-json\/wp\/v2\/product"}],"about":[{"href":"https:\/\/www.lisac-lisac.si\/knjigarna\/wp-json\/wp\/v2\/types\/product"}],"replies":[{"embeddable":true,"href":"https:\/\/www.lisac-lisac.si\/knjigarna\/wp-json\/wp\/v2\/comments?post=2360"}],"wp:featuredmedia":[{"embeddable":true,"href":"https:\/\/www.lisac-lisac.si\/knjigarna\/wp-json\/wp\/v2\/media\/2331"}],"wp:attachment":[{"href":"https:\/\/www.lisac-lisac.si\/knjigarna\/wp-json\/wp\/v2\/media?parent=2360"}],"wp:term":[{"taxonomy":"product_cat","embeddable":true,"href":"https:\/\/www.lisac-lisac.si\/knjigarna\/wp-json\/wp\/v2\/product_cat?post=2360"},{"taxonomy":"product_tag","embeddable":true,"href":"https:\/\/www.lisac-lisac.si\/knjigarna\/wp-json\/wp\/v2\/product_tag?post=2360"}],"curies":[{"name":"wp","href":"https:\/\/api.w.org\/{rel}","templated":true}]}}