

{"id":2362,"date":"2022-11-10T14:19:40","date_gmt":"2022-11-10T12:19:40","guid":{"rendered":"https:\/\/www.lisac-lisac.si\/knjigarna\/?post_type=product&#038;p=2362"},"modified":"2022-11-10T15:51:00","modified_gmt":"2022-11-10T13:51:00","slug":"kako-premagati-casovno-revscino","status":"publish","type":"product","link":"https:\/\/www.lisac-lisac.si\/knjigarna\/poslovna-literatura\/kako-premagati-casovno-revscino\/","title":{"rendered":"Kako premagati \u010dasovno rev\u0161\u010dino"},"content":{"rendered":"<p><strong>Zakaj ljudem primanjkuje \u010dasa? <\/strong>Ker svoj \u010das v slu\u017ebi menjajo za denar. Denar potrebujejo, zato &#8220;prodajajo&#8221; svoj \u010das. Potrebujejo ve\u010d denarja, zato prodajajo ve\u010d \u010dasa. Kmalu toliko \u010dasa namenijo slu\u017eenju denarja, da imajo bore malo \u010dasa za karkoli drugega.<\/p>\n<p><strong>Kaj je re\u0161itev?\u00a0<\/strong>Svoj \u010das za\u010dnite menjati za KAPITAL, ki mu potem dopustite, naj dela za vas in vam prina\u0161a prihodke, ki jih potrebujete za uresni\u010ditev svojih sanj. Tako boste imeli ve\u010d \u010dasa za pomembne stvari, \u010das za dru\u017eino in prijatelje, \u010das za rekreacijo in u\u017eivanje \u017eivljenja.<\/p>\n<p>Format: 15x21cm (A5), mehke platnice; 204 strani<\/p>\n","protected":false},"excerpt":{"rendered":"<p>Bill Quain v svoji knjigi ljudem pojasni, zakaj nimajo \u010dasa. Potem pa svojim bralcem predstavi pet preprostih korakov, kako lahko delajo manj, ustvarijo ve\u010d in premagajo \u010dasovno rev\u0161\u010dino.<\/p>\n","protected":false},"featured_media":2340,"comment_status":"open","ping_status":"closed","template":"","meta":[],"product_cat":[104],"product_tag":[],"class_list":{"0":"post-2362","1":"product","2":"type-product","3":"status-publish","4":"has-post-thumbnail","6":"product_cat-poslovna-literatura","8":"first","9":"instock","10":"taxable","11":"shipping-taxable","12":"purchasable","13":"product-type-simple"},"yoast_head":"<!-- This site is optimized with the Yoast SEO plugin v23.2 - https:\/\/yoast.com\/wordpress\/plugins\/seo\/ -->\n<title>Kako premagati \u010dasovno rev\u0161\u010dino - Lisac-lisac.si<\/title>\n<meta name=\"robots\" content=\"noindex, follow, max-snippet:-1, max-image-preview:large, max-video-preview:-1\" \/>\n<meta property=\"og:locale\" content=\"sl_SI\" \/>\n<meta property=\"og:type\" content=\"article\" \/>\n<meta property=\"og:title\" content=\"Kako premagati \u010dasovno rev\u0161\u010dino - Lisac-lisac.si\" \/>\n<meta property=\"og:description\" content=\"Bill Quain v svoji knjigi ljudem pojasni, zakaj nimajo \u010dasa. Potem pa svojim bralcem predstavi pet preprostih korakov, kako lahko delajo manj, ustvarijo ve\u010d in premagajo \u010dasovno rev\u0161\u010dino.\" \/>\n<meta property=\"og:url\" content=\"https:\/\/www.lisac-lisac.si\/knjigarna\/poslovna-literatura\/kako-premagati-casovno-revscino\/\" \/>\n<meta property=\"og:site_name\" content=\"Lisac-lisac.si\" \/>\n<meta property=\"article:modified_time\" content=\"2022-11-10T13:51:00+00:00\" \/>\n<meta property=\"og:image\" content=\"https:\/\/www.lisac-lisac.si\/knjigarna\/wp-content\/uploads\/2022\/07\/Kako-premagati-casovno-revscino.jpg\" \/>\n\t<meta property=\"og:image:width\" content=\"881\" \/>\n\t<meta property=\"og:image:height\" content=\"1264\" \/>\n\t<meta property=\"og:image:type\" content=\"image\/jpeg\" \/>\n<meta name=\"twitter:card\" content=\"summary_large_image\" \/>\n<meta name=\"twitter:label1\" content=\"Est. reading time\" \/>\n\t<meta name=\"twitter:data1\" content=\"1 minuta\" \/>\n<script type=\"application\/ld+json\" class=\"yoast-schema-graph\">{\"@context\":\"https:\/\/schema.org\",\"@graph\":[{\"@type\":\"WebPage\",\"@id\":\"https:\/\/www.lisac-lisac.si\/knjigarna\/poslovna-literatura\/kako-premagati-casovno-revscino\/\",\"url\":\"https:\/\/www.lisac-lisac.si\/knjigarna\/poslovna-literatura\/kako-premagati-casovno-revscino\/\",\"name\":\"Kako premagati \u010dasovno rev\u0161\u010dino - Lisac-lisac.si\",\"isPartOf\":{\"@id\":\"https:\/\/www.lisac-lisac.si\/knjigarna\/#website\"},\"primaryImageOfPage\":{\"@id\":\"https:\/\/www.lisac-lisac.si\/knjigarna\/poslovna-literatura\/kako-premagati-casovno-revscino\/#primaryimage\"},\"image\":{\"@id\":\"https:\/\/www.lisac-lisac.si\/knjigarna\/poslovna-literatura\/kako-premagati-casovno-revscino\/#primaryimage\"},\"thumbnailUrl\":\"https:\/\/www.lisac-lisac.si\/knjigarna\/wp-content\/uploads\/2022\/07\/Kako-premagati-casovno-revscino.jpg\",\"datePublished\":\"2022-11-10T12:19:40+00:00\",\"dateModified\":\"2022-11-10T13:51:00+00:00\",\"breadcrumb\":{\"@id\":\"https:\/\/www.lisac-lisac.si\/knjigarna\/poslovna-literatura\/kako-premagati-casovno-revscino\/#breadcrumb\"},\"inLanguage\":\"sl-SI\",\"potentialAction\":[{\"@type\":\"ReadAction\",\"target\":[\"https:\/\/www.lisac-lisac.si\/knjigarna\/poslovna-literatura\/kako-premagati-casovno-revscino\/\"]}]},{\"@type\":\"ImageObject\",\"inLanguage\":\"sl-SI\",\"@id\":\"https:\/\/www.lisac-lisac.si\/knjigarna\/poslovna-literatura\/kako-premagati-casovno-revscino\/#primaryimage\",\"url\":\"https:\/\/www.lisac-lisac.si\/knjigarna\/wp-content\/uploads\/2022\/07\/Kako-premagati-casovno-revscino.jpg\",\"contentUrl\":\"https:\/\/www.lisac-lisac.si\/knjigarna\/wp-content\/uploads\/2022\/07\/Kako-premagati-casovno-revscino.jpg\",\"width\":881,\"height\":1264},{\"@type\":\"BreadcrumbList\",\"@id\":\"https:\/\/www.lisac-lisac.si\/knjigarna\/poslovna-literatura\/kako-premagati-casovno-revscino\/#breadcrumb\",\"itemListElement\":[{\"@type\":\"ListItem\",\"position\":1,\"name\":\"Domov\",\"item\":\"https:\/\/www.lisac-lisac.si\/knjigarna\/\"},{\"@type\":\"ListItem\",\"position\":2,\"name\":\"Knjigarna\",\"item\":\"https:\/\/www.lisac-lisac.si\/knjigarna\/knjigarna\/\"},{\"@type\":\"ListItem\",\"position\":3,\"name\":\"Kako premagati \u010dasovno rev\u0161\u010dino\"}]},{\"@type\":\"WebSite\",\"@id\":\"https:\/\/www.lisac-lisac.si\/knjigarna\/#website\",\"url\":\"https:\/\/www.lisac-lisac.si\/knjigarna\/\",\"name\":\"Lisac-lisac.si\",\"description\":\"Knjige in seminarji za podjetnike.\",\"potentialAction\":[{\"@type\":\"SearchAction\",\"target\":{\"@type\":\"EntryPoint\",\"urlTemplate\":\"https:\/\/www.lisac-lisac.si\/knjigarna\/?s={search_term_string}\"},\"query-input\":\"required name=search_term_string\"}],\"inLanguage\":\"sl-SI\"}]}<\/script>\n<!-- \/ Yoast SEO plugin. -->","yoast_head_json":{"title":"Kako premagati \u010dasovno rev\u0161\u010dino - Lisac-lisac.si","robots":{"index":"noindex","follow":"follow","max-snippet":"max-snippet:-1","max-image-preview":"max-image-preview:large","max-video-preview":"max-video-preview:-1"},"og_locale":"sl_SI","og_type":"article","og_title":"Kako premagati \u010dasovno rev\u0161\u010dino - Lisac-lisac.si","og_description":"Bill Quain v svoji knjigi ljudem pojasni, zakaj nimajo \u010dasa. Potem pa svojim bralcem predstavi pet preprostih korakov, kako lahko delajo manj, ustvarijo ve\u010d in premagajo \u010dasovno rev\u0161\u010dino.","og_url":"https:\/\/www.lisac-lisac.si\/knjigarna\/poslovna-literatura\/kako-premagati-casovno-revscino\/","og_site_name":"Lisac-lisac.si","article_modified_time":"2022-11-10T13:51:00+00:00","og_image":[{"width":881,"height":1264,"url":"https:\/\/www.lisac-lisac.si\/knjigarna\/wp-content\/uploads\/2022\/07\/Kako-premagati-casovno-revscino.jpg","type":"image\/jpeg"}],"twitter_card":"summary_large_image","twitter_misc":{"Est. reading time":"1 minuta"},"schema":{"@context":"https:\/\/schema.org","@graph":[{"@type":"WebPage","@id":"https:\/\/www.lisac-lisac.si\/knjigarna\/poslovna-literatura\/kako-premagati-casovno-revscino\/","url":"https:\/\/www.lisac-lisac.si\/knjigarna\/poslovna-literatura\/kako-premagati-casovno-revscino\/","name":"Kako premagati \u010dasovno rev\u0161\u010dino - Lisac-lisac.si","isPartOf":{"@id":"https:\/\/www.lisac-lisac.si\/knjigarna\/#website"},"primaryImageOfPage":{"@id":"https:\/\/www.lisac-lisac.si\/knjigarna\/poslovna-literatura\/kako-premagati-casovno-revscino\/#primaryimage"},"image":{"@id":"https:\/\/www.lisac-lisac.si\/knjigarna\/poslovna-literatura\/kako-premagati-casovno-revscino\/#primaryimage"},"thumbnailUrl":"https:\/\/www.lisac-lisac.si\/knjigarna\/wp-content\/uploads\/2022\/07\/Kako-premagati-casovno-revscino.jpg","datePublished":"2022-11-10T12:19:40+00:00","dateModified":"2022-11-10T13:51:00+00:00","breadcrumb":{"@id":"https:\/\/www.lisac-lisac.si\/knjigarna\/poslovna-literatura\/kako-premagati-casovno-revscino\/#breadcrumb"},"inLanguage":"sl-SI","potentialAction":[{"@type":"ReadAction","target":["https:\/\/www.lisac-lisac.si\/knjigarna\/poslovna-literatura\/kako-premagati-casovno-revscino\/"]}]},{"@type":"ImageObject","inLanguage":"sl-SI","@id":"https:\/\/www.lisac-lisac.si\/knjigarna\/poslovna-literatura\/kako-premagati-casovno-revscino\/#primaryimage","url":"https:\/\/www.lisac-lisac.si\/knjigarna\/wp-content\/uploads\/2022\/07\/Kako-premagati-casovno-revscino.jpg","contentUrl":"https:\/\/www.lisac-lisac.si\/knjigarna\/wp-content\/uploads\/2022\/07\/Kako-premagati-casovno-revscino.jpg","width":881,"height":1264},{"@type":"BreadcrumbList","@id":"https:\/\/www.lisac-lisac.si\/knjigarna\/poslovna-literatura\/kako-premagati-casovno-revscino\/#breadcrumb","itemListElement":[{"@type":"ListItem","position":1,"name":"Domov","item":"https:\/\/www.lisac-lisac.si\/knjigarna\/"},{"@type":"ListItem","position":2,"name":"Knjigarna","item":"https:\/\/www.lisac-lisac.si\/knjigarna\/knjigarna\/"},{"@type":"ListItem","position":3,"name":"Kako premagati \u010dasovno rev\u0161\u010dino"}]},{"@type":"WebSite","@id":"https:\/\/www.lisac-lisac.si\/knjigarna\/#website","url":"https:\/\/www.lisac-lisac.si\/knjigarna\/","name":"Lisac-lisac.si","description":"Knjige in seminarji za podjetnike.","potentialAction":[{"@type":"SearchAction","target":{"@type":"EntryPoint","urlTemplate":"https:\/\/www.lisac-lisac.si\/knjigarna\/?s={search_term_string}"},"query-input":"required name=search_term_string"}],"inLanguage":"sl-SI"}]}},"_links":{"self":[{"href":"https:\/\/www.lisac-lisac.si\/knjigarna\/wp-json\/wp\/v2\/product\/2362","targetHints":{"allow":["GET"]}}],"collection":[{"href":"https:\/\/www.lisac-lisac.si\/knjigarna\/wp-json\/wp\/v2\/product"}],"about":[{"href":"https:\/\/www.lisac-lisac.si\/knjigarna\/wp-json\/wp\/v2\/types\/product"}],"replies":[{"embeddable":true,"href":"https:\/\/www.lisac-lisac.si\/knjigarna\/wp-json\/wp\/v2\/comments?post=2362"}],"wp:featuredmedia":[{"embeddable":true,"href":"https:\/\/www.lisac-lisac.si\/knjigarna\/wp-json\/wp\/v2\/media\/2340"}],"wp:attachment":[{"href":"https:\/\/www.lisac-lisac.si\/knjigarna\/wp-json\/wp\/v2\/media?parent=2362"}],"wp:term":[{"taxonomy":"product_cat","embeddable":true,"href":"https:\/\/www.lisac-lisac.si\/knjigarna\/wp-json\/wp\/v2\/product_cat?post=2362"},{"taxonomy":"product_tag","embeddable":true,"href":"https:\/\/www.lisac-lisac.si\/knjigarna\/wp-json\/wp\/v2\/product_tag?post=2362"}],"curies":[{"name":"wp","href":"https:\/\/api.w.org\/{rel}","templated":true}]}}