

{"id":2369,"date":"2022-11-15T10:38:42","date_gmt":"2022-11-15T08:38:42","guid":{"rendered":"https:\/\/www.lisac-lisac.si\/knjigarna\/?post_type=product&#038;p=2369"},"modified":"2022-11-15T11:32:26","modified_gmt":"2022-11-15T09:32:26","slug":"clovek-mora-imeti-sanje","status":"publish","type":"product","link":"https:\/\/www.lisac-lisac.si\/knjigarna\/poslovna-literatura\/clovek-mora-imeti-sanje\/","title":{"rendered":"\u010clovek mora imeti sanje"},"content":{"rendered":"<p>Vse, kar delate, mora izhajati iz va\u0161ih sanj. Delo, ki ga opravljate, ki moralo odpirati vrata, ki vodijo k izpolnitvi sanj. Kamorkoli \u017ee vlivate svojo \u017eivljenjsko kri, pot in solze, morajo to motivirati va\u0161e sanje.<\/p>\n<p>Kako boste vedeli, da svojo energijo in nadarjenost porabljate za prave stvari, \u010de nimate nobenih sanj? Neki modrec je dejal: &#8220;Kar bo\u0161 v prihodnosti, postaja\u0161 \u017ee danes.&#8221; \u010ce nimate sanj, ki motivirajo va\u0161e delo, si jih morate najti.<\/p>\n<p>Format: 15x21cm (A5), mehke platnice; 134 strani<\/p>\n","protected":false},"excerpt":{"rendered":"<p>Zakaj ste bili ustvarjeni? Kak\u0161na je va\u0161a usada, va\u0161i \u017eivljenjski cilji? Kak\u0161no je va\u0161e poslanstvo v \u017eivljenju? Kak\u0161na je vizija, ki vam bo prinesla zadovoljstvo in vam pomagala, da boste zapustili kaj za svoje otroke, vnuke in prijatelje?<\/p>\n","protected":false},"featured_media":2346,"comment_status":"open","ping_status":"closed","template":"","meta":[],"product_cat":[104],"product_tag":[],"class_list":{"0":"post-2369","1":"product","2":"type-product","3":"status-publish","4":"has-post-thumbnail","6":"product_cat-poslovna-literatura","8":"first","9":"instock","10":"taxable","11":"shipping-taxable","12":"purchasable","13":"product-type-simple"},"yoast_head":"<!-- This site is optimized with the Yoast SEO plugin v23.2 - https:\/\/yoast.com\/wordpress\/plugins\/seo\/ -->\n<title>\u010clovek mora imeti sanje - Lisac-lisac.si<\/title>\n<meta name=\"robots\" content=\"noindex, follow, max-snippet:-1, max-image-preview:large, max-video-preview:-1\" \/>\n<meta property=\"og:locale\" content=\"sl_SI\" \/>\n<meta property=\"og:type\" content=\"article\" \/>\n<meta property=\"og:title\" content=\"\u010clovek mora imeti sanje - Lisac-lisac.si\" \/>\n<meta property=\"og:description\" content=\"Zakaj ste bili ustvarjeni? Kak\u0161na je va\u0161a usada, va\u0161i \u017eivljenjski cilji? Kak\u0161no je va\u0161e poslanstvo v \u017eivljenju? Kak\u0161na je vizija, ki vam bo prinesla zadovoljstvo in vam pomagala, da boste zapustili kaj za svoje otroke, vnuke in prijatelje?\" \/>\n<meta property=\"og:url\" content=\"https:\/\/www.lisac-lisac.si\/knjigarna\/poslovna-literatura\/clovek-mora-imeti-sanje\/\" \/>\n<meta property=\"og:site_name\" content=\"Lisac-lisac.si\" \/>\n<meta property=\"article:modified_time\" content=\"2022-11-15T09:32:26+00:00\" \/>\n<meta property=\"og:image\" content=\"https:\/\/www.lisac-lisac.si\/knjigarna\/wp-content\/uploads\/2022\/07\/Clovek-mora-imeti-sanje.jpg\" \/>\n\t<meta property=\"og:image:width\" content=\"897\" \/>\n\t<meta property=\"og:image:height\" content=\"1264\" \/>\n\t<meta property=\"og:image:type\" content=\"image\/jpeg\" \/>\n<meta name=\"twitter:card\" content=\"summary_large_image\" \/>\n<meta name=\"twitter:label1\" content=\"Est. reading time\" \/>\n\t<meta name=\"twitter:data1\" content=\"1 minuta\" \/>\n<script type=\"application\/ld+json\" class=\"yoast-schema-graph\">{\"@context\":\"https:\/\/schema.org\",\"@graph\":[{\"@type\":\"WebPage\",\"@id\":\"https:\/\/www.lisac-lisac.si\/knjigarna\/poslovna-literatura\/clovek-mora-imeti-sanje\/\",\"url\":\"https:\/\/www.lisac-lisac.si\/knjigarna\/poslovna-literatura\/clovek-mora-imeti-sanje\/\",\"name\":\"\u010clovek mora imeti sanje - Lisac-lisac.si\",\"isPartOf\":{\"@id\":\"https:\/\/www.lisac-lisac.si\/knjigarna\/#website\"},\"primaryImageOfPage\":{\"@id\":\"https:\/\/www.lisac-lisac.si\/knjigarna\/poslovna-literatura\/clovek-mora-imeti-sanje\/#primaryimage\"},\"image\":{\"@id\":\"https:\/\/www.lisac-lisac.si\/knjigarna\/poslovna-literatura\/clovek-mora-imeti-sanje\/#primaryimage\"},\"thumbnailUrl\":\"https:\/\/www.lisac-lisac.si\/knjigarna\/wp-content\/uploads\/2022\/07\/Clovek-mora-imeti-sanje.jpg\",\"datePublished\":\"2022-11-15T08:38:42+00:00\",\"dateModified\":\"2022-11-15T09:32:26+00:00\",\"breadcrumb\":{\"@id\":\"https:\/\/www.lisac-lisac.si\/knjigarna\/poslovna-literatura\/clovek-mora-imeti-sanje\/#breadcrumb\"},\"inLanguage\":\"sl-SI\",\"potentialAction\":[{\"@type\":\"ReadAction\",\"target\":[\"https:\/\/www.lisac-lisac.si\/knjigarna\/poslovna-literatura\/clovek-mora-imeti-sanje\/\"]}]},{\"@type\":\"ImageObject\",\"inLanguage\":\"sl-SI\",\"@id\":\"https:\/\/www.lisac-lisac.si\/knjigarna\/poslovna-literatura\/clovek-mora-imeti-sanje\/#primaryimage\",\"url\":\"https:\/\/www.lisac-lisac.si\/knjigarna\/wp-content\/uploads\/2022\/07\/Clovek-mora-imeti-sanje.jpg\",\"contentUrl\":\"https:\/\/www.lisac-lisac.si\/knjigarna\/wp-content\/uploads\/2022\/07\/Clovek-mora-imeti-sanje.jpg\",\"width\":897,\"height\":1264},{\"@type\":\"BreadcrumbList\",\"@id\":\"https:\/\/www.lisac-lisac.si\/knjigarna\/poslovna-literatura\/clovek-mora-imeti-sanje\/#breadcrumb\",\"itemListElement\":[{\"@type\":\"ListItem\",\"position\":1,\"name\":\"Domov\",\"item\":\"https:\/\/www.lisac-lisac.si\/knjigarna\/\"},{\"@type\":\"ListItem\",\"position\":2,\"name\":\"Knjigarna\",\"item\":\"https:\/\/www.lisac-lisac.si\/knjigarna\/knjigarna\/\"},{\"@type\":\"ListItem\",\"position\":3,\"name\":\"\u010clovek mora imeti sanje\"}]},{\"@type\":\"WebSite\",\"@id\":\"https:\/\/www.lisac-lisac.si\/knjigarna\/#website\",\"url\":\"https:\/\/www.lisac-lisac.si\/knjigarna\/\",\"name\":\"Lisac-lisac.si\",\"description\":\"Knjige in seminarji za podjetnike.\",\"potentialAction\":[{\"@type\":\"SearchAction\",\"target\":{\"@type\":\"EntryPoint\",\"urlTemplate\":\"https:\/\/www.lisac-lisac.si\/knjigarna\/?s={search_term_string}\"},\"query-input\":\"required name=search_term_string\"}],\"inLanguage\":\"sl-SI\"}]}<\/script>\n<!-- \/ Yoast SEO plugin. -->","yoast_head_json":{"title":"\u010clovek mora imeti sanje - Lisac-lisac.si","robots":{"index":"noindex","follow":"follow","max-snippet":"max-snippet:-1","max-image-preview":"max-image-preview:large","max-video-preview":"max-video-preview:-1"},"og_locale":"sl_SI","og_type":"article","og_title":"\u010clovek mora imeti sanje - Lisac-lisac.si","og_description":"Zakaj ste bili ustvarjeni? Kak\u0161na je va\u0161a usada, va\u0161i \u017eivljenjski cilji? Kak\u0161no je va\u0161e poslanstvo v \u017eivljenju? Kak\u0161na je vizija, ki vam bo prinesla zadovoljstvo in vam pomagala, da boste zapustili kaj za svoje otroke, vnuke in prijatelje?","og_url":"https:\/\/www.lisac-lisac.si\/knjigarna\/poslovna-literatura\/clovek-mora-imeti-sanje\/","og_site_name":"Lisac-lisac.si","article_modified_time":"2022-11-15T09:32:26+00:00","og_image":[{"width":897,"height":1264,"url":"https:\/\/www.lisac-lisac.si\/knjigarna\/wp-content\/uploads\/2022\/07\/Clovek-mora-imeti-sanje.jpg","type":"image\/jpeg"}],"twitter_card":"summary_large_image","twitter_misc":{"Est. reading time":"1 minuta"},"schema":{"@context":"https:\/\/schema.org","@graph":[{"@type":"WebPage","@id":"https:\/\/www.lisac-lisac.si\/knjigarna\/poslovna-literatura\/clovek-mora-imeti-sanje\/","url":"https:\/\/www.lisac-lisac.si\/knjigarna\/poslovna-literatura\/clovek-mora-imeti-sanje\/","name":"\u010clovek mora imeti sanje - Lisac-lisac.si","isPartOf":{"@id":"https:\/\/www.lisac-lisac.si\/knjigarna\/#website"},"primaryImageOfPage":{"@id":"https:\/\/www.lisac-lisac.si\/knjigarna\/poslovna-literatura\/clovek-mora-imeti-sanje\/#primaryimage"},"image":{"@id":"https:\/\/www.lisac-lisac.si\/knjigarna\/poslovna-literatura\/clovek-mora-imeti-sanje\/#primaryimage"},"thumbnailUrl":"https:\/\/www.lisac-lisac.si\/knjigarna\/wp-content\/uploads\/2022\/07\/Clovek-mora-imeti-sanje.jpg","datePublished":"2022-11-15T08:38:42+00:00","dateModified":"2022-11-15T09:32:26+00:00","breadcrumb":{"@id":"https:\/\/www.lisac-lisac.si\/knjigarna\/poslovna-literatura\/clovek-mora-imeti-sanje\/#breadcrumb"},"inLanguage":"sl-SI","potentialAction":[{"@type":"ReadAction","target":["https:\/\/www.lisac-lisac.si\/knjigarna\/poslovna-literatura\/clovek-mora-imeti-sanje\/"]}]},{"@type":"ImageObject","inLanguage":"sl-SI","@id":"https:\/\/www.lisac-lisac.si\/knjigarna\/poslovna-literatura\/clovek-mora-imeti-sanje\/#primaryimage","url":"https:\/\/www.lisac-lisac.si\/knjigarna\/wp-content\/uploads\/2022\/07\/Clovek-mora-imeti-sanje.jpg","contentUrl":"https:\/\/www.lisac-lisac.si\/knjigarna\/wp-content\/uploads\/2022\/07\/Clovek-mora-imeti-sanje.jpg","width":897,"height":1264},{"@type":"BreadcrumbList","@id":"https:\/\/www.lisac-lisac.si\/knjigarna\/poslovna-literatura\/clovek-mora-imeti-sanje\/#breadcrumb","itemListElement":[{"@type":"ListItem","position":1,"name":"Domov","item":"https:\/\/www.lisac-lisac.si\/knjigarna\/"},{"@type":"ListItem","position":2,"name":"Knjigarna","item":"https:\/\/www.lisac-lisac.si\/knjigarna\/knjigarna\/"},{"@type":"ListItem","position":3,"name":"\u010clovek mora imeti sanje"}]},{"@type":"WebSite","@id":"https:\/\/www.lisac-lisac.si\/knjigarna\/#website","url":"https:\/\/www.lisac-lisac.si\/knjigarna\/","name":"Lisac-lisac.si","description":"Knjige in seminarji za podjetnike.","potentialAction":[{"@type":"SearchAction","target":{"@type":"EntryPoint","urlTemplate":"https:\/\/www.lisac-lisac.si\/knjigarna\/?s={search_term_string}"},"query-input":"required name=search_term_string"}],"inLanguage":"sl-SI"}]}},"_links":{"self":[{"href":"https:\/\/www.lisac-lisac.si\/knjigarna\/wp-json\/wp\/v2\/product\/2369","targetHints":{"allow":["GET"]}}],"collection":[{"href":"https:\/\/www.lisac-lisac.si\/knjigarna\/wp-json\/wp\/v2\/product"}],"about":[{"href":"https:\/\/www.lisac-lisac.si\/knjigarna\/wp-json\/wp\/v2\/types\/product"}],"replies":[{"embeddable":true,"href":"https:\/\/www.lisac-lisac.si\/knjigarna\/wp-json\/wp\/v2\/comments?post=2369"}],"wp:featuredmedia":[{"embeddable":true,"href":"https:\/\/www.lisac-lisac.si\/knjigarna\/wp-json\/wp\/v2\/media\/2346"}],"wp:attachment":[{"href":"https:\/\/www.lisac-lisac.si\/knjigarna\/wp-json\/wp\/v2\/media?parent=2369"}],"wp:term":[{"taxonomy":"product_cat","embeddable":true,"href":"https:\/\/www.lisac-lisac.si\/knjigarna\/wp-json\/wp\/v2\/product_cat?post=2369"},{"taxonomy":"product_tag","embeddable":true,"href":"https:\/\/www.lisac-lisac.si\/knjigarna\/wp-json\/wp\/v2\/product_tag?post=2369"}],"curies":[{"name":"wp","href":"https:\/\/api.w.org\/{rel}","templated":true}]}}