

{"id":2371,"date":"2022-11-15T11:32:41","date_gmt":"2022-11-15T09:32:41","guid":{"rendered":"https:\/\/www.lisac-lisac.si\/knjigarna\/?post_type=product&#038;p=2371"},"modified":"2022-11-15T12:17:20","modified_gmt":"2022-11-15T10:17:20","slug":"prodaja-brez-prodajanja","status":"publish","type":"product","link":"https:\/\/www.lisac-lisac.si\/knjigarna\/poslovna-literatura\/prodaja-brez-prodajanja\/","title":{"rendered":"Prodaja brez prodajanja"},"content":{"rendered":"<p>Prodaja brez prodajanja je zabavna zgodbica, ki govori o te\u017eavi, s katero se vsak dan soo\u010dajo \u0161tevilni prodajalci &#8211; v svojih srcih sovra\u017eijo prodajo. Zgodba pripoveduje o mladi \u0161tudentki poslovne \u0161ole Christini, ki spoznava, da so se prodajne metode spremenile, dobre prodajne tehnike pa ne.<\/p>\n<p>Zabavali se boste, ko boste sledili Christini v D\u017eunglo, v sanjski svet, v katerem stanuje vesela dru\u017eba razli\u010dnih likov, kot sta Ka\u010da Prodajalka in Svinja Bradavi\u010darka, ki bi rada znala leteti. V D\u017eungli spozna, da se je treba posloviti od vsiljive prodaje in za\u010denja razumeti <em><strong>prodajo brez prodajanja.\u00a0<\/strong><\/em><\/p>\n<p>Format: 15x21cm (A5), mehke platnice; 134 strani<\/p>\n","protected":false},"excerpt":{"rendered":"<p>&#8220;S knjigo Prodaja brez prodajanja je Terri Levin naredila veliko uslugo vsem, ki se ukvarjajo s prodajo, od velikih korporacij do ljudi, pri katerih je prodaja del njihove slu\u017ebe. Jasno in bistroumno je pokazala, da je velikost uspeha v prodaji enaka velikosti prodajal\u010devega srca.&#8221; &#8211; Robert B. Cialdini<\/p>\n","protected":false},"featured_media":2372,"comment_status":"open","ping_status":"closed","template":"","meta":[],"product_cat":[104],"product_tag":[],"class_list":{"0":"post-2371","1":"product","2":"type-product","3":"status-publish","4":"has-post-thumbnail","6":"product_cat-poslovna-literatura","8":"first","9":"instock","10":"taxable","11":"shipping-taxable","12":"purchasable","13":"product-type-simple"},"yoast_head":"<!-- This site is optimized with the Yoast SEO plugin v23.2 - https:\/\/yoast.com\/wordpress\/plugins\/seo\/ -->\n<title>Prodaja brez prodajanja - Lisac-lisac.si<\/title>\n<meta name=\"robots\" content=\"noindex, follow, max-snippet:-1, max-image-preview:large, max-video-preview:-1\" \/>\n<meta property=\"og:locale\" content=\"sl_SI\" \/>\n<meta property=\"og:type\" content=\"article\" \/>\n<meta property=\"og:title\" content=\"Prodaja brez prodajanja - Lisac-lisac.si\" \/>\n<meta property=\"og:description\" content=\"&quot;S knjigo Prodaja brez prodajanja je Terri Levin naredila veliko uslugo vsem, ki se ukvarjajo s prodajo, od velikih korporacij do ljudi, pri katerih je prodaja del njihove slu\u017ebe. Jasno in bistroumno je pokazala, da je velikost uspeha v prodaji enaka velikosti prodajal\u010devega srca.&quot; - Robert B. Cialdini\" \/>\n<meta property=\"og:url\" content=\"https:\/\/www.lisac-lisac.si\/knjigarna\/poslovna-literatura\/prodaja-brez-prodajanja\/\" \/>\n<meta property=\"og:site_name\" content=\"Lisac-lisac.si\" \/>\n<meta property=\"article:modified_time\" content=\"2022-11-15T10:17:20+00:00\" \/>\n<meta property=\"og:image\" content=\"https:\/\/www.lisac-lisac.si\/knjigarna\/wp-content\/uploads\/2022\/11\/00000022.jpg\" \/>\n\t<meta property=\"og:image:width\" content=\"840\" \/>\n\t<meta property=\"og:image:height\" content=\"1198\" \/>\n\t<meta property=\"og:image:type\" content=\"image\/jpeg\" \/>\n<meta name=\"twitter:card\" content=\"summary_large_image\" \/>\n<meta name=\"twitter:label1\" content=\"Est. reading time\" \/>\n\t<meta name=\"twitter:data1\" content=\"1 minuta\" \/>\n<script type=\"application\/ld+json\" class=\"yoast-schema-graph\">{\"@context\":\"https:\/\/schema.org\",\"@graph\":[{\"@type\":\"WebPage\",\"@id\":\"https:\/\/www.lisac-lisac.si\/knjigarna\/poslovna-literatura\/prodaja-brez-prodajanja\/\",\"url\":\"https:\/\/www.lisac-lisac.si\/knjigarna\/poslovna-literatura\/prodaja-brez-prodajanja\/\",\"name\":\"Prodaja brez prodajanja - Lisac-lisac.si\",\"isPartOf\":{\"@id\":\"https:\/\/www.lisac-lisac.si\/knjigarna\/#website\"},\"primaryImageOfPage\":{\"@id\":\"https:\/\/www.lisac-lisac.si\/knjigarna\/poslovna-literatura\/prodaja-brez-prodajanja\/#primaryimage\"},\"image\":{\"@id\":\"https:\/\/www.lisac-lisac.si\/knjigarna\/poslovna-literatura\/prodaja-brez-prodajanja\/#primaryimage\"},\"thumbnailUrl\":\"https:\/\/www.lisac-lisac.si\/knjigarna\/wp-content\/uploads\/2022\/11\/00000022.jpg\",\"datePublished\":\"2022-11-15T09:32:41+00:00\",\"dateModified\":\"2022-11-15T10:17:20+00:00\",\"breadcrumb\":{\"@id\":\"https:\/\/www.lisac-lisac.si\/knjigarna\/poslovna-literatura\/prodaja-brez-prodajanja\/#breadcrumb\"},\"inLanguage\":\"sl-SI\",\"potentialAction\":[{\"@type\":\"ReadAction\",\"target\":[\"https:\/\/www.lisac-lisac.si\/knjigarna\/poslovna-literatura\/prodaja-brez-prodajanja\/\"]}]},{\"@type\":\"ImageObject\",\"inLanguage\":\"sl-SI\",\"@id\":\"https:\/\/www.lisac-lisac.si\/knjigarna\/poslovna-literatura\/prodaja-brez-prodajanja\/#primaryimage\",\"url\":\"https:\/\/www.lisac-lisac.si\/knjigarna\/wp-content\/uploads\/2022\/11\/00000022.jpg\",\"contentUrl\":\"https:\/\/www.lisac-lisac.si\/knjigarna\/wp-content\/uploads\/2022\/11\/00000022.jpg\",\"width\":840,\"height\":1198},{\"@type\":\"BreadcrumbList\",\"@id\":\"https:\/\/www.lisac-lisac.si\/knjigarna\/poslovna-literatura\/prodaja-brez-prodajanja\/#breadcrumb\",\"itemListElement\":[{\"@type\":\"ListItem\",\"position\":1,\"name\":\"Domov\",\"item\":\"https:\/\/www.lisac-lisac.si\/knjigarna\/\"},{\"@type\":\"ListItem\",\"position\":2,\"name\":\"Knjigarna\",\"item\":\"https:\/\/www.lisac-lisac.si\/knjigarna\/knjigarna\/\"},{\"@type\":\"ListItem\",\"position\":3,\"name\":\"Prodaja brez prodajanja\"}]},{\"@type\":\"WebSite\",\"@id\":\"https:\/\/www.lisac-lisac.si\/knjigarna\/#website\",\"url\":\"https:\/\/www.lisac-lisac.si\/knjigarna\/\",\"name\":\"Lisac-lisac.si\",\"description\":\"Knjige in seminarji za podjetnike.\",\"potentialAction\":[{\"@type\":\"SearchAction\",\"target\":{\"@type\":\"EntryPoint\",\"urlTemplate\":\"https:\/\/www.lisac-lisac.si\/knjigarna\/?s={search_term_string}\"},\"query-input\":\"required name=search_term_string\"}],\"inLanguage\":\"sl-SI\"}]}<\/script>\n<!-- \/ Yoast SEO plugin. -->","yoast_head_json":{"title":"Prodaja brez prodajanja - Lisac-lisac.si","robots":{"index":"noindex","follow":"follow","max-snippet":"max-snippet:-1","max-image-preview":"max-image-preview:large","max-video-preview":"max-video-preview:-1"},"og_locale":"sl_SI","og_type":"article","og_title":"Prodaja brez prodajanja - Lisac-lisac.si","og_description":"\"S knjigo Prodaja brez prodajanja je Terri Levin naredila veliko uslugo vsem, ki se ukvarjajo s prodajo, od velikih korporacij do ljudi, pri katerih je prodaja del njihove slu\u017ebe. Jasno in bistroumno je pokazala, da je velikost uspeha v prodaji enaka velikosti prodajal\u010devega srca.\" - Robert B. Cialdini","og_url":"https:\/\/www.lisac-lisac.si\/knjigarna\/poslovna-literatura\/prodaja-brez-prodajanja\/","og_site_name":"Lisac-lisac.si","article_modified_time":"2022-11-15T10:17:20+00:00","og_image":[{"width":840,"height":1198,"url":"https:\/\/www.lisac-lisac.si\/knjigarna\/wp-content\/uploads\/2022\/11\/00000022.jpg","type":"image\/jpeg"}],"twitter_card":"summary_large_image","twitter_misc":{"Est. reading time":"1 minuta"},"schema":{"@context":"https:\/\/schema.org","@graph":[{"@type":"WebPage","@id":"https:\/\/www.lisac-lisac.si\/knjigarna\/poslovna-literatura\/prodaja-brez-prodajanja\/","url":"https:\/\/www.lisac-lisac.si\/knjigarna\/poslovna-literatura\/prodaja-brez-prodajanja\/","name":"Prodaja brez prodajanja - Lisac-lisac.si","isPartOf":{"@id":"https:\/\/www.lisac-lisac.si\/knjigarna\/#website"},"primaryImageOfPage":{"@id":"https:\/\/www.lisac-lisac.si\/knjigarna\/poslovna-literatura\/prodaja-brez-prodajanja\/#primaryimage"},"image":{"@id":"https:\/\/www.lisac-lisac.si\/knjigarna\/poslovna-literatura\/prodaja-brez-prodajanja\/#primaryimage"},"thumbnailUrl":"https:\/\/www.lisac-lisac.si\/knjigarna\/wp-content\/uploads\/2022\/11\/00000022.jpg","datePublished":"2022-11-15T09:32:41+00:00","dateModified":"2022-11-15T10:17:20+00:00","breadcrumb":{"@id":"https:\/\/www.lisac-lisac.si\/knjigarna\/poslovna-literatura\/prodaja-brez-prodajanja\/#breadcrumb"},"inLanguage":"sl-SI","potentialAction":[{"@type":"ReadAction","target":["https:\/\/www.lisac-lisac.si\/knjigarna\/poslovna-literatura\/prodaja-brez-prodajanja\/"]}]},{"@type":"ImageObject","inLanguage":"sl-SI","@id":"https:\/\/www.lisac-lisac.si\/knjigarna\/poslovna-literatura\/prodaja-brez-prodajanja\/#primaryimage","url":"https:\/\/www.lisac-lisac.si\/knjigarna\/wp-content\/uploads\/2022\/11\/00000022.jpg","contentUrl":"https:\/\/www.lisac-lisac.si\/knjigarna\/wp-content\/uploads\/2022\/11\/00000022.jpg","width":840,"height":1198},{"@type":"BreadcrumbList","@id":"https:\/\/www.lisac-lisac.si\/knjigarna\/poslovna-literatura\/prodaja-brez-prodajanja\/#breadcrumb","itemListElement":[{"@type":"ListItem","position":1,"name":"Domov","item":"https:\/\/www.lisac-lisac.si\/knjigarna\/"},{"@type":"ListItem","position":2,"name":"Knjigarna","item":"https:\/\/www.lisac-lisac.si\/knjigarna\/knjigarna\/"},{"@type":"ListItem","position":3,"name":"Prodaja brez prodajanja"}]},{"@type":"WebSite","@id":"https:\/\/www.lisac-lisac.si\/knjigarna\/#website","url":"https:\/\/www.lisac-lisac.si\/knjigarna\/","name":"Lisac-lisac.si","description":"Knjige in seminarji za podjetnike.","potentialAction":[{"@type":"SearchAction","target":{"@type":"EntryPoint","urlTemplate":"https:\/\/www.lisac-lisac.si\/knjigarna\/?s={search_term_string}"},"query-input":"required name=search_term_string"}],"inLanguage":"sl-SI"}]}},"_links":{"self":[{"href":"https:\/\/www.lisac-lisac.si\/knjigarna\/wp-json\/wp\/v2\/product\/2371","targetHints":{"allow":["GET"]}}],"collection":[{"href":"https:\/\/www.lisac-lisac.si\/knjigarna\/wp-json\/wp\/v2\/product"}],"about":[{"href":"https:\/\/www.lisac-lisac.si\/knjigarna\/wp-json\/wp\/v2\/types\/product"}],"replies":[{"embeddable":true,"href":"https:\/\/www.lisac-lisac.si\/knjigarna\/wp-json\/wp\/v2\/comments?post=2371"}],"wp:featuredmedia":[{"embeddable":true,"href":"https:\/\/www.lisac-lisac.si\/knjigarna\/wp-json\/wp\/v2\/media\/2372"}],"wp:attachment":[{"href":"https:\/\/www.lisac-lisac.si\/knjigarna\/wp-json\/wp\/v2\/media?parent=2371"}],"wp:term":[{"taxonomy":"product_cat","embeddable":true,"href":"https:\/\/www.lisac-lisac.si\/knjigarna\/wp-json\/wp\/v2\/product_cat?post=2371"},{"taxonomy":"product_tag","embeddable":true,"href":"https:\/\/www.lisac-lisac.si\/knjigarna\/wp-json\/wp\/v2\/product_tag?post=2371"}],"curies":[{"name":"wp","href":"https:\/\/api.w.org\/{rel}","templated":true}]}}