

{"id":2379,"date":"2022-11-15T15:32:32","date_gmt":"2022-11-15T13:32:32","guid":{"rendered":"https:\/\/www.lisac-lisac.si\/knjigarna\/?post_type=product&#038;p=2379"},"modified":"2022-11-16T11:03:39","modified_gmt":"2022-11-16T09:03:39","slug":"sanjski-posel","status":"publish","type":"product","link":"https:\/\/www.lisac-lisac.si\/knjigarna\/poslovna-literatura\/sanjski-posel\/","title":{"rendered":"Sanjski posel"},"content":{"rendered":"<p><span style=\"font-size: 10.0pt; font-family: 'Arial',sans-serif; color: black;\">Kako s pomo\u010djo interneta, spletnih trgovin in mre\u017enega marketinga uresni\u010diti svoje sanje? Kako za\u010deti s svojim sanjskim poslom? Kaj narediti, ko na va\u0161a vrata potrka prilo\u017enost? Ve\u010dina finan\u010dno svobodnih ljudi ima nekaj skupnega: ob pravem \u010dasu so bili na praven mestu in so se tega tudi zavedali! Ko je na njihova vrata potrkala prilo\u017enost, so jo pri\u010dakali z odprtimi rokami! Poskrbite za svojo prihodnost in uresni\u010dite svoje sanje v e-gospodarstvu!<\/span><\/p>\n<p>Format: 15x21cm (A5), mehke platnice; 128 strani<\/p>\n<p>&nbsp;<\/p>\n<p>&nbsp;<\/p>\n<p>&nbsp;<\/p>\n","protected":false},"excerpt":{"rendered":"<p><span style=\"font-size: 10.0pt; font-family: 'Arial',sans-serif; color: black;\">Zdru\u017eite sva poslovna modela &#8211; mre\u017eni marketing in e-trgovino, da zgradite svoj Sanjski-posel.com. <\/span><\/p>\n<p>&nbsp;<\/p>\n","protected":false},"featured_media":2330,"comment_status":"open","ping_status":"closed","template":"","meta":[],"product_cat":[104],"product_tag":[],"class_list":{"0":"post-2379","1":"product","2":"type-product","3":"status-publish","4":"has-post-thumbnail","6":"product_cat-poslovna-literatura","8":"first","9":"instock","10":"taxable","11":"shipping-taxable","12":"purchasable","13":"product-type-simple"},"yoast_head":"<!-- This site is optimized with the Yoast SEO plugin v23.2 - https:\/\/yoast.com\/wordpress\/plugins\/seo\/ -->\n<title>Sanjski posel - Lisac-lisac.si<\/title>\n<meta name=\"robots\" content=\"noindex, follow, max-snippet:-1, max-image-preview:large, max-video-preview:-1\" \/>\n<meta property=\"og:locale\" content=\"sl_SI\" \/>\n<meta property=\"og:type\" content=\"article\" \/>\n<meta property=\"og:title\" content=\"Sanjski posel - Lisac-lisac.si\" \/>\n<meta property=\"og:description\" content=\"Zdru\u017eite sva poslovna modela - mre\u017eni marketing in e-trgovino, da zgradite svoj Sanjski-posel.com.   &nbsp;\" \/>\n<meta property=\"og:url\" content=\"https:\/\/www.lisac-lisac.si\/knjigarna\/poslovna-literatura\/sanjski-posel\/\" \/>\n<meta property=\"og:site_name\" content=\"Lisac-lisac.si\" \/>\n<meta property=\"article:modified_time\" content=\"2022-11-16T09:03:39+00:00\" \/>\n<meta property=\"og:image\" content=\"https:\/\/www.lisac-lisac.si\/knjigarna\/wp-content\/uploads\/2022\/07\/Sanjski-posel.jpg\" \/>\n\t<meta property=\"og:image:width\" content=\"887\" \/>\n\t<meta property=\"og:image:height\" content=\"1264\" \/>\n\t<meta property=\"og:image:type\" content=\"image\/jpeg\" \/>\n<meta name=\"twitter:card\" content=\"summary_large_image\" \/>\n<meta name=\"twitter:label1\" content=\"Est. reading time\" \/>\n\t<meta name=\"twitter:data1\" content=\"1 minuta\" \/>\n<script type=\"application\/ld+json\" class=\"yoast-schema-graph\">{\"@context\":\"https:\/\/schema.org\",\"@graph\":[{\"@type\":\"WebPage\",\"@id\":\"https:\/\/www.lisac-lisac.si\/knjigarna\/poslovna-literatura\/sanjski-posel\/\",\"url\":\"https:\/\/www.lisac-lisac.si\/knjigarna\/poslovna-literatura\/sanjski-posel\/\",\"name\":\"Sanjski posel - Lisac-lisac.si\",\"isPartOf\":{\"@id\":\"https:\/\/www.lisac-lisac.si\/knjigarna\/#website\"},\"primaryImageOfPage\":{\"@id\":\"https:\/\/www.lisac-lisac.si\/knjigarna\/poslovna-literatura\/sanjski-posel\/#primaryimage\"},\"image\":{\"@id\":\"https:\/\/www.lisac-lisac.si\/knjigarna\/poslovna-literatura\/sanjski-posel\/#primaryimage\"},\"thumbnailUrl\":\"https:\/\/www.lisac-lisac.si\/knjigarna\/wp-content\/uploads\/2022\/07\/Sanjski-posel.jpg\",\"datePublished\":\"2022-11-15T13:32:32+00:00\",\"dateModified\":\"2022-11-16T09:03:39+00:00\",\"breadcrumb\":{\"@id\":\"https:\/\/www.lisac-lisac.si\/knjigarna\/poslovna-literatura\/sanjski-posel\/#breadcrumb\"},\"inLanguage\":\"sl-SI\",\"potentialAction\":[{\"@type\":\"ReadAction\",\"target\":[\"https:\/\/www.lisac-lisac.si\/knjigarna\/poslovna-literatura\/sanjski-posel\/\"]}]},{\"@type\":\"ImageObject\",\"inLanguage\":\"sl-SI\",\"@id\":\"https:\/\/www.lisac-lisac.si\/knjigarna\/poslovna-literatura\/sanjski-posel\/#primaryimage\",\"url\":\"https:\/\/www.lisac-lisac.si\/knjigarna\/wp-content\/uploads\/2022\/07\/Sanjski-posel.jpg\",\"contentUrl\":\"https:\/\/www.lisac-lisac.si\/knjigarna\/wp-content\/uploads\/2022\/07\/Sanjski-posel.jpg\",\"width\":887,\"height\":1264},{\"@type\":\"BreadcrumbList\",\"@id\":\"https:\/\/www.lisac-lisac.si\/knjigarna\/poslovna-literatura\/sanjski-posel\/#breadcrumb\",\"itemListElement\":[{\"@type\":\"ListItem\",\"position\":1,\"name\":\"Domov\",\"item\":\"https:\/\/www.lisac-lisac.si\/knjigarna\/\"},{\"@type\":\"ListItem\",\"position\":2,\"name\":\"Knjigarna\",\"item\":\"https:\/\/www.lisac-lisac.si\/knjigarna\/knjigarna\/\"},{\"@type\":\"ListItem\",\"position\":3,\"name\":\"Sanjski posel\"}]},{\"@type\":\"WebSite\",\"@id\":\"https:\/\/www.lisac-lisac.si\/knjigarna\/#website\",\"url\":\"https:\/\/www.lisac-lisac.si\/knjigarna\/\",\"name\":\"Lisac-lisac.si\",\"description\":\"Knjige in seminarji za podjetnike.\",\"potentialAction\":[{\"@type\":\"SearchAction\",\"target\":{\"@type\":\"EntryPoint\",\"urlTemplate\":\"https:\/\/www.lisac-lisac.si\/knjigarna\/?s={search_term_string}\"},\"query-input\":\"required name=search_term_string\"}],\"inLanguage\":\"sl-SI\"}]}<\/script>\n<!-- \/ Yoast SEO plugin. -->","yoast_head_json":{"title":"Sanjski posel - Lisac-lisac.si","robots":{"index":"noindex","follow":"follow","max-snippet":"max-snippet:-1","max-image-preview":"max-image-preview:large","max-video-preview":"max-video-preview:-1"},"og_locale":"sl_SI","og_type":"article","og_title":"Sanjski posel - Lisac-lisac.si","og_description":"Zdru\u017eite sva poslovna modela - mre\u017eni marketing in e-trgovino, da zgradite svoj Sanjski-posel.com.   &nbsp;","og_url":"https:\/\/www.lisac-lisac.si\/knjigarna\/poslovna-literatura\/sanjski-posel\/","og_site_name":"Lisac-lisac.si","article_modified_time":"2022-11-16T09:03:39+00:00","og_image":[{"width":887,"height":1264,"url":"https:\/\/www.lisac-lisac.si\/knjigarna\/wp-content\/uploads\/2022\/07\/Sanjski-posel.jpg","type":"image\/jpeg"}],"twitter_card":"summary_large_image","twitter_misc":{"Est. reading time":"1 minuta"},"schema":{"@context":"https:\/\/schema.org","@graph":[{"@type":"WebPage","@id":"https:\/\/www.lisac-lisac.si\/knjigarna\/poslovna-literatura\/sanjski-posel\/","url":"https:\/\/www.lisac-lisac.si\/knjigarna\/poslovna-literatura\/sanjski-posel\/","name":"Sanjski posel - Lisac-lisac.si","isPartOf":{"@id":"https:\/\/www.lisac-lisac.si\/knjigarna\/#website"},"primaryImageOfPage":{"@id":"https:\/\/www.lisac-lisac.si\/knjigarna\/poslovna-literatura\/sanjski-posel\/#primaryimage"},"image":{"@id":"https:\/\/www.lisac-lisac.si\/knjigarna\/poslovna-literatura\/sanjski-posel\/#primaryimage"},"thumbnailUrl":"https:\/\/www.lisac-lisac.si\/knjigarna\/wp-content\/uploads\/2022\/07\/Sanjski-posel.jpg","datePublished":"2022-11-15T13:32:32+00:00","dateModified":"2022-11-16T09:03:39+00:00","breadcrumb":{"@id":"https:\/\/www.lisac-lisac.si\/knjigarna\/poslovna-literatura\/sanjski-posel\/#breadcrumb"},"inLanguage":"sl-SI","potentialAction":[{"@type":"ReadAction","target":["https:\/\/www.lisac-lisac.si\/knjigarna\/poslovna-literatura\/sanjski-posel\/"]}]},{"@type":"ImageObject","inLanguage":"sl-SI","@id":"https:\/\/www.lisac-lisac.si\/knjigarna\/poslovna-literatura\/sanjski-posel\/#primaryimage","url":"https:\/\/www.lisac-lisac.si\/knjigarna\/wp-content\/uploads\/2022\/07\/Sanjski-posel.jpg","contentUrl":"https:\/\/www.lisac-lisac.si\/knjigarna\/wp-content\/uploads\/2022\/07\/Sanjski-posel.jpg","width":887,"height":1264},{"@type":"BreadcrumbList","@id":"https:\/\/www.lisac-lisac.si\/knjigarna\/poslovna-literatura\/sanjski-posel\/#breadcrumb","itemListElement":[{"@type":"ListItem","position":1,"name":"Domov","item":"https:\/\/www.lisac-lisac.si\/knjigarna\/"},{"@type":"ListItem","position":2,"name":"Knjigarna","item":"https:\/\/www.lisac-lisac.si\/knjigarna\/knjigarna\/"},{"@type":"ListItem","position":3,"name":"Sanjski posel"}]},{"@type":"WebSite","@id":"https:\/\/www.lisac-lisac.si\/knjigarna\/#website","url":"https:\/\/www.lisac-lisac.si\/knjigarna\/","name":"Lisac-lisac.si","description":"Knjige in seminarji za podjetnike.","potentialAction":[{"@type":"SearchAction","target":{"@type":"EntryPoint","urlTemplate":"https:\/\/www.lisac-lisac.si\/knjigarna\/?s={search_term_string}"},"query-input":"required name=search_term_string"}],"inLanguage":"sl-SI"}]}},"_links":{"self":[{"href":"https:\/\/www.lisac-lisac.si\/knjigarna\/wp-json\/wp\/v2\/product\/2379","targetHints":{"allow":["GET"]}}],"collection":[{"href":"https:\/\/www.lisac-lisac.si\/knjigarna\/wp-json\/wp\/v2\/product"}],"about":[{"href":"https:\/\/www.lisac-lisac.si\/knjigarna\/wp-json\/wp\/v2\/types\/product"}],"replies":[{"embeddable":true,"href":"https:\/\/www.lisac-lisac.si\/knjigarna\/wp-json\/wp\/v2\/comments?post=2379"}],"wp:featuredmedia":[{"embeddable":true,"href":"https:\/\/www.lisac-lisac.si\/knjigarna\/wp-json\/wp\/v2\/media\/2330"}],"wp:attachment":[{"href":"https:\/\/www.lisac-lisac.si\/knjigarna\/wp-json\/wp\/v2\/media?parent=2379"}],"wp:term":[{"taxonomy":"product_cat","embeddable":true,"href":"https:\/\/www.lisac-lisac.si\/knjigarna\/wp-json\/wp\/v2\/product_cat?post=2379"},{"taxonomy":"product_tag","embeddable":true,"href":"https:\/\/www.lisac-lisac.si\/knjigarna\/wp-json\/wp\/v2\/product_tag?post=2379"}],"curies":[{"name":"wp","href":"https:\/\/api.w.org\/{rel}","templated":true}]}}