

{"id":2436,"date":"2023-12-11T17:00:20","date_gmt":"2023-12-11T15:00:20","guid":{"rendered":"https:\/\/www.lisac-lisac.si\/knjigarna\/?post_type=product&#038;p=2436"},"modified":"2023-12-31T03:09:26","modified_gmt":"2023-12-31T01:09:26","slug":"voucher-100","status":"publish","type":"product","link":"https:\/\/www.lisac-lisac.si\/knjigarna\/prirocniki\/darilni-voucher-prirocniki\/voucher-100\/","title":{"rendered":"Voucher &#8211; 100"},"content":{"rendered":"","protected":false},"excerpt":{"rendered":"<p>Voucher v <strong>vrednosti 100 EUR ob pla\u010dilu zgolj 75 EUR. Poleg\u00a0 voucherja vam podarimo tudi uspe\u0161nico &#8211; namizno igro Firma kids.\u00a0<\/strong><\/p>\n<p>Ne odla\u0161ajte, podarite darilo, ki bo navdu\u0161ilo in obogatilo \u017eivljenje va\u0161ih najdra\u017ejih ali poslovnih partnerjev. Nakup darilnega bona je enostaven, u\u017eivanje v literaturi in izobra\u017eevanjih v \u017eivo ali on-line.<\/p>\n<p>Izbirate lahko med knjigami za osebnostno rast, marketing in prodajo ter izobra\u017eevalnimi programi na podro\u010dju marketinga, prodaje, komunikacije in podjetni\u0161tva.<\/p>\n<p>Voucher je prenosljiv. Kupi\u00a0 ga lahko tako fizi\u010dna kot pravna oseba.\u00a0 Uporabite ga lahko za vse storitve in izdelke podjetja Lisac &amp; Lisac.<\/p>\n<p>&nbsp;<\/p>\n","protected":false},"featured_media":2437,"comment_status":"open","ping_status":"closed","template":"","meta":[],"product_cat":[127],"product_tag":[],"class_list":{"0":"post-2436","1":"product","2":"type-product","3":"status-publish","4":"has-post-thumbnail","6":"product_cat-darilni-voucher-prirocniki","8":"first","9":"instock","10":"taxable","11":"shipping-taxable","12":"purchasable","13":"product-type-simple"},"yoast_head":"<!-- This site is optimized with the Yoast SEO plugin v23.2 - https:\/\/yoast.com\/wordpress\/plugins\/seo\/ -->\n<title>Voucher - 100 - Lisac-lisac.si<\/title>\n<meta name=\"robots\" content=\"noindex, follow, max-snippet:-1, max-image-preview:large, max-video-preview:-1\" \/>\n<meta property=\"og:locale\" content=\"sl_SI\" \/>\n<meta property=\"og:type\" content=\"article\" \/>\n<meta property=\"og:title\" content=\"Voucher - 100 - Lisac-lisac.si\" \/>\n<meta property=\"og:description\" content=\"Voucher v vrednosti 100 EUR ob pla\u010dilu zgolj 75 EUR. Poleg\u00a0 voucherja vam podarimo tudi uspe\u0161nico - namizno igro Firma kids.\u00a0  Ne odla\u0161ajte, podarite darilo, ki bo navdu\u0161ilo in obogatilo \u017eivljenje va\u0161ih najdra\u017ejih ali poslovnih partnerjev. Nakup darilnega bona je enostaven, u\u017eivanje v literaturi in izobra\u017eevanjih v \u017eivo ali on-line.  Izbirate lahko med knjigami za osebnostno rast, marketing in prodajo ter izobra\u017eevalnimi programi na podro\u010dju marketinga, prodaje, komunikacije in podjetni\u0161tva.  Voucher je prenosljiv. Kupi\u00a0 ga lahko tako fizi\u010dna kot pravna oseba.\u00a0 Uporabite ga lahko za vse storitve in izdelke podjetja Lisac &amp; Lisac.  &nbsp;\" \/>\n<meta property=\"og:url\" content=\"https:\/\/www.lisac-lisac.si\/knjigarna\/prirocniki\/darilni-voucher-prirocniki\/voucher-100\/\" \/>\n<meta property=\"og:site_name\" content=\"Lisac-lisac.si\" \/>\n<meta property=\"article:modified_time\" content=\"2023-12-31T01:09:26+00:00\" \/>\n<meta property=\"og:image\" content=\"https:\/\/www.lisac-lisac.si\/knjigarna\/wp-content\/uploads\/2023\/12\/voucher_100.jpg\" \/>\n\t<meta property=\"og:image:width\" content=\"898\" \/>\n\t<meta property=\"og:image:height\" content=\"1264\" \/>\n\t<meta property=\"og:image:type\" content=\"image\/jpeg\" \/>\n<meta name=\"twitter:card\" content=\"summary_large_image\" \/>\n<meta name=\"twitter:label1\" content=\"Est. reading time\" \/>\n\t<meta name=\"twitter:data1\" content=\"5 minut\" \/>\n<script type=\"application\/ld+json\" class=\"yoast-schema-graph\">{\"@context\":\"https:\/\/schema.org\",\"@graph\":[{\"@type\":\"WebPage\",\"@id\":\"https:\/\/www.lisac-lisac.si\/knjigarna\/prirocniki\/darilni-voucher-prirocniki\/voucher-100\/\",\"url\":\"https:\/\/www.lisac-lisac.si\/knjigarna\/prirocniki\/darilni-voucher-prirocniki\/voucher-100\/\",\"name\":\"Voucher - 100 - Lisac-lisac.si\",\"isPartOf\":{\"@id\":\"https:\/\/www.lisac-lisac.si\/knjigarna\/#website\"},\"primaryImageOfPage\":{\"@id\":\"https:\/\/www.lisac-lisac.si\/knjigarna\/prirocniki\/darilni-voucher-prirocniki\/voucher-100\/#primaryimage\"},\"image\":{\"@id\":\"https:\/\/www.lisac-lisac.si\/knjigarna\/prirocniki\/darilni-voucher-prirocniki\/voucher-100\/#primaryimage\"},\"thumbnailUrl\":\"https:\/\/www.lisac-lisac.si\/knjigarna\/wp-content\/uploads\/2023\/12\/voucher_100.jpg\",\"datePublished\":\"2023-12-11T15:00:20+00:00\",\"dateModified\":\"2023-12-31T01:09:26+00:00\",\"breadcrumb\":{\"@id\":\"https:\/\/www.lisac-lisac.si\/knjigarna\/prirocniki\/darilni-voucher-prirocniki\/voucher-100\/#breadcrumb\"},\"inLanguage\":\"sl-SI\",\"potentialAction\":[{\"@type\":\"ReadAction\",\"target\":[\"https:\/\/www.lisac-lisac.si\/knjigarna\/prirocniki\/darilni-voucher-prirocniki\/voucher-100\/\"]}]},{\"@type\":\"ImageObject\",\"inLanguage\":\"sl-SI\",\"@id\":\"https:\/\/www.lisac-lisac.si\/knjigarna\/prirocniki\/darilni-voucher-prirocniki\/voucher-100\/#primaryimage\",\"url\":\"https:\/\/www.lisac-lisac.si\/knjigarna\/wp-content\/uploads\/2023\/12\/voucher_100.jpg\",\"contentUrl\":\"https:\/\/www.lisac-lisac.si\/knjigarna\/wp-content\/uploads\/2023\/12\/voucher_100.jpg\",\"width\":898,\"height\":1264},{\"@type\":\"BreadcrumbList\",\"@id\":\"https:\/\/www.lisac-lisac.si\/knjigarna\/prirocniki\/darilni-voucher-prirocniki\/voucher-100\/#breadcrumb\",\"itemListElement\":[{\"@type\":\"ListItem\",\"position\":1,\"name\":\"Domov\",\"item\":\"https:\/\/www.lisac-lisac.si\/knjigarna\/\"},{\"@type\":\"ListItem\",\"position\":2,\"name\":\"Knjigarna\",\"item\":\"https:\/\/www.lisac-lisac.si\/knjigarna\/knjigarna\/\"},{\"@type\":\"ListItem\",\"position\":3,\"name\":\"Voucher &#8211; 100\"}]},{\"@type\":\"WebSite\",\"@id\":\"https:\/\/www.lisac-lisac.si\/knjigarna\/#website\",\"url\":\"https:\/\/www.lisac-lisac.si\/knjigarna\/\",\"name\":\"Lisac-lisac.si\",\"description\":\"Knjige in seminarji za podjetnike.\",\"potentialAction\":[{\"@type\":\"SearchAction\",\"target\":{\"@type\":\"EntryPoint\",\"urlTemplate\":\"https:\/\/www.lisac-lisac.si\/knjigarna\/?s={search_term_string}\"},\"query-input\":\"required name=search_term_string\"}],\"inLanguage\":\"sl-SI\"}]}<\/script>\n<!-- \/ Yoast SEO plugin. -->","yoast_head_json":{"title":"Voucher - 100 - Lisac-lisac.si","robots":{"index":"noindex","follow":"follow","max-snippet":"max-snippet:-1","max-image-preview":"max-image-preview:large","max-video-preview":"max-video-preview:-1"},"og_locale":"sl_SI","og_type":"article","og_title":"Voucher - 100 - Lisac-lisac.si","og_description":"Voucher v vrednosti 100 EUR ob pla\u010dilu zgolj 75 EUR. Poleg\u00a0 voucherja vam podarimo tudi uspe\u0161nico - namizno igro Firma kids.\u00a0  Ne odla\u0161ajte, podarite darilo, ki bo navdu\u0161ilo in obogatilo \u017eivljenje va\u0161ih najdra\u017ejih ali poslovnih partnerjev. Nakup darilnega bona je enostaven, u\u017eivanje v literaturi in izobra\u017eevanjih v \u017eivo ali on-line.  Izbirate lahko med knjigami za osebnostno rast, marketing in prodajo ter izobra\u017eevalnimi programi na podro\u010dju marketinga, prodaje, komunikacije in podjetni\u0161tva.  Voucher je prenosljiv. Kupi\u00a0 ga lahko tako fizi\u010dna kot pravna oseba.\u00a0 Uporabite ga lahko za vse storitve in izdelke podjetja Lisac &amp; Lisac.  &nbsp;","og_url":"https:\/\/www.lisac-lisac.si\/knjigarna\/prirocniki\/darilni-voucher-prirocniki\/voucher-100\/","og_site_name":"Lisac-lisac.si","article_modified_time":"2023-12-31T01:09:26+00:00","og_image":[{"width":898,"height":1264,"url":"https:\/\/www.lisac-lisac.si\/knjigarna\/wp-content\/uploads\/2023\/12\/voucher_100.jpg","type":"image\/jpeg"}],"twitter_card":"summary_large_image","twitter_misc":{"Est. reading time":"5 minut"},"schema":{"@context":"https:\/\/schema.org","@graph":[{"@type":"WebPage","@id":"https:\/\/www.lisac-lisac.si\/knjigarna\/prirocniki\/darilni-voucher-prirocniki\/voucher-100\/","url":"https:\/\/www.lisac-lisac.si\/knjigarna\/prirocniki\/darilni-voucher-prirocniki\/voucher-100\/","name":"Voucher - 100 - Lisac-lisac.si","isPartOf":{"@id":"https:\/\/www.lisac-lisac.si\/knjigarna\/#website"},"primaryImageOfPage":{"@id":"https:\/\/www.lisac-lisac.si\/knjigarna\/prirocniki\/darilni-voucher-prirocniki\/voucher-100\/#primaryimage"},"image":{"@id":"https:\/\/www.lisac-lisac.si\/knjigarna\/prirocniki\/darilni-voucher-prirocniki\/voucher-100\/#primaryimage"},"thumbnailUrl":"https:\/\/www.lisac-lisac.si\/knjigarna\/wp-content\/uploads\/2023\/12\/voucher_100.jpg","datePublished":"2023-12-11T15:00:20+00:00","dateModified":"2023-12-31T01:09:26+00:00","breadcrumb":{"@id":"https:\/\/www.lisac-lisac.si\/knjigarna\/prirocniki\/darilni-voucher-prirocniki\/voucher-100\/#breadcrumb"},"inLanguage":"sl-SI","potentialAction":[{"@type":"ReadAction","target":["https:\/\/www.lisac-lisac.si\/knjigarna\/prirocniki\/darilni-voucher-prirocniki\/voucher-100\/"]}]},{"@type":"ImageObject","inLanguage":"sl-SI","@id":"https:\/\/www.lisac-lisac.si\/knjigarna\/prirocniki\/darilni-voucher-prirocniki\/voucher-100\/#primaryimage","url":"https:\/\/www.lisac-lisac.si\/knjigarna\/wp-content\/uploads\/2023\/12\/voucher_100.jpg","contentUrl":"https:\/\/www.lisac-lisac.si\/knjigarna\/wp-content\/uploads\/2023\/12\/voucher_100.jpg","width":898,"height":1264},{"@type":"BreadcrumbList","@id":"https:\/\/www.lisac-lisac.si\/knjigarna\/prirocniki\/darilni-voucher-prirocniki\/voucher-100\/#breadcrumb","itemListElement":[{"@type":"ListItem","position":1,"name":"Domov","item":"https:\/\/www.lisac-lisac.si\/knjigarna\/"},{"@type":"ListItem","position":2,"name":"Knjigarna","item":"https:\/\/www.lisac-lisac.si\/knjigarna\/knjigarna\/"},{"@type":"ListItem","position":3,"name":"Voucher &#8211; 100"}]},{"@type":"WebSite","@id":"https:\/\/www.lisac-lisac.si\/knjigarna\/#website","url":"https:\/\/www.lisac-lisac.si\/knjigarna\/","name":"Lisac-lisac.si","description":"Knjige in seminarji za podjetnike.","potentialAction":[{"@type":"SearchAction","target":{"@type":"EntryPoint","urlTemplate":"https:\/\/www.lisac-lisac.si\/knjigarna\/?s={search_term_string}"},"query-input":"required name=search_term_string"}],"inLanguage":"sl-SI"}]}},"_links":{"self":[{"href":"https:\/\/www.lisac-lisac.si\/knjigarna\/wp-json\/wp\/v2\/product\/2436","targetHints":{"allow":["GET"]}}],"collection":[{"href":"https:\/\/www.lisac-lisac.si\/knjigarna\/wp-json\/wp\/v2\/product"}],"about":[{"href":"https:\/\/www.lisac-lisac.si\/knjigarna\/wp-json\/wp\/v2\/types\/product"}],"replies":[{"embeddable":true,"href":"https:\/\/www.lisac-lisac.si\/knjigarna\/wp-json\/wp\/v2\/comments?post=2436"}],"wp:featuredmedia":[{"embeddable":true,"href":"https:\/\/www.lisac-lisac.si\/knjigarna\/wp-json\/wp\/v2\/media\/2437"}],"wp:attachment":[{"href":"https:\/\/www.lisac-lisac.si\/knjigarna\/wp-json\/wp\/v2\/media?parent=2436"}],"wp:term":[{"taxonomy":"product_cat","embeddable":true,"href":"https:\/\/www.lisac-lisac.si\/knjigarna\/wp-json\/wp\/v2\/product_cat?post=2436"},{"taxonomy":"product_tag","embeddable":true,"href":"https:\/\/www.lisac-lisac.si\/knjigarna\/wp-json\/wp\/v2\/product_tag?post=2436"}],"curies":[{"name":"wp","href":"https:\/\/api.w.org\/{rel}","templated":true}]}}