

{"id":2467,"date":"2024-08-03T17:58:02","date_gmt":"2024-08-03T15:58:02","guid":{"rendered":"https:\/\/www.lisac-lisac.si\/knjigarna\/?post_type=product&#038;p=2467"},"modified":"2024-08-03T19:21:50","modified_gmt":"2024-08-03T17:21:50","slug":"narobe-svet","status":"publish","type":"product","link":"https:\/\/www.lisac-lisac.si\/knjigarna\/prirocniki\/narobe-svet\/","title":{"rendered":"Narobe svet"},"content":{"rendered":"<p>Ko zlorabljene vselitve prevladajo nad zakonitimi lastniki stanovanj; ko se za nelegitimnega imigranta porabi ve\u010d denarja kot za minimalno pokojnino na\u0161ega sonarodnjaka; ko te zaradi obrambe pred delinkventom, ki ti vdre v hi\u0161o, sodno preganjajo; ko smo prisiljeni upo\u0161tevati kar najstro\u017eje in najdra\u017eje ukrepe proti onesna\u017eevanju, glavni proizvajalci plinov, ki povzro\u010dajo spreminjanje podnebja, pa se na to po\u017evi\u017egajo in bogatijo \u0161e<br \/>\nnaprej; ko se mesta spreminjajo v kraje za dobro situirane samske ljudi in alternativce, medtem ko so jih delavci in dru\u017eine prisiljeni zapu\u0161\u010dati; ko postane diskriminatorno, nelagodno in izklju\u010dujo\u010de, \u010de se nekdo opredeli kot o\u010de ali mati, ker s tem u\u017eali nekoga, ki to ni; ko obstaja glasen klic po sprejetju vedno ve\u010d razli\u010dnih pravic, ne da bi zagotovili enako gosto paleto dol\u017enosti; ko se ne ve ve\u010d, kako imenovati osebo druge barve polti, ker se vsak pridevnik, ki ozna\u010duje njeno evidentno barvo ko\u017ee, razume kot \u017ealjivka; ko v baru sre\u010duje\u0161 ljudi, ki imajo na povodcu v roza pla\u0161\u010dke oble\u010dene pra\u0161i\u010dke \u2026 mnogi to stanje imenujejo civilizacija in napredek.<\/p>\n<p>Ta knjiga je posve\u010dena vsem drugim.<\/p>\n<p>Format: 15x21cm (A5), mehke platnice platnice; 242 strani<\/p>\n<p><strong>O avtorju:\u00a0<\/strong> Roberto Vannacci je general italijanske vojske, specialnih padalskih enot, ki je velik del svoje profesionalne kariere pre\u017eivel na mednarodnih operacijah in misijah<br \/>\nna konfliktnih obmo\u010djih med Afriko, Balkanom in Srednjim vzhodom. V knjigi, ki odpira aktualne, delikatne in ob\u010dutljive teme, nam razkriva svojo osebno izku\u0161njo, o\u010darljivo dozorelo v oddaljenih in zapu\u0161\u010denih krajih, v<br \/>\nokoli\u0161\u010dinah, v katerih so za sprejem pogosto drasti\u010dno pomembnih odlo\u010ditev odlo\u010dilne tiso\u010dinke sekunde.<\/p>\n<p>&nbsp;<\/p>\n","protected":false},"excerpt":{"rendered":"<p>Zdrava pamet je osrednji koncept pri\u010dujo\u010de knjige. Prvo vpra\u0161anje, ki si ga bralec lahko zastavi ob pogledu na naslov, je, kaj je narobe, s \u010dim je v nasprotju ta svet, kaj je narobe.<\/p>\n","protected":false},"featured_media":2468,"comment_status":"open","ping_status":"closed","template":"","meta":[],"product_cat":[106],"product_tag":[],"class_list":{"0":"post-2467","1":"product","2":"type-product","3":"status-publish","4":"has-post-thumbnail","6":"product_cat-prirocniki","8":"first","9":"instock","10":"taxable","11":"shipping-taxable","12":"purchasable","13":"product-type-simple"},"yoast_head":"<!-- This site is optimized with the Yoast SEO plugin v23.2 - https:\/\/yoast.com\/wordpress\/plugins\/seo\/ -->\n<title>Narobe svet - Lisac-lisac.si<\/title>\n<meta name=\"robots\" content=\"noindex, follow, max-snippet:-1, max-image-preview:large, max-video-preview:-1\" \/>\n<meta property=\"og:locale\" content=\"sl_SI\" \/>\n<meta property=\"og:type\" content=\"article\" \/>\n<meta property=\"og:title\" content=\"Narobe svet - Lisac-lisac.si\" \/>\n<meta property=\"og:description\" content=\"Zdrava pamet je osrednji koncept pri\u010dujo\u010de knjige. Prvo vpra\u0161anje, ki si ga bralec lahko zastavi ob pogledu na naslov, je, kaj je narobe, s \u010dim je v nasprotju ta svet, kaj je narobe.\" \/>\n<meta property=\"og:url\" content=\"https:\/\/www.lisac-lisac.si\/knjigarna\/prirocniki\/narobe-svet\/\" \/>\n<meta property=\"og:site_name\" content=\"Lisac-lisac.si\" \/>\n<meta property=\"article:modified_time\" content=\"2024-08-03T17:21:50+00:00\" \/>\n<meta property=\"og:image\" content=\"https:\/\/www.lisac-lisac.si\/knjigarna\/wp-content\/uploads\/2024\/08\/Narobe_svet_prva.jpg\" \/>\n\t<meta property=\"og:image:width\" content=\"647\" \/>\n\t<meta property=\"og:image:height\" content=\"875\" \/>\n\t<meta property=\"og:image:type\" content=\"image\/jpeg\" \/>\n<meta name=\"twitter:card\" content=\"summary_large_image\" \/>\n<meta name=\"twitter:label1\" content=\"Est. reading time\" \/>\n\t<meta name=\"twitter:data1\" content=\"5 minut\" \/>\n<script type=\"application\/ld+json\" class=\"yoast-schema-graph\">{\"@context\":\"https:\/\/schema.org\",\"@graph\":[{\"@type\":\"WebPage\",\"@id\":\"https:\/\/www.lisac-lisac.si\/knjigarna\/prirocniki\/narobe-svet\/\",\"url\":\"https:\/\/www.lisac-lisac.si\/knjigarna\/prirocniki\/narobe-svet\/\",\"name\":\"Narobe svet - Lisac-lisac.si\",\"isPartOf\":{\"@id\":\"https:\/\/www.lisac-lisac.si\/knjigarna\/#website\"},\"primaryImageOfPage\":{\"@id\":\"https:\/\/www.lisac-lisac.si\/knjigarna\/prirocniki\/narobe-svet\/#primaryimage\"},\"image\":{\"@id\":\"https:\/\/www.lisac-lisac.si\/knjigarna\/prirocniki\/narobe-svet\/#primaryimage\"},\"thumbnailUrl\":\"https:\/\/www.lisac-lisac.si\/knjigarna\/wp-content\/uploads\/2024\/08\/Narobe_svet_prva.jpg\",\"datePublished\":\"2024-08-03T15:58:02+00:00\",\"dateModified\":\"2024-08-03T17:21:50+00:00\",\"breadcrumb\":{\"@id\":\"https:\/\/www.lisac-lisac.si\/knjigarna\/prirocniki\/narobe-svet\/#breadcrumb\"},\"inLanguage\":\"sl-SI\",\"potentialAction\":[{\"@type\":\"ReadAction\",\"target\":[\"https:\/\/www.lisac-lisac.si\/knjigarna\/prirocniki\/narobe-svet\/\"]}]},{\"@type\":\"ImageObject\",\"inLanguage\":\"sl-SI\",\"@id\":\"https:\/\/www.lisac-lisac.si\/knjigarna\/prirocniki\/narobe-svet\/#primaryimage\",\"url\":\"https:\/\/www.lisac-lisac.si\/knjigarna\/wp-content\/uploads\/2024\/08\/Narobe_svet_prva.jpg\",\"contentUrl\":\"https:\/\/www.lisac-lisac.si\/knjigarna\/wp-content\/uploads\/2024\/08\/Narobe_svet_prva.jpg\",\"width\":647,\"height\":875},{\"@type\":\"BreadcrumbList\",\"@id\":\"https:\/\/www.lisac-lisac.si\/knjigarna\/prirocniki\/narobe-svet\/#breadcrumb\",\"itemListElement\":[{\"@type\":\"ListItem\",\"position\":1,\"name\":\"Domov\",\"item\":\"https:\/\/www.lisac-lisac.si\/knjigarna\/\"},{\"@type\":\"ListItem\",\"position\":2,\"name\":\"Knjigarna\",\"item\":\"https:\/\/www.lisac-lisac.si\/knjigarna\/knjigarna\/\"},{\"@type\":\"ListItem\",\"position\":3,\"name\":\"Narobe svet\"}]},{\"@type\":\"WebSite\",\"@id\":\"https:\/\/www.lisac-lisac.si\/knjigarna\/#website\",\"url\":\"https:\/\/www.lisac-lisac.si\/knjigarna\/\",\"name\":\"Lisac-lisac.si\",\"description\":\"Knjige in seminarji za podjetnike.\",\"potentialAction\":[{\"@type\":\"SearchAction\",\"target\":{\"@type\":\"EntryPoint\",\"urlTemplate\":\"https:\/\/www.lisac-lisac.si\/knjigarna\/?s={search_term_string}\"},\"query-input\":\"required name=search_term_string\"}],\"inLanguage\":\"sl-SI\"}]}<\/script>\n<!-- \/ Yoast SEO plugin. -->","yoast_head_json":{"title":"Narobe svet - Lisac-lisac.si","robots":{"index":"noindex","follow":"follow","max-snippet":"max-snippet:-1","max-image-preview":"max-image-preview:large","max-video-preview":"max-video-preview:-1"},"og_locale":"sl_SI","og_type":"article","og_title":"Narobe svet - Lisac-lisac.si","og_description":"Zdrava pamet je osrednji koncept pri\u010dujo\u010de knjige. Prvo vpra\u0161anje, ki si ga bralec lahko zastavi ob pogledu na naslov, je, kaj je narobe, s \u010dim je v nasprotju ta svet, kaj je narobe.","og_url":"https:\/\/www.lisac-lisac.si\/knjigarna\/prirocniki\/narobe-svet\/","og_site_name":"Lisac-lisac.si","article_modified_time":"2024-08-03T17:21:50+00:00","og_image":[{"width":647,"height":875,"url":"https:\/\/www.lisac-lisac.si\/knjigarna\/wp-content\/uploads\/2024\/08\/Narobe_svet_prva.jpg","type":"image\/jpeg"}],"twitter_card":"summary_large_image","twitter_misc":{"Est. reading time":"5 minut"},"schema":{"@context":"https:\/\/schema.org","@graph":[{"@type":"WebPage","@id":"https:\/\/www.lisac-lisac.si\/knjigarna\/prirocniki\/narobe-svet\/","url":"https:\/\/www.lisac-lisac.si\/knjigarna\/prirocniki\/narobe-svet\/","name":"Narobe svet - Lisac-lisac.si","isPartOf":{"@id":"https:\/\/www.lisac-lisac.si\/knjigarna\/#website"},"primaryImageOfPage":{"@id":"https:\/\/www.lisac-lisac.si\/knjigarna\/prirocniki\/narobe-svet\/#primaryimage"},"image":{"@id":"https:\/\/www.lisac-lisac.si\/knjigarna\/prirocniki\/narobe-svet\/#primaryimage"},"thumbnailUrl":"https:\/\/www.lisac-lisac.si\/knjigarna\/wp-content\/uploads\/2024\/08\/Narobe_svet_prva.jpg","datePublished":"2024-08-03T15:58:02+00:00","dateModified":"2024-08-03T17:21:50+00:00","breadcrumb":{"@id":"https:\/\/www.lisac-lisac.si\/knjigarna\/prirocniki\/narobe-svet\/#breadcrumb"},"inLanguage":"sl-SI","potentialAction":[{"@type":"ReadAction","target":["https:\/\/www.lisac-lisac.si\/knjigarna\/prirocniki\/narobe-svet\/"]}]},{"@type":"ImageObject","inLanguage":"sl-SI","@id":"https:\/\/www.lisac-lisac.si\/knjigarna\/prirocniki\/narobe-svet\/#primaryimage","url":"https:\/\/www.lisac-lisac.si\/knjigarna\/wp-content\/uploads\/2024\/08\/Narobe_svet_prva.jpg","contentUrl":"https:\/\/www.lisac-lisac.si\/knjigarna\/wp-content\/uploads\/2024\/08\/Narobe_svet_prva.jpg","width":647,"height":875},{"@type":"BreadcrumbList","@id":"https:\/\/www.lisac-lisac.si\/knjigarna\/prirocniki\/narobe-svet\/#breadcrumb","itemListElement":[{"@type":"ListItem","position":1,"name":"Domov","item":"https:\/\/www.lisac-lisac.si\/knjigarna\/"},{"@type":"ListItem","position":2,"name":"Knjigarna","item":"https:\/\/www.lisac-lisac.si\/knjigarna\/knjigarna\/"},{"@type":"ListItem","position":3,"name":"Narobe svet"}]},{"@type":"WebSite","@id":"https:\/\/www.lisac-lisac.si\/knjigarna\/#website","url":"https:\/\/www.lisac-lisac.si\/knjigarna\/","name":"Lisac-lisac.si","description":"Knjige in seminarji za podjetnike.","potentialAction":[{"@type":"SearchAction","target":{"@type":"EntryPoint","urlTemplate":"https:\/\/www.lisac-lisac.si\/knjigarna\/?s={search_term_string}"},"query-input":"required name=search_term_string"}],"inLanguage":"sl-SI"}]}},"_links":{"self":[{"href":"https:\/\/www.lisac-lisac.si\/knjigarna\/wp-json\/wp\/v2\/product\/2467","targetHints":{"allow":["GET"]}}],"collection":[{"href":"https:\/\/www.lisac-lisac.si\/knjigarna\/wp-json\/wp\/v2\/product"}],"about":[{"href":"https:\/\/www.lisac-lisac.si\/knjigarna\/wp-json\/wp\/v2\/types\/product"}],"replies":[{"embeddable":true,"href":"https:\/\/www.lisac-lisac.si\/knjigarna\/wp-json\/wp\/v2\/comments?post=2467"}],"wp:featuredmedia":[{"embeddable":true,"href":"https:\/\/www.lisac-lisac.si\/knjigarna\/wp-json\/wp\/v2\/media\/2468"}],"wp:attachment":[{"href":"https:\/\/www.lisac-lisac.si\/knjigarna\/wp-json\/wp\/v2\/media?parent=2467"}],"wp:term":[{"taxonomy":"product_cat","embeddable":true,"href":"https:\/\/www.lisac-lisac.si\/knjigarna\/wp-json\/wp\/v2\/product_cat?post=2467"},{"taxonomy":"product_tag","embeddable":true,"href":"https:\/\/www.lisac-lisac.si\/knjigarna\/wp-json\/wp\/v2\/product_tag?post=2467"}],"curies":[{"name":"wp","href":"https:\/\/api.w.org\/{rel}","templated":true}]}}